{"id":70089,"date":"2020-03-26T16:01:13","date_gmt":"2020-03-26T15:01:13","guid":{"rendered":"https:\/\/internetrepublica.com\/?page_id=70089"},"modified":"2020-05-29T13:21:22","modified_gmt":"2020-05-29T11:21:22","slug":"clases-de-yoga-internet-republica","status":"publish","type":"page","link":"https:\/\/internetrepublica.com\/blog\/clases-de-yoga-internet-republica\/","title":{"rendered":"Clases de Yoga Internet Rep\u00fablica"},"content":{"rendered":"<div class=\"wpb-content-wrapper\"><p>[vc_row css_animation=&#8221;&#8221; row_type=&#8221;row&#8221; use_row_as_full_screen_section=&#8221;no&#8221; type=&#8221;full_width&#8221; angled_section=&#8221;no&#8221; text_align=&#8221;left&#8221; background_image_as_pattern=&#8221;without_pattern&#8221;][vc_column][vc_column_text]<\/p>\n<div style=\"text-align: center;\">\n<div><strong>En estos d\u00edas complicados en que pasamos todo el d\u00eda en casa, es importante seguir activos y practicar actividades juntos, aunque sea en la distancia. Desde Internet Rep\u00fablica queremos aportar nuestro granito de arena ofreciendo<\/strong><strong>\u00a0a nuestros empleados, clientes y amigos clases de yoga online y en directo, de lunes a viernes, a las 18:15 horas.\u00a0<\/strong><\/div>\n<div><\/div>\n<p><strong>Puedes seguirlas cada d\u00eda en este video<\/strong><\/p>\n<\/div>\n<div>\n<p>&nbsp;<\/p>\n<\/div>\n<p style=\"text-align: center;\">(Por favor, pon el v\u00eddeo en pantalla completa cuando comience la clase para poder seguirla mejor)<\/p>\n<p>[\/vc_column_text][vc_empty_space][\/vc_column][\/vc_row][vc_row css_animation=&#8221;&#8221; row_type=&#8221;row&#8221; use_row_as_full_screen_section=&#8221;no&#8221; type=&#8221;grid&#8221; angled_section=&#8221;no&#8221; text_align=&#8221;left&#8221; background_image_as_pattern=&#8221;without_pattern&#8221; z_index=&#8221;&#8221;][vc_column][vc_raw_html]JTNDY2VudGVyJTNFJTNDaWZyYW1lJTIwd2lkdGglM0QlMjI1NjAlMjIlMjBoZWlnaHQlM0QlMjIzMTUlMjIlMjBzcmMlM0QlMjJodHRwcyUzQSUyRiUyRnd3dy55b3V0dWJlLmNvbSUyRmVtYmVkJTJGVmtvT3FoX0tyQnclMEElMjIlMjBmcmFtZWJvcmRlciUzRCUyMjAlMjIlMjBhbGxvdyUzRCUyMmFjY2VsZXJvbWV0ZXIlM0IlMjBhdXRvcGxheSUzQiUyMGVuY3J5cHRlZC1tZWRpYSUzQiUyMGd5cm9zY29wZSUzQiUyMHBpY3R1cmUtaW4tcGljdHVyZSUyMiUyMGFsbG93ZnVsbHNjcmVlbiUzRSUzQyUyRmlmcmFtZSUzRSUzQyUyRmNlbnRlciUzRQ==[\/vc_raw_html][\/vc_column][\/vc_row][vc_row css_animation=&#8221;&#8221; row_type=&#8221;row&#8221; use_row_as_full_screen_section=&#8221;no&#8221; type=&#8221;grid&#8221; angled_section=&#8221;no&#8221; text_align=&#8221;left&#8221; background_image_as_pattern=&#8221;without_pattern&#8221; z_index=&#8221;&#8221; css=&#8221;.vc_custom_1585660858094{margin-top: 50px !important;margin-bottom: 50px !important;padding-top: 50px !important;padding-right: 50px !important;padding-bottom: 50px !important;padding-left: 50px !important;background-color: #f2f2f2 !important;}&#8221;][vc_column width=&#8221;1\/2&#8243; css=&#8221;.vc_custom_1585660884322{padding-top: 30px !important;padding-right: 30px !important;padding-bottom: 30px !important;padding-left: 30px !important;}&#8221;][vc_column_text]<\/p>\n<p style=\"font-size: 25px; color: #c20c5f;\">Antes de la pr\u00e1ctica:<\/p>\n<ol>\n<li dir=\"ltr\">\n<p dir=\"ltr\">Procura no ingerir alimentos al menos 2 horas antes de la clase. El Yoga es una pr\u00e1ctica que debe realizarse en ayunas pues las posturas demandan el incremento de sangre hacia nuestras extremidades; comer justo antes puede hacer que la digesti\u00f3n se corte y te sientas mal durante la clase.<\/p>\n<\/li>\n<li dir=\"ltr\">\n<p dir=\"ltr\">Hidr\u00e1tate lo suficiente. Bebe agua, o la infusi\u00f3n de tu preferencia, de forma que puedas realizar la pr\u00e1ctica sin necesidad de beber agua durante la misma. Al terminar la clase procura re-hidratarte, preferiblemente con agua o infusi\u00f3n a temperatura ambiente.<\/p>\n<\/li>\n<li dir=\"ltr\">\n<p dir=\"ltr\">Utiliza ropa c\u00f3moda que te permita transpirar libremente y realizar las posturas correctamente.<\/p>\n<\/li>\n<\/ol>\n<div><\/div>\n<p>[\/vc_column_text][\/vc_column][vc_column width=&#8221;1\/2&#8243; css=&#8221;.vc_custom_1585660891971{padding-top: 30px !important;padding-right: 30px !important;padding-bottom: 30px !important;padding-left: 30px !important;}&#8221;][vc_column_text]<\/p>\n<p style=\"font-size: 25px; color: #c20c5f;\">Durante la pr\u00e1ctica:<\/p>\n<ol>\n<li dir=\"ltr\">\n<p dir=\"ltr\">Trata de ser puntual.<\/p>\n<\/li>\n<li dir=\"ltr\">\n<p dir=\"ltr\">Mant\u00e9n alejados los pensamientos negativos y trata de concentrarte en la pr\u00e1ctica.<\/p>\n<\/li>\n<li dir=\"ltr\">\n<p dir=\"ltr\">Escucha tu cuerpo. Practicar Yoga no debe ser doloroso; recuerda que todas las personas somos diferentes y la flexibilidad depende tanto de la pr\u00e1ctica como de las condiciones m\u00fasculo-esquel\u00e9ticas.<\/p>\n<\/li>\n<li dir=\"ltr\">\n<p dir=\"ltr\">Disfruta de la clase. Piensa que es tu momento del d\u00eda para desconectarte del mundo exterior y cultivar tu mundo interior, aprov\u00e9chalo al m\u00e1ximo!<\/p>\n<\/li>\n<\/ol>\n<p>[\/vc_column_text][\/vc_column][\/vc_row]<\/p>\n<\/div>","protected":false},"excerpt":{"rendered":"<p>[vc_row css_animation=&#8221;&#8221; row_type=&#8221;row&#8221; use_row_as_full_screen_section=&#8221;no&#8221; type=&#8221;full_width&#8221; angled_section=&#8221;no&#8221; text_align=&#8221;left&#8221; background_image_as_pattern=&#8221;without_pattern&#8221;][vc_column][vc_column_text] En estos d\u00edas complicados en que pasamos todo el d\u00eda en casa, es importante seguir activos y&#8230;<\/p>\n","protected":false},"author":1,"featured_media":70204,"parent":0,"menu_order":0,"comment_status":"closed","ping_status":"closed","template":"","meta":{"content-type":"","inline_featured_image":false,"footnotes":""},"class_list":["post-70089","page","type-page","status-publish","has-post-thumbnail","hentry"],"yoast_head":"<!-- This site is optimized with the Yoast SEO plugin v27.2 - https:\/\/yoast.com\/product\/yoast-seo-wordpress\/ -->\n<title>Clases de Yoga Internet Rep\u00fablica - Internet Rep\u00fablica<\/title>\n<meta name=\"description\" content=\"En estos d\u00edas complicados en que pasamos todo el d\u00eda en casa, es importante seguir activos y practicar actividades juntos, aunque sea en la distancia.\" \/>\n<meta name=\"robots\" content=\"index, follow, max-snippet:-1, max-image-preview:large, max-video-preview:-1\" \/>\n<link rel=\"canonical\" href=\"https:\/\/internetrepublica.com\/blog\/clases-de-yoga-internet-republica\/\" \/>\n<meta property=\"og:locale\" content=\"es_ES\" \/>\n<meta property=\"og:type\" content=\"article\" \/>\n<meta property=\"og:title\" content=\"Clases de Yoga Internet Rep\u00fablica - Internet Rep\u00fablica\" \/>\n<meta property=\"og:description\" content=\"En estos d\u00edas complicados en que pasamos todo el d\u00eda en casa, es importante seguir activos y practicar actividades juntos, aunque sea en la distancia.\" \/>\n<meta property=\"og:url\" content=\"https:\/\/internetrepublica.com\/blog\/clases-de-yoga-internet-republica\/\" \/>\n<meta property=\"og:site_name\" content=\"Internet Rep\u00fablica\" \/>\n<meta property=\"article:modified_time\" content=\"2020-05-29T11:21:22+00:00\" \/>\n<meta property=\"og:image\" content=\"https:\/\/internetrepublica.com\/blog\/wp-content\/uploads\/2020\/03\/1024x512.png\" \/>\n\t<meta property=\"og:image:width\" content=\"1024\" \/>\n\t<meta property=\"og:image:height\" content=\"512\" \/>\n\t<meta property=\"og:image:type\" content=\"image\/png\" \/>\n<meta name=\"twitter:card\" content=\"summary_large_image\" \/>\n<meta name=\"twitter:label1\" content=\"Tiempo de lectura\" \/>\n\t<meta name=\"twitter:data1\" content=\"3 minutos\" \/>\n<script type=\"application\/ld+json\" class=\"yoast-schema-graph\">{\"@context\":\"https:\/\/schema.org\",\"@graph\":[{\"@type\":\"WebPage\",\"@id\":\"https:\/\/internetrepublica.com\/blog\/clases-de-yoga-internet-republica\/\",\"url\":\"https:\/\/internetrepublica.com\/blog\/clases-de-yoga-internet-republica\/\",\"name\":\"Clases de Yoga Internet Rep\u00fablica - Internet Rep\u00fablica\",\"isPartOf\":{\"@id\":\"https:\/\/internetrepublica.com\/blog\/#website\"},\"primaryImageOfPage\":{\"@id\":\"https:\/\/internetrepublica.com\/blog\/clases-de-yoga-internet-republica\/#primaryimage\"},\"image\":{\"@id\":\"https:\/\/internetrepublica.com\/blog\/clases-de-yoga-internet-republica\/#primaryimage\"},\"thumbnailUrl\":\"https:\/\/internetrepublica.com\/blog\/wp-content\/uploads\/2020\/03\/1024x512.png\",\"datePublished\":\"2020-03-26T15:01:13+00:00\",\"dateModified\":\"2020-05-29T11:21:22+00:00\",\"description\":\"En estos d\u00edas complicados en que pasamos todo el d\u00eda en casa, es importante seguir activos y practicar actividades juntos, aunque sea en la distancia.\",\"breadcrumb\":{\"@id\":\"https:\/\/internetrepublica.com\/blog\/clases-de-yoga-internet-republica\/#breadcrumb\"},\"inLanguage\":\"es\",\"potentialAction\":[{\"@type\":\"ReadAction\",\"target\":[\"https:\/\/internetrepublica.com\/blog\/clases-de-yoga-internet-republica\/\"]}]},{\"@type\":\"ImageObject\",\"inLanguage\":\"es\",\"@id\":\"https:\/\/internetrepublica.com\/blog\/clases-de-yoga-internet-republica\/#primaryimage\",\"url\":\"https:\/\/internetrepublica.com\/blog\/wp-content\/uploads\/2020\/03\/1024x512.png\",\"contentUrl\":\"https:\/\/internetrepublica.com\/blog\/wp-content\/uploads\/2020\/03\/1024x512.png\",\"width\":1024,\"height\":512},{\"@type\":\"BreadcrumbList\",\"@id\":\"https:\/\/internetrepublica.com\/blog\/clases-de-yoga-internet-republica\/#breadcrumb\",\"itemListElement\":[{\"@type\":\"ListItem\",\"position\":1,\"name\":\"Agencia Marketing Digital\",\"item\":\"https:\/\/internetrepublica.com\/blog\/\"},{\"@type\":\"ListItem\",\"position\":2,\"name\":\"Clases de Yoga Internet Rep\u00fablica\",\"item\":\"https:\/\/internetrepublica.com\/blog\/clases-de-yoga-internet-republica\/\"}]},{\"@type\":\"WebSite\",\"@id\":\"https:\/\/internetrepublica.com\/blog\/#website\",\"url\":\"https:\/\/internetrepublica.com\/blog\/\",\"name\":\"Internet Rep\u00fablica\",\"description\":\"Agencia SEO y Marketing Digital\",\"potentialAction\":[{\"@type\":\"SearchAction\",\"target\":{\"@type\":\"EntryPoint\",\"urlTemplate\":\"https:\/\/internetrepublica.com\/blog\/?s={search_term_string}\"},\"query-input\":{\"@type\":\"PropertyValueSpecification\",\"valueRequired\":true,\"valueName\":\"search_term_string\"}}],\"inLanguage\":\"es\"}]}<\/script>\n<!-- \/ Yoast SEO plugin. -->","yoast_head_json":{"title":"Clases de Yoga Internet Rep\u00fablica - Internet Rep\u00fablica","description":"En estos d\u00edas complicados en que pasamos todo el d\u00eda en casa, es importante seguir activos y practicar actividades juntos, aunque sea en la distancia.","robots":{"index":"index","follow":"follow","max-snippet":"max-snippet:-1","max-image-preview":"max-image-preview:large","max-video-preview":"max-video-preview:-1"},"canonical":"https:\/\/internetrepublica.com\/blog\/clases-de-yoga-internet-republica\/","og_locale":"es_ES","og_type":"article","og_title":"Clases de Yoga Internet Rep\u00fablica - Internet Rep\u00fablica","og_description":"En estos d\u00edas complicados en que pasamos todo el d\u00eda en casa, es importante seguir activos y practicar actividades juntos, aunque sea en la distancia.","og_url":"https:\/\/internetrepublica.com\/blog\/clases-de-yoga-internet-republica\/","og_site_name":"Internet Rep\u00fablica","article_modified_time":"2020-05-29T11:21:22+00:00","og_image":[{"width":1024,"height":512,"url":"https:\/\/internetrepublica.com\/blog\/wp-content\/uploads\/2020\/03\/1024x512.png","type":"image\/png"}],"twitter_card":"summary_large_image","twitter_misc":{"Tiempo de lectura":"3 minutos"},"schema":{"@context":"https:\/\/schema.org","@graph":[{"@type":"WebPage","@id":"https:\/\/internetrepublica.com\/blog\/clases-de-yoga-internet-republica\/","url":"https:\/\/internetrepublica.com\/blog\/clases-de-yoga-internet-republica\/","name":"Clases de Yoga Internet Rep\u00fablica - Internet Rep\u00fablica","isPartOf":{"@id":"https:\/\/internetrepublica.com\/blog\/#website"},"primaryImageOfPage":{"@id":"https:\/\/internetrepublica.com\/blog\/clases-de-yoga-internet-republica\/#primaryimage"},"image":{"@id":"https:\/\/internetrepublica.com\/blog\/clases-de-yoga-internet-republica\/#primaryimage"},"thumbnailUrl":"https:\/\/internetrepublica.com\/blog\/wp-content\/uploads\/2020\/03\/1024x512.png","datePublished":"2020-03-26T15:01:13+00:00","dateModified":"2020-05-29T11:21:22+00:00","description":"En estos d\u00edas complicados en que pasamos todo el d\u00eda en casa, es importante seguir activos y practicar actividades juntos, aunque sea en la distancia.","breadcrumb":{"@id":"https:\/\/internetrepublica.com\/blog\/clases-de-yoga-internet-republica\/#breadcrumb"},"inLanguage":"es","potentialAction":[{"@type":"ReadAction","target":["https:\/\/internetrepublica.com\/blog\/clases-de-yoga-internet-republica\/"]}]},{"@type":"ImageObject","inLanguage":"es","@id":"https:\/\/internetrepublica.com\/blog\/clases-de-yoga-internet-republica\/#primaryimage","url":"https:\/\/internetrepublica.com\/blog\/wp-content\/uploads\/2020\/03\/1024x512.png","contentUrl":"https:\/\/internetrepublica.com\/blog\/wp-content\/uploads\/2020\/03\/1024x512.png","width":1024,"height":512},{"@type":"BreadcrumbList","@id":"https:\/\/internetrepublica.com\/blog\/clases-de-yoga-internet-republica\/#breadcrumb","itemListElement":[{"@type":"ListItem","position":1,"name":"Agencia Marketing Digital","item":"https:\/\/internetrepublica.com\/blog\/"},{"@type":"ListItem","position":2,"name":"Clases de Yoga Internet Rep\u00fablica","item":"https:\/\/internetrepublica.com\/blog\/clases-de-yoga-internet-republica\/"}]},{"@type":"WebSite","@id":"https:\/\/internetrepublica.com\/blog\/#website","url":"https:\/\/internetrepublica.com\/blog\/","name":"Internet Rep\u00fablica","description":"Agencia SEO y Marketing Digital","potentialAction":[{"@type":"SearchAction","target":{"@type":"EntryPoint","urlTemplate":"https:\/\/internetrepublica.com\/blog\/?s={search_term_string}"},"query-input":{"@type":"PropertyValueSpecification","valueRequired":true,"valueName":"search_term_string"}}],"inLanguage":"es"}]}},"_links":{"self":[{"href":"https:\/\/internetrepublica.com\/blog\/wp-json\/wp\/v2\/pages\/70089","targetHints":{"allow":["GET"]}}],"collection":[{"href":"https:\/\/internetrepublica.com\/blog\/wp-json\/wp\/v2\/pages"}],"about":[{"href":"https:\/\/internetrepublica.com\/blog\/wp-json\/wp\/v2\/types\/page"}],"author":[{"embeddable":true,"href":"https:\/\/internetrepublica.com\/blog\/wp-json\/wp\/v2\/users\/1"}],"replies":[{"embeddable":true,"href":"https:\/\/internetrepublica.com\/blog\/wp-json\/wp\/v2\/comments?post=70089"}],"version-history":[{"count":58,"href":"https:\/\/internetrepublica.com\/blog\/wp-json\/wp\/v2\/pages\/70089\/revisions"}],"predecessor-version":[{"id":70471,"href":"https:\/\/internetrepublica.com\/blog\/wp-json\/wp\/v2\/pages\/70089\/revisions\/70471"}],"wp:featuredmedia":[{"embeddable":true,"href":"https:\/\/internetrepublica.com\/blog\/wp-json\/wp\/v2\/media\/70204"}],"wp:attachment":[{"href":"https:\/\/internetrepublica.com\/blog\/wp-json\/wp\/v2\/media?parent=70089"}],"curies":[{"name":"wp","href":"https:\/\/api.w.org\/{rel}","templated":true}]}}