{"id":68712,"date":"2019-04-30T00:00:00","date_gmt":"2019-04-29T22:00:00","guid":{"rendered":"https:\/\/internetrepublica.com\/fotocasa\/que-hacemos\/"},"modified":"2025-02-19T13:03:34","modified_gmt":"2025-02-19T12:03:34","slug":"servicios-marketing-digital","status":"publish","type":"page","link":"https:\/\/internetrepublica.com\/blog\/servicios-marketing-digital\/","title":{"rendered":"Servicios Marketing Digital"},"content":{"rendered":"<div class=\"wpb-content-wrapper\"><p>[vc_row css_animation=&#8221;&#8221; row_type=&#8221;row&#8221; use_row_as_full_screen_section=&#8221;no&#8221; type=&#8221;full_width&#8221; angled_section=&#8221;no&#8221; text_align=&#8221;left&#8221; background_image_as_pattern=&#8221;without_pattern&#8221; el_id=&#8221;headerService&#8221; z_index=&#8221;&#8221; css=&#8221;.vc_custom_1736951055622{padding-top: 5% !important;padding-bottom: 5% !important;}&#8221;][vc_column][vc_row_inner row_type=&#8221;row&#8221; type=&#8221;grid&#8221; text_align=&#8221;left&#8221; css_animation=&#8221;&#8221; el_id=&#8221;btnContact&#8221;][vc_column_inner][vc_column_text css=&#8221;&#8221;]<\/p>\n<h1>Servicios<br \/>\nMarketing Digital<\/h1>\n<p>[\/vc_column_text][vc_column_text css=&#8221;&#8221;]UNA AMPLIA GAMA DE SERVICIOS DIGITALES PARA TU MARCA[\/vc_column_text][vc_empty_space height=&#8221;80&#8243;][vc_raw_html css=&#8221;&#8221;]JTNDZGl2JTIwaWQlM0QlMjJ3cGNzX3RhYl83MDc4OCUyMiUyMGNsYXNzJTNEJTIyd3Bjc190YWIlMjAlMjIlMjBhcmlhLWxhYmVsJTNEJTIyQ29udGFjdG8lMjIlMjBzdHlsZSUzRCUyMm9wYWNpdHklM0ElMjAwJTNCJTIyJTNFQ29udGFjdGElMjBjb24lMjBub3NvdHJvcyUzQyUyRmRpdiUzRQ==[\/vc_raw_html][\/vc_column_inner][\/vc_row_inner][\/vc_column][\/vc_row][vc_row css_animation=&#8221;&#8221; row_type=&#8221;row&#8221; use_row_as_full_screen_section=&#8221;no&#8221; type=&#8221;grid&#8221; angled_section=&#8221;no&#8221; text_align=&#8221;left&#8221; background_image_as_pattern=&#8221;without_pattern&#8221; el_id=&#8221;QueHacemos&#8221; z_index=&#8221;&#8221;][vc_column][vc_empty_space height=&#8221;80&#8243;][vc_row_inner row_type=&#8221;row&#8221; type=&#8221;grid&#8221; text_align=&#8221;left&#8221; css_animation=&#8221;&#8221;][vc_column_inner width=&#8221;1\/3&#8243;]<div class='q_icon_with_title small normal_icon center '><div class=\"icon_holder \" style=\"margin: 30px 0 30px 0; \"><a href=\"https:\/\/internetrepublica.com\/posicionamiento-seo\/\" target=\"_self\" class=\"q_icon_link\"><span data-icon-type=\"normal\" data-icon-hover-color=\"#FF6700\" class=\"qode_iwt_icon_holder q_font_awsome_icon fa-2x  \"><i class=\"qodef-icon-linea-icon icon-basic-elaboration-browser-search qode_iwt_icon_element\" style=\"color: #ff6700\"><\/i><\/span><\/a><\/div><div class=\"icon_text_holder\" style=\"\"><div class=\"icon_text_inner\" style=\"\"><h3 class=\"icon_title\" style=\"color: #231203;font-weight: 500;\">Posicionamiento SEO<\/h3><p style='color: #231203'>Consultor\u00eda SEO para grandes empresas<\/p><a itemprop='url' class='icon_with_title_link' href='https:\/\/internetrepublica.com\/posicionamiento-seo\/' target='_self' style='color: #231203;'>SABER M\u00c1S<\/a><\/div><\/div><\/div>[vc_empty_space height=&#8221;35&#8243;]<div class='q_icon_with_title small normal_icon center '><div class=\"icon_holder \" style=\"margin: 30px 0 30px 0; \"><a href=\"https:\/\/internetrepublica.com\/reputacion-online\/\" target=\"_self\" class=\"q_icon_link\"><span data-icon-type=\"normal\" data-icon-hover-color=\"#FF6700\" class=\"qode_iwt_icon_holder q_font_awsome_icon fa-2x  \"><i class=\"qodef-icon-linea-icon icon-basic-elaboration-message-heart qode_iwt_icon_element\" style=\"color: #ff6700\"><\/i><\/span><\/a><\/div><div class=\"icon_text_holder\" style=\"\"><div class=\"icon_text_inner\" style=\"\"><h3 class=\"icon_title\" style=\"color: #231203;font-weight: 500;\">Reputaci\u00f3n online<\/h3><p style='color: #231203'>Cuidamos la imagen de tu marca en buscadores<\/p><a itemprop='url' class='icon_with_title_link' href='https:\/\/internetrepublica.com\/reputacion-online\/' target='_self' style='color: #231203;'>SABER M\u00c1S<\/a><\/div><\/div><\/div>[vc_empty_space height=&#8221;35&#8243;]<div class='q_icon_with_title small normal_icon center '><div class=\"icon_holder \" style=\"margin: 30px 0 30px 0; \"><a href=\"https:\/\/internetrepublica.com\/marketing-de-contenidos\/\" target=\"_self\" class=\"q_icon_link\"><span data-icon-type=\"normal\" data-icon-hover-color=\"#FF6700\" class=\"qode_iwt_icon_holder q_font_awsome_icon fa-2x  \"><i class=\"qodef-icon-linea-icon icon-ecommerce-megaphone qode_iwt_icon_element\" style=\"color: #ff6700\"><\/i><\/span><\/a><\/div><div class=\"icon_text_holder\" style=\"\"><div class=\"icon_text_inner\" style=\"\"><h3 class=\"icon_title\" style=\"color: #231203;font-weight: 500;\">Marketing de contenidos<\/h3><p style='color: #231203'>Creamos contenidos totalmente especializados<\/p><a itemprop='url' class='icon_with_title_link' href='https:\/\/internetrepublica.com\/marketing-de-contenidos\/' target='_self' style='color: #231203;'>SABER M\u00c1S<\/a><\/div><\/div><\/div>[\/vc_column_inner][vc_column_inner width=&#8221;1\/3&#8243;]<div class='q_icon_with_title small normal_icon center '><div class=\"icon_holder \" style=\"margin: 30px 0 30px 0; \"><a href=\"https:\/\/internetrepublica.com\/seo-sem\/\" target=\"_self\" class=\"q_icon_link\"><span data-icon-type=\"normal\" data-icon-hover-color=\"#FF6700\" class=\"qode_iwt_icon_holder q_font_awsome_icon fa-2x  \"><i class=\"qodef-icon-linea-icon icon-basic-magnifier qode_iwt_icon_element\" style=\"color: #ff6700\"><\/i><\/span><\/a><\/div><div class=\"icon_text_holder\" style=\"\"><div class=\"icon_text_inner\" style=\"\"><h3 class=\"icon_title\" style=\"color: #231203;font-weight: 500;\">SEO + SEM<\/h3><p style='color: #231203'>Con la combinaci\u00f3n SEO+SEM optimizamos tu presupuesto<\/p><a itemprop='url' class='icon_with_title_link' href='https:\/\/internetrepublica.com\/seo-sem\/' target='_self' style='color: #231203;'>SABER M\u00c1S<\/a><\/div><\/div><\/div>[vc_empty_space height=&#8221;35&#8243;]<div class='q_icon_with_title small normal_icon center '><div class=\"icon_holder \" style=\"margin: 30px 0 30px 0; \"><a href=\"https:\/\/internetrepublica.com\/estrategia-digital\/\" target=\"_self\" class=\"q_icon_link\"><span data-icon-type=\"normal\" data-icon-hover-color=\"#FF6700\" class=\"qode_iwt_icon_holder q_font_awsome_icon fa-2x  \"><i class=\"qodef-icon-linea-icon icon-basic-lightbulb qode_iwt_icon_element\" style=\"color: #ff6700\"><\/i><\/span><\/a><\/div><div class=\"icon_text_holder\" style=\"\"><div class=\"icon_text_inner\" style=\"\"><h3 class=\"icon_title\" style=\"color: #231203;font-weight: 500;\">Estrategia digital<\/h3><p style='color: #231203'>Definimos la estrategia digital para tu marca en Internet<\/p><a itemprop='url' class='icon_with_title_link' href='https:\/\/internetrepublica.com\/estrategia-digital\/' target='_self' style='color: #231203;'>SABER M\u00c1S<\/a><\/div><\/div><\/div>[vc_empty_space height=&#8221;35&#8243;]<div class='q_icon_with_title small normal_icon center '><div class=\"icon_holder \" style=\"margin: 30px 0 30px 0; \"><a href=\"https:\/\/internetrepublica.com\/infografias-online\/\" target=\"_self\" class=\"q_icon_link\"><span data-icon-type=\"normal\" data-icon-hover-color=\"#FF6700\" class=\"qode_iwt_icon_holder q_font_awsome_icon fa-2x  \"><i class=\"qodef-icon-linea-icon icon-basic-picture-multiple qode_iwt_icon_element\" style=\"color: #ff6700\"><\/i><\/span><\/a><\/div><div class=\"icon_text_holder\" style=\"\"><div class=\"icon_text_inner\" style=\"\"><h3 class=\"icon_title\" style=\"color: #231203;font-weight: 500;\">Infograf\u00edas<\/h3><p style='color: #231203'>Dise\u00f1amos y plasmamos los datos m\u00e1s relevantes<\/p><a itemprop='url' class='icon_with_title_link' href='https:\/\/internetrepublica.com\/infografias-online\/' target='_self' style='color: #231203;'>SABER M\u00c1S<\/a><\/div><\/div><\/div>[\/vc_column_inner][vc_column_inner width=&#8221;1\/3&#8243;]<div class='q_icon_with_title small normal_icon center '><div class=\"icon_holder \" style=\"margin: 30px 0 30px 0; \"><a href=\"https:\/\/internetrepublica.com\/analitica-web\/\" target=\"_self\" class=\"q_icon_link\"><span data-icon-type=\"normal\" data-icon-hover-color=\"#FF6700\" class=\"qode_iwt_icon_holder q_font_awsome_icon fa-2x  \"><i class=\"qodef-icon-linea-icon icon-ecommerce-graph-increase qode_iwt_icon_element\" style=\"color: #ff6700\"><\/i><\/span><\/a><\/div><div class=\"icon_text_holder\" style=\"\"><div class=\"icon_text_inner\" style=\"\"><h3 class=\"icon_title\" style=\"color: #231203;font-weight: 500;\">Anal\u00edtica web<\/h3><p style='color: #231203'>Te ayudamos a entender e interpretar las estad\u00edsticas<\/p><a itemprop='url' class='icon_with_title_link' href='https:\/\/internetrepublica.com\/analitica-web\/' target='_self' style='color: #231203;'>SABER M\u00c1S<\/a><\/div><\/div><\/div>[vc_empty_space height=&#8221;35&#8243;]<div class='q_icon_with_title small normal_icon center '><div class=\"icon_holder \" style=\"margin: 30px 0 30px 0; \"><a href=\"https:\/\/internetrepublica.com\/paid-media\/\" target=\"_self\" class=\"q_icon_link\"><span data-icon-type=\"normal\" data-icon-hover-color=\"#FF6700\" class=\"qode_iwt_icon_holder q_font_awsome_icon fa-2x  \"><i class=\"qodef-icon-linea-icon icon-ecommerce-money qode_iwt_icon_element\" style=\"color: #ff6700\"><\/i><\/span><\/a><\/div><div class=\"icon_text_holder\" style=\"\"><div class=\"icon_text_inner\" style=\"\"><h3 class=\"icon_title\" style=\"color: #231203;font-weight: 500;\">Paid media<\/h3><p style='color: #231203'>Configuramos campa\u00f1as destinadas a tu `target\u00b4<\/p><a itemprop='url' class='icon_with_title_link' href='https:\/\/internetrepublica.com\/paid-media\/' target='_self' style='color: #231203;'>SABER M\u00c1S<\/a><\/div><\/div><\/div>[vc_empty_space height=&#8221;35&#8243;]<div class='q_icon_with_title small normal_icon center '><div class=\"icon_holder \" style=\"margin: 30px 0 30px 0; \"><a href=\"https:\/\/internetrepublica.com\/videos-online\/\" target=\"_self\" class=\"q_icon_link\"><span data-icon-type=\"normal\" data-icon-hover-color=\"#FF6700\" class=\"qode_iwt_icon_holder q_font_awsome_icon fa-2x  \"><i class=\"qodef-icon-linea-icon icon-basic-video qode_iwt_icon_element\" style=\"color: #ff6700\"><\/i><\/span><\/a><\/div><div class=\"icon_text_holder\" style=\"\"><div class=\"icon_text_inner\" style=\"\"><h3 class=\"icon_title\" style=\"color: #231203;font-weight: 500;\">V\u00eddeos online<\/h3><p style='color: #231203'>Producimos sensaciones en vivo y en diferido<\/p><a itemprop='url' class='icon_with_title_link' href='https:\/\/internetrepublica.com\/videos-online\/' target='_self' style='color: #231203;'>SABER M\u00c1S<\/a><\/div><\/div><\/div>[\/vc_column_inner][\/vc_row_inner][vc_empty_space height=&#8221;80&#8243;][vc_row_inner row_type=&#8221;row&#8221; type=&#8221;grid&#8221; text_align=&#8221;left&#8221; css_animation=&#8221;&#8221; el_class=&#8221;hidden&#8221;][vc_column_inner width=&#8221;1\/3&#8243;][vc_raw_html css=&#8221;&#8221;]JTNDZGl2JTIwY2xhc3MlM0QlMjJxX2ljb25fd2l0aF90aXRsZSUyMHNtYWxsJTIwbm9ybWFsX2ljb24lMjBjZW50ZXIlMjAlMjIlM0UlMEElM0NkaXYlMjBjbGFzcyUzRCUyMmljb25faG9sZGVyJTIwJTIyJTIwc3R5bGUlM0QlMjJtYXJnaW4lM0ElMjAzMHB4JTIwMCUyMDMwcHglMjAwJTNCJTIyJTNFJTBBJTNDYSUyMGl0ZW1wcm9wJTNEJTIydXJsJTIyJTIwaHJlZiUzRCUyMmh0dHBzJTNBJTJGJTJGaW50ZXJuZXRyZXB1YmxpY2EuY29tJTJGcG9zaWNpb25hbWllbnRvLXNlbyUyRiUyMiUyMHRhcmdldCUzRCUyMl9zZWxmJTIyJTIwY2xhc3MlM0QlMjJxX2ljb25fbGluayUyMiUzRSUwQSUzQ3NwYW4lMjBkYXRhLWljb24tdHlwZSUzRCUyMm5vcm1hbCUyMiUyMGRhdGEtaWNvbi1ob3Zlci1jb2xvciUzRCUyMiUyM0ZGNjcwMCUyMiUyMHN0eWxlJTNEJTIyJTIyJTIwY2xhc3MlM0QlMjJxb2RlX2l3dF9pY29uX2hvbGRlciUyMHFfZm9udF9hd3NvbWVfaWNvbiUyMGZhLTJ4JTIwJTIwJTIyJTNFJTBBJTNDaSUyMGNsYXNzJTNEJTIycW9kZWYtaWNvbi1saW5lYS1pY29uJTIwaWNvbi1iYXNpYy1lbGFib3JhdGlvbi1icm93c2VyLXNlYXJjaCUyMHFvZGVfaXd0X2ljb25fZWxlbWVudCUyMiUyMHN0eWxlJTNEJTIyY29sb3IlM0ElMjAlMjNmZjY3MDAlM0IlMjIlM0UlM0MlMkZpJTNFJTBBJTNDJTJGc3BhbiUzRSUwQSUzQyUyRmElM0UlMEElM0MlMkZkaXYlM0UlMEElM0NkaXYlMjBjbGFzcyUzRCUyMmljb25fdGV4dF9ob2xkZXIlMjIlMjBzdHlsZSUzRCUyMiUyMiUzRSUwQSUzQ2RpdiUyMGNsYXNzJTNEJTIyaWNvbl90ZXh0X2lubmVyJTIyJTIwc3R5bGUlM0QlMjIlMjIlM0UlMEElM0NoMyUyMGNsYXNzJTNEJTIyaWNvbl90aXRsZSUyMiUyMHN0eWxlJTNEJTIyY29sb3IlM0ElMjAlMjMyMzEyMDMlM0Jmb250LXdlaWdodCUzQSUyMDUwMCUzQiUyMiUzRSUzQ2ElMjBocmVmJTNEJTIyaHR0cHMlM0ElMkYlMkZpbnRlcm5ldHJlcHVibGljYS5jb20lMkZwb3NpY2lvbmFtaWVudG8tc2VvJTJGJTIyJTNFUG9zaWNpb25hbWllbnRvJTIwU0VPJTNDJTJGYSUzRSUzQyUyRmgzJTNFJTBBJTNDcCUyMHN0eWxlJTNEJTIyY29sb3IlM0ElMjAlMjMyMzEyMDMlMjIlM0VDb25zdWx0b3IlQzMlQURhJTIwU0VPJTIwcGFyYSUyMGdyYW5kZXMlMjBlbXByZXNhcyUzQyUyRnAlM0UlMEElM0MlMkZkaXYlM0UlMEElM0MlMkZkaXYlM0UlMEElM0MlMkZkaXYlM0U=[\/vc_raw_html][\/vc_column_inner][vc_column_inner width=&#8221;1\/3&#8243;][\/vc_column_inner][vc_column_inner width=&#8221;1\/3&#8243;][\/vc_column_inner][\/vc_row_inner][\/vc_column][\/vc_row]<\/p>\n<\/div>","protected":false},"excerpt":{"rendered":"<p>[vc_row css_animation=&#8221;&#8221; row_type=&#8221;row&#8221; use_row_as_full_screen_section=&#8221;no&#8221; type=&#8221;full_width&#8221; angled_section=&#8221;no&#8221; text_align=&#8221;left&#8221; background_image_as_pattern=&#8221;without_pattern&#8221; el_id=&#8221;headerService&#8221; z_index=&#8221;&#8221; css=&#8221;.vc_custom_1736951055622{padding-top: 5% !important;padding-bottom: 5% !important;}&#8221;][vc_column][vc_row_inner row_type=&#8221;row&#8221; type=&#8221;grid&#8221; text_align=&#8221;left&#8221; css_animation=&#8221;&#8221; el_id=&#8221;btnContact&#8221;][vc_column_inner][vc_column_text css=&#8221;&#8221;] Servicios Marketing Digital [\/vc_column_text][vc_column_text&#8230;<\/p>\n","protected":false},"author":1,"featured_media":0,"parent":0,"menu_order":0,"comment_status":"open","ping_status":"open","template":"full_width.php","meta":{"content-type":"","inline_featured_image":false,"footnotes":""},"class_list":["post-68712","page","type-page","status-publish","hentry"],"yoast_head":"<!-- This site is optimized with the Yoast SEO plugin v27.2 - https:\/\/yoast.com\/product\/yoast-seo-wordpress\/ -->\n<title>Servicios Marketing Digital - Internet Rep\u00fablica<\/title>\n<meta name=\"description\" content=\"\u00bfQu\u00e9 hacemos? Internet Rep\u00fablica est\u00e1 especializada en SEO, SEM, Paid Media, Reputaci\u00f3n Online, Estrategia Digital, Paid Media, Dise\u00f1o, Infograf\u00edas y Video.\" \/>\n<meta name=\"robots\" content=\"index, follow, max-snippet:-1, max-image-preview:large, max-video-preview:-1\" \/>\n<link rel=\"canonical\" href=\"https:\/\/internetrepublica.com\/blog\/servicios-marketing-digital\/\" \/>\n<meta property=\"og:locale\" content=\"es_ES\" \/>\n<meta property=\"og:type\" content=\"article\" \/>\n<meta property=\"og:title\" content=\"Servicios Marketing Digital - Internet Rep\u00fablica\" \/>\n<meta property=\"og:description\" content=\"\u00bfQu\u00e9 hacemos? Internet Rep\u00fablica est\u00e1 especializada en SEO, SEM, Paid Media, Reputaci\u00f3n Online, Estrategia Digital, Paid Media, Dise\u00f1o, Infograf\u00edas y Video.\" \/>\n<meta property=\"og:url\" content=\"https:\/\/internetrepublica.com\/blog\/servicios-marketing-digital\/\" \/>\n<meta property=\"og:site_name\" content=\"Internet Rep\u00fablica\" \/>\n<meta property=\"article:modified_time\" content=\"2025-02-19T12:03:34+00:00\" \/>\n<meta property=\"og:image\" content=\"https:\/\/internetrepublica.com\/blog\/wp-content\/uploads\/2022\/05\/destacado.jpg\" \/>\n\t<meta property=\"og:image:width\" content=\"489\" \/>\n\t<meta property=\"og:image:height\" content=\"299\" \/>\n\t<meta property=\"og:image:type\" content=\"image\/jpeg\" \/>\n<meta name=\"twitter:card\" content=\"summary_large_image\" \/>\n<meta name=\"twitter:label1\" content=\"Tiempo de lectura\" \/>\n\t<meta name=\"twitter:data1\" content=\"2 minutos\" \/>\n<script type=\"application\/ld+json\" class=\"yoast-schema-graph\">{\"@context\":\"https:\/\/schema.org\",\"@graph\":[{\"@type\":\"WebPage\",\"@id\":\"https:\/\/internetrepublica.com\/blog\/servicios-marketing-digital\/\",\"url\":\"https:\/\/internetrepublica.com\/blog\/servicios-marketing-digital\/\",\"name\":\"Servicios Marketing Digital - Internet Rep\u00fablica\",\"isPartOf\":{\"@id\":\"https:\/\/internetrepublica.com\/blog\/#website\"},\"datePublished\":\"2019-04-29T22:00:00+00:00\",\"dateModified\":\"2025-02-19T12:03:34+00:00\",\"description\":\"\u00bfQu\u00e9 hacemos? Internet Rep\u00fablica est\u00e1 especializada en SEO, SEM, Paid Media, Reputaci\u00f3n Online, Estrategia Digital, Paid Media, Dise\u00f1o, Infograf\u00edas y Video.\",\"breadcrumb\":{\"@id\":\"https:\/\/internetrepublica.com\/blog\/servicios-marketing-digital\/#breadcrumb\"},\"inLanguage\":\"es\",\"potentialAction\":[{\"@type\":\"ReadAction\",\"target\":[\"https:\/\/internetrepublica.com\/blog\/servicios-marketing-digital\/\"]}]},{\"@type\":\"BreadcrumbList\",\"@id\":\"https:\/\/internetrepublica.com\/blog\/servicios-marketing-digital\/#breadcrumb\",\"itemListElement\":[{\"@type\":\"ListItem\",\"position\":1,\"name\":\"Agencia Marketing Digital\",\"item\":\"https:\/\/internetrepublica.com\/blog\/\"},{\"@type\":\"ListItem\",\"position\":2,\"name\":\"Servicios Marketing Digital\",\"item\":\"https:\/\/internetrepublica.com\/blog\/servicios-marketing-digital\/\"}]},{\"@type\":\"WebSite\",\"@id\":\"https:\/\/internetrepublica.com\/blog\/#website\",\"url\":\"https:\/\/internetrepublica.com\/blog\/\",\"name\":\"Internet Rep\u00fablica\",\"description\":\"Agencia SEO y Marketing Digital\",\"potentialAction\":[{\"@type\":\"SearchAction\",\"target\":{\"@type\":\"EntryPoint\",\"urlTemplate\":\"https:\/\/internetrepublica.com\/blog\/?s={search_term_string}\"},\"query-input\":{\"@type\":\"PropertyValueSpecification\",\"valueRequired\":true,\"valueName\":\"search_term_string\"}}],\"inLanguage\":\"es\"}]}<\/script>\n<!-- \/ Yoast SEO plugin. -->","yoast_head_json":{"title":"Servicios Marketing Digital - Internet Rep\u00fablica","description":"\u00bfQu\u00e9 hacemos? Internet Rep\u00fablica est\u00e1 especializada en SEO, SEM, Paid Media, Reputaci\u00f3n Online, Estrategia Digital, Paid Media, Dise\u00f1o, Infograf\u00edas y Video.","robots":{"index":"index","follow":"follow","max-snippet":"max-snippet:-1","max-image-preview":"max-image-preview:large","max-video-preview":"max-video-preview:-1"},"canonical":"https:\/\/internetrepublica.com\/blog\/servicios-marketing-digital\/","og_locale":"es_ES","og_type":"article","og_title":"Servicios Marketing Digital - Internet Rep\u00fablica","og_description":"\u00bfQu\u00e9 hacemos? Internet Rep\u00fablica est\u00e1 especializada en SEO, SEM, Paid Media, Reputaci\u00f3n Online, Estrategia Digital, Paid Media, Dise\u00f1o, Infograf\u00edas y Video.","og_url":"https:\/\/internetrepublica.com\/blog\/servicios-marketing-digital\/","og_site_name":"Internet Rep\u00fablica","article_modified_time":"2025-02-19T12:03:34+00:00","og_image":[{"width":489,"height":299,"url":"https:\/\/internetrepublica.com\/blog\/wp-content\/uploads\/2022\/05\/destacado.jpg","type":"image\/jpeg"}],"twitter_card":"summary_large_image","twitter_misc":{"Tiempo de lectura":"2 minutos"},"schema":{"@context":"https:\/\/schema.org","@graph":[{"@type":"WebPage","@id":"https:\/\/internetrepublica.com\/blog\/servicios-marketing-digital\/","url":"https:\/\/internetrepublica.com\/blog\/servicios-marketing-digital\/","name":"Servicios Marketing Digital - Internet Rep\u00fablica","isPartOf":{"@id":"https:\/\/internetrepublica.com\/blog\/#website"},"datePublished":"2019-04-29T22:00:00+00:00","dateModified":"2025-02-19T12:03:34+00:00","description":"\u00bfQu\u00e9 hacemos? Internet Rep\u00fablica est\u00e1 especializada en SEO, SEM, Paid Media, Reputaci\u00f3n Online, Estrategia Digital, Paid Media, Dise\u00f1o, Infograf\u00edas y Video.","breadcrumb":{"@id":"https:\/\/internetrepublica.com\/blog\/servicios-marketing-digital\/#breadcrumb"},"inLanguage":"es","potentialAction":[{"@type":"ReadAction","target":["https:\/\/internetrepublica.com\/blog\/servicios-marketing-digital\/"]}]},{"@type":"BreadcrumbList","@id":"https:\/\/internetrepublica.com\/blog\/servicios-marketing-digital\/#breadcrumb","itemListElement":[{"@type":"ListItem","position":1,"name":"Agencia Marketing Digital","item":"https:\/\/internetrepublica.com\/blog\/"},{"@type":"ListItem","position":2,"name":"Servicios Marketing Digital","item":"https:\/\/internetrepublica.com\/blog\/servicios-marketing-digital\/"}]},{"@type":"WebSite","@id":"https:\/\/internetrepublica.com\/blog\/#website","url":"https:\/\/internetrepublica.com\/blog\/","name":"Internet Rep\u00fablica","description":"Agencia SEO y Marketing Digital","potentialAction":[{"@type":"SearchAction","target":{"@type":"EntryPoint","urlTemplate":"https:\/\/internetrepublica.com\/blog\/?s={search_term_string}"},"query-input":{"@type":"PropertyValueSpecification","valueRequired":true,"valueName":"search_term_string"}}],"inLanguage":"es"}]}},"_links":{"self":[{"href":"https:\/\/internetrepublica.com\/blog\/wp-json\/wp\/v2\/pages\/68712","targetHints":{"allow":["GET"]}}],"collection":[{"href":"https:\/\/internetrepublica.com\/blog\/wp-json\/wp\/v2\/pages"}],"about":[{"href":"https:\/\/internetrepublica.com\/blog\/wp-json\/wp\/v2\/types\/page"}],"author":[{"embeddable":true,"href":"https:\/\/internetrepublica.com\/blog\/wp-json\/wp\/v2\/users\/1"}],"replies":[{"embeddable":true,"href":"https:\/\/internetrepublica.com\/blog\/wp-json\/wp\/v2\/comments?post=68712"}],"version-history":[{"count":21,"href":"https:\/\/internetrepublica.com\/blog\/wp-json\/wp\/v2\/pages\/68712\/revisions"}],"predecessor-version":[{"id":76678,"href":"https:\/\/internetrepublica.com\/blog\/wp-json\/wp\/v2\/pages\/68712\/revisions\/76678"}],"wp:attachment":[{"href":"https:\/\/internetrepublica.com\/blog\/wp-json\/wp\/v2\/media?parent=68712"}],"curies":[{"name":"wp","href":"https:\/\/api.w.org\/{rel}","templated":true}]}}