{"id":68711,"date":"2019-04-03T00:00:00","date_gmt":"2019-04-02T22:00:00","guid":{"rendered":"https:\/\/internetrepublica.com\/fotocasa\/videos-online\/"},"modified":"2025-01-15T17:22:11","modified_gmt":"2025-01-15T16:22:11","slug":"videos-online","status":"publish","type":"page","link":"https:\/\/internetrepublica.com\/blog\/videos-online\/","title":{"rendered":"V\u00eddeos online"},"content":{"rendered":"<div class=\"wpb-content-wrapper\"><p>[vc_row css_animation=&#8221;&#8221; row_type=&#8221;row&#8221; use_row_as_full_screen_section=&#8221;no&#8221; type=&#8221;full_width&#8221; angled_section=&#8221;no&#8221; text_align=&#8221;left&#8221; background_image_as_pattern=&#8221;without_pattern&#8221; el_id=&#8221;headerService&#8221; css=&#8221;.vc_custom_1736958087178{padding-top: 5% !important;padding-bottom: 5% !important;}&#8221; z_index=&#8221;&#8221;][vc_column][vc_row_inner row_type=&#8221;row&#8221; type=&#8221;grid&#8221; text_align=&#8221;left&#8221; css_animation=&#8221;&#8221;][vc_column_inner][vc_column_text css=&#8221;&#8221;]<\/p>\n<h1>V\u00eddeos Online<\/h1>\n<p>[\/vc_column_text][vc_column_text css=&#8221;&#8221;]GRABAMOS LOS MEJOR DE TU MARCA[\/vc_column_text][\/vc_column_inner][\/vc_row_inner][\/vc_column][\/vc_row][vc_row css_animation=&#8221;&#8221; row_type=&#8221;row&#8221; use_row_as_full_screen_section=&#8221;no&#8221; type=&#8221;full_width&#8221; angled_section=&#8221;no&#8221; text_align=&#8221;left&#8221; background_image_as_pattern=&#8221;without_pattern&#8221; z_index=&#8221;&#8221;][vc_column][vc_row_inner row_type=&#8221;row&#8221; type=&#8221;grid&#8221; text_align=&#8221;left&#8221; css_animation=&#8221;&#8221;][vc_column_inner width=&#8221;1\/2&#8243; css=&#8221;.vc_custom_1597402659097{padding-top: 15px !important;padding-right: 15px !important;padding-bottom: 15px !important;padding-left: 15px !important;}&#8221;][vc_empty_space][vc_column_text]<\/p>\n<h2><span style=\"color: #ff6700;\">\u00bfQU\u00c9 NOS GUSTAR\u00cdA?<\/span><\/h2>\n<p>[\/vc_column_text][vc_column_text]<\/p>\n<h4>QUE TE VEAN M\u00c1S QUE NUNCA<\/h4>\n<p>[\/vc_column_text][vc_empty_space height=&#8221;35&#8243;][vc_column_text]Hoy en d\u00eda, acercarse al consumidor es clave para transmitir confianza y captar el inter\u00e9s de los usuarios. Por eso, pensamos que el v\u00eddeo es una de las maneras m\u00e1s atractivas para informar de cualquier acci\u00f3n de la marca consiguiendo mantener la atenci\u00f3n del receptor.<\/p>\n<p>&nbsp;<\/p>\n<p>En Internet Rep\u00fablica te proponemos la\u00a0<strong>difusi\u00f3n de tus eventos<\/strong>\u00a0y novedades tambi\u00e9n a trav\u00e9s del\u00a0<strong>v\u00eddeo en directo en redes sociales<\/strong>, ayudamos a transmitir toda la informaci\u00f3n de forma m\u00e1s din\u00e1mica a trav\u00e9s del\u00a0<strong>v\u00eddeo online<\/strong>, una manera de acercarse al p\u00fablico, de abrirles una ventana hacia tu marca para que se sientan parte de ella.[\/vc_column_text][\/vc_column_inner][vc_column_inner width=&#8221;1\/2&#8243; css=&#8221;.vc_custom_1717495824407{padding-bottom: 30px !important;padding-left: 25px !important;background-color: #ffffff !important;}&#8221; el_id=&#8221;contact-form&#8221;]\n<div class=\"wpcf7 no-js\" id=\"wpcf7-f70709-o1\" lang=\"es-ES\" dir=\"ltr\" data-wpcf7-id=\"70709\">\n<div class=\"screen-reader-response\"><p role=\"status\" aria-live=\"polite\" aria-atomic=\"true\"><\/p> <ul><\/ul><\/div>\n<form action=\"\/blog\/wp-json\/wp\/v2\/pages\/68711#wpcf7-f70709-o1\" method=\"post\" class=\"wpcf7-form init default wpcf7-acceptance-as-validation\" aria-label=\"Formulario de contacto\" novalidate=\"novalidate\" data-status=\"init\">\n<fieldset class=\"hidden-fields-container\"><input type=\"hidden\" name=\"_wpcf7\" value=\"70709\" \/><input type=\"hidden\" name=\"_wpcf7_version\" value=\"6.1.5\" \/><input type=\"hidden\" name=\"_wpcf7_locale\" value=\"es_ES\" \/><input type=\"hidden\" name=\"_wpcf7_unit_tag\" value=\"wpcf7-f70709-o1\" \/><input type=\"hidden\" name=\"_wpcf7_container_post\" value=\"0\" \/><input type=\"hidden\" name=\"_wpcf7_posted_data_hash\" value=\"\" \/><input type=\"hidden\" name=\"_wpcf7_recaptcha_response\" value=\"\" \/>\n<\/fieldset>\n<p><span class=\"wpcf7-form-control-wrap\" data-name=\"Nombre-12\"><input size=\"40\" maxlength=\"400\" class=\"wpcf7-form-control wpcf7-text wpcf7-validates-as-required form-label\" aria-required=\"true\" aria-invalid=\"false\" placeholder=\"Nombre\" value=\"\" type=\"text\" name=\"Nombre-12\" \/><\/span><br \/>\n<span class=\"wpcf7-form-control-wrap\" data-name=\"Email-12\"><input size=\"40\" maxlength=\"400\" class=\"wpcf7-form-control wpcf7-email wpcf7-validates-as-required wpcf7-text wpcf7-validates-as-email form-label\" aria-required=\"true\" aria-invalid=\"false\" placeholder=\"Email\" value=\"\" type=\"email\" name=\"Email-12\" \/><\/span><br \/>\n<span class=\"wpcf7-form-control-wrap\" data-name=\"Telefono-12\"><input size=\"40\" maxlength=\"400\" class=\"wpcf7-form-control wpcf7-tel wpcf7-validates-as-required wpcf7-text wpcf7-validates-as-tel form-label\" aria-required=\"true\" aria-invalid=\"false\" placeholder=\"Tel\u00e9fono\" value=\"\" type=\"tel\" name=\"Telefono-12\" \/><\/span><br \/>\n<span class=\"wpcf7-form-control-wrap\" data-name=\"Empresa-12\"><input size=\"40\" maxlength=\"400\" class=\"wpcf7-form-control wpcf7-text wpcf7-validates-as-required form-label\" aria-required=\"true\" aria-invalid=\"false\" placeholder=\"Empresa (web)\" value=\"\" type=\"text\" name=\"Empresa-12\" \/><\/span><br \/>\n<span class=\"wpcf7-form-control-wrap\" data-name=\"mensaje-12\"><textarea cols=\"40\" rows=\"10\" maxlength=\"2000\" class=\"wpcf7-form-control wpcf7-textarea form-label\" aria-invalid=\"false\" placeholder=\"\u00bfQu\u00e9 necesitas?\" name=\"mensaje-12\"><\/textarea><\/span><br \/>\n<span class=\"wpcf7-form-control-wrap\" data-name=\"acceptance-3\"><span class=\"wpcf7-form-control wpcf7-acceptance\"><span class=\"wpcf7-list-item\"><input type=\"checkbox\" name=\"acceptance-3\" value=\"1\" aria-invalid=\"false\" \/><\/span><\/span><\/span> He le\u00eddo y acepto la <a target=\"_blank\" href=\"https:\/\/internetrepublica.com\/politica-privacidad\/\">pol\u00edtica de privacidad.<\/a>\n<\/p>\n<input class=\"wpcf7-form-control wpcf7-hidden\" value=\"\" type=\"hidden\" name=\"utm_source\" \/>\n<input class=\"wpcf7-form-control wpcf7-hidden\" value=\"\" type=\"hidden\" name=\"utm_medium\" \/>\n<p><input class=\"wpcf7-form-control wpcf7-submit has-spinner btn-submit\" type=\"submit\" value=\"Enviar\" \/><br \/>\n<small style=\"margin-top:10px; float: left; \">*Inversi\u00f3n M\u00ednima 2.000\u20ac\/mes<\/small>\n<\/p><div class=\"wpcf7-response-output\" aria-hidden=\"true\"><\/div>\n<\/form>\n<\/div>\n[\/vc_column_inner][\/vc_row_inner][\/vc_column][\/vc_row][vc_row css_animation=&#8221;&#8221; row_type=&#8221;row&#8221; use_row_as_full_screen_section=&#8221;no&#8221; type=&#8221;full_width&#8221; angled_section=&#8221;no&#8221; text_align=&#8221;left&#8221; background_image_as_pattern=&#8221;without_pattern&#8221;][vc_column][vc_empty_space height=&#8221;55&#8243;][\/vc_column][\/vc_row][vc_row css_animation=&#8221;&#8221; row_type=&#8221;row&#8221; use_row_as_full_screen_section=&#8221;no&#8221; type=&#8221;full_width&#8221; angled_section=&#8221;no&#8221; text_align=&#8221;left&#8221; background_image_as_pattern=&#8221;without_pattern&#8221;][vc_column][vc_row_inner row_type=&#8221;row&#8221; type=&#8221;grid&#8221; text_align=&#8221;left&#8221; css_animation=&#8221;&#8221;][vc_column_inner width=&#8221;1\/2&#8243;][vc_single_image image=&#8221;68900&#8243; img_size=&#8221;full&#8221; alignment=&#8221;right&#8221; qode_css_animation=&#8221;&#8221;][\/vc_column_inner][vc_column_inner width=&#8221;1\/2&#8243;][vc_empty_space height=&#8221;55&#8243;][vc_column_text]Desde\u00a0<strong>videoblogs<\/strong>\u00a0creados para reforzar el\u00a0<strong>branded content<\/strong>\u00a0de tu marca, a un spot para televisi\u00f3n, a video tutoriales, cualquier estrategia en video es nuestro fuerte. Contamos con un equipo interno de guionistas, creativos, editores de video y trabajamos con las productoras m\u00e1s innovadoras del mercado, entendiendo el lenguaje audiovisual y los formatos adecuados para cada soporte y red social.<\/p>\n<p>&nbsp;<\/p>\n<p>La tecnolog\u00eda es nuestra pasi\u00f3n y los nuevos soportes y formatos nuestro aliciente.\u00a0<strong>Realidad virtual, realidad aumentada, video en 3D, video 360\u00ba, video infogr\u00e1fico, cabeceras, animaciones, edici\u00f3n de video en l\u00ednea, after effects, streaming\u2026<\/strong>[\/vc_column_text][\/vc_column_inner][\/vc_row_inner][\/vc_column][\/vc_row][vc_row css_animation=&#8221;&#8221; row_type=&#8221;row&#8221; use_row_as_full_screen_section=&#8221;no&#8221; type=&#8221;full_width&#8221; angled_section=&#8221;no&#8221; text_align=&#8221;left&#8221; background_image_as_pattern=&#8221;without_pattern&#8221;][vc_column][vc_empty_space height=&#8221;80&#8243;][\/vc_column][\/vc_row][vc_row css_animation=&#8221;&#8221; row_type=&#8221;row&#8221; use_row_as_full_screen_section=&#8221;no&#8221; type=&#8221;full_width&#8221; angled_section=&#8221;no&#8221; text_align=&#8221;left&#8221; background_image_as_pattern=&#8221;without_pattern&#8221; z_index=&#8221;&#8221;][vc_column][vc_row_inner row_type=&#8221;row&#8221; type=&#8221;grid&#8221; text_align=&#8221;left&#8221; css_animation=&#8221;&#8221;][vc_column_inner width=&#8221;1\/3&#8243;][vc_video link=&#8221;https:\/\/www.youtube.com\/watch?v=-YoB0E4o3j8&#8243; align=&#8221;center&#8221;][\/vc_column_inner][vc_column_inner width=&#8221;1\/3&#8243;][vc_video link=&#8221;https:\/\/www.youtube.com\/watch?v=kRl4lFEOBtg&#8221; align=&#8221;center&#8221;][\/vc_column_inner][vc_column_inner width=&#8221;1\/3&#8243;][\/vc_column_inner][\/vc_row_inner][\/vc_column][\/vc_row]<\/p>\n<\/div>","protected":false},"excerpt":{"rendered":"<p>[vc_row css_animation=&#8221;&#8221; row_type=&#8221;row&#8221; use_row_as_full_screen_section=&#8221;no&#8221; type=&#8221;full_width&#8221; angled_section=&#8221;no&#8221; text_align=&#8221;left&#8221; background_image_as_pattern=&#8221;without_pattern&#8221; el_id=&#8221;headerService&#8221; css=&#8221;.vc_custom_1736958087178{padding-top: 5% !important;padding-bottom: 5% !important;}&#8221; z_index=&#8221;&#8221;][vc_column][vc_row_inner row_type=&#8221;row&#8221; type=&#8221;grid&#8221; text_align=&#8221;left&#8221; css_animation=&#8221;&#8221;][vc_column_inner][vc_column_text css=&#8221;&#8221;] V\u00eddeos Online [\/vc_column_text][vc_column_text css=&#8221;&#8221;]GRABAMOS LOS&#8230;<\/p>\n","protected":false},"author":1,"featured_media":0,"parent":0,"menu_order":0,"comment_status":"open","ping_status":"closed","template":"full_width.php","meta":{"content-type":"","inline_featured_image":false,"footnotes":""},"class_list":["post-68711","page","type-page","status-publish","hentry"],"yoast_head":"<!-- This site is optimized with the Yoast SEO plugin v27.2 - https:\/\/yoast.com\/product\/yoast-seo-wordpress\/ -->\n<title>V\u00eddeos online - Internet Rep\u00fablica<\/title>\n<meta name=\"description\" content=\"El video es el formato m\u00e1s f\u00e1cil de consumir. Producimos videos online para tu marca. Desde videoblogs a spots o video tutoriales. Ponle video a tu marca.\" \/>\n<meta name=\"robots\" content=\"index, follow, max-snippet:-1, max-image-preview:large, max-video-preview:-1\" \/>\n<link rel=\"canonical\" href=\"https:\/\/internetrepublica.com\/blog\/videos-online\/\" \/>\n<meta property=\"og:locale\" content=\"es_ES\" \/>\n<meta property=\"og:type\" content=\"article\" \/>\n<meta property=\"og:title\" content=\"V\u00eddeos online - Internet Rep\u00fablica\" \/>\n<meta property=\"og:description\" content=\"El video es el formato m\u00e1s f\u00e1cil de consumir. Producimos videos online para tu marca. Desde videoblogs a spots o video tutoriales. Ponle video a tu marca.\" \/>\n<meta property=\"og:url\" content=\"https:\/\/internetrepublica.com\/blog\/videos-online\/\" \/>\n<meta property=\"og:site_name\" content=\"Internet Rep\u00fablica\" \/>\n<meta property=\"article:modified_time\" content=\"2025-01-15T16:22:11+00:00\" \/>\n<meta property=\"og:image\" content=\"https:\/\/internetrepublica.com\/blog\/wp-content\/uploads\/2022\/05\/destacado.jpg\" \/>\n\t<meta property=\"og:image:width\" content=\"489\" \/>\n\t<meta property=\"og:image:height\" content=\"299\" \/>\n\t<meta property=\"og:image:type\" content=\"image\/jpeg\" \/>\n<meta name=\"twitter:card\" content=\"summary_large_image\" \/>\n<meta name=\"twitter:label1\" content=\"Tiempo de lectura\" \/>\n\t<meta name=\"twitter:data1\" content=\"2 minutos\" \/>\n<script type=\"application\/ld+json\" class=\"yoast-schema-graph\">{\"@context\":\"https:\/\/schema.org\",\"@graph\":[{\"@type\":\"WebPage\",\"@id\":\"https:\/\/internetrepublica.com\/blog\/videos-online\/\",\"url\":\"https:\/\/internetrepublica.com\/blog\/videos-online\/\",\"name\":\"V\u00eddeos online - Internet Rep\u00fablica\",\"isPartOf\":{\"@id\":\"https:\/\/internetrepublica.com\/blog\/#website\"},\"datePublished\":\"2019-04-02T22:00:00+00:00\",\"dateModified\":\"2025-01-15T16:22:11+00:00\",\"description\":\"El video es el formato m\u00e1s f\u00e1cil de consumir. Producimos videos online para tu marca. Desde videoblogs a spots o video tutoriales. Ponle video a tu marca.\",\"breadcrumb\":{\"@id\":\"https:\/\/internetrepublica.com\/blog\/videos-online\/#breadcrumb\"},\"inLanguage\":\"es\",\"potentialAction\":[{\"@type\":\"ReadAction\",\"target\":[\"https:\/\/internetrepublica.com\/blog\/videos-online\/\"]}]},{\"@type\":\"BreadcrumbList\",\"@id\":\"https:\/\/internetrepublica.com\/blog\/videos-online\/#breadcrumb\",\"itemListElement\":[{\"@type\":\"ListItem\",\"position\":1,\"name\":\"Agencia Marketing Digital\",\"item\":\"https:\/\/internetrepublica.com\/blog\/\"},{\"@type\":\"ListItem\",\"position\":2,\"name\":\"V\u00eddeos online\",\"item\":\"https:\/\/internetrepublica.com\/blog\/videos-online\/\"}]},{\"@type\":\"WebSite\",\"@id\":\"https:\/\/internetrepublica.com\/blog\/#website\",\"url\":\"https:\/\/internetrepublica.com\/blog\/\",\"name\":\"Internet Rep\u00fablica\",\"description\":\"Agencia SEO y Marketing Digital\",\"potentialAction\":[{\"@type\":\"SearchAction\",\"target\":{\"@type\":\"EntryPoint\",\"urlTemplate\":\"https:\/\/internetrepublica.com\/blog\/?s={search_term_string}\"},\"query-input\":{\"@type\":\"PropertyValueSpecification\",\"valueRequired\":true,\"valueName\":\"search_term_string\"}}],\"inLanguage\":\"es\"}]}<\/script>\n<!-- \/ Yoast SEO plugin. -->","yoast_head_json":{"title":"V\u00eddeos online - Internet Rep\u00fablica","description":"El video es el formato m\u00e1s f\u00e1cil de consumir. Producimos videos online para tu marca. Desde videoblogs a spots o video tutoriales. Ponle video a tu marca.","robots":{"index":"index","follow":"follow","max-snippet":"max-snippet:-1","max-image-preview":"max-image-preview:large","max-video-preview":"max-video-preview:-1"},"canonical":"https:\/\/internetrepublica.com\/blog\/videos-online\/","og_locale":"es_ES","og_type":"article","og_title":"V\u00eddeos online - Internet Rep\u00fablica","og_description":"El video es el formato m\u00e1s f\u00e1cil de consumir. Producimos videos online para tu marca. Desde videoblogs a spots o video tutoriales. Ponle video a tu marca.","og_url":"https:\/\/internetrepublica.com\/blog\/videos-online\/","og_site_name":"Internet Rep\u00fablica","article_modified_time":"2025-01-15T16:22:11+00:00","og_image":[{"width":489,"height":299,"url":"https:\/\/internetrepublica.com\/blog\/wp-content\/uploads\/2022\/05\/destacado.jpg","type":"image\/jpeg"}],"twitter_card":"summary_large_image","twitter_misc":{"Tiempo de lectura":"2 minutos"},"schema":{"@context":"https:\/\/schema.org","@graph":[{"@type":"WebPage","@id":"https:\/\/internetrepublica.com\/blog\/videos-online\/","url":"https:\/\/internetrepublica.com\/blog\/videos-online\/","name":"V\u00eddeos online - Internet Rep\u00fablica","isPartOf":{"@id":"https:\/\/internetrepublica.com\/blog\/#website"},"datePublished":"2019-04-02T22:00:00+00:00","dateModified":"2025-01-15T16:22:11+00:00","description":"El video es el formato m\u00e1s f\u00e1cil de consumir. Producimos videos online para tu marca. Desde videoblogs a spots o video tutoriales. Ponle video a tu marca.","breadcrumb":{"@id":"https:\/\/internetrepublica.com\/blog\/videos-online\/#breadcrumb"},"inLanguage":"es","potentialAction":[{"@type":"ReadAction","target":["https:\/\/internetrepublica.com\/blog\/videos-online\/"]}]},{"@type":"BreadcrumbList","@id":"https:\/\/internetrepublica.com\/blog\/videos-online\/#breadcrumb","itemListElement":[{"@type":"ListItem","position":1,"name":"Agencia Marketing Digital","item":"https:\/\/internetrepublica.com\/blog\/"},{"@type":"ListItem","position":2,"name":"V\u00eddeos online","item":"https:\/\/internetrepublica.com\/blog\/videos-online\/"}]},{"@type":"WebSite","@id":"https:\/\/internetrepublica.com\/blog\/#website","url":"https:\/\/internetrepublica.com\/blog\/","name":"Internet Rep\u00fablica","description":"Agencia SEO y Marketing Digital","potentialAction":[{"@type":"SearchAction","target":{"@type":"EntryPoint","urlTemplate":"https:\/\/internetrepublica.com\/blog\/?s={search_term_string}"},"query-input":{"@type":"PropertyValueSpecification","valueRequired":true,"valueName":"search_term_string"}}],"inLanguage":"es"}]}},"_links":{"self":[{"href":"https:\/\/internetrepublica.com\/blog\/wp-json\/wp\/v2\/pages\/68711","targetHints":{"allow":["GET"]}}],"collection":[{"href":"https:\/\/internetrepublica.com\/blog\/wp-json\/wp\/v2\/pages"}],"about":[{"href":"https:\/\/internetrepublica.com\/blog\/wp-json\/wp\/v2\/types\/page"}],"author":[{"embeddable":true,"href":"https:\/\/internetrepublica.com\/blog\/wp-json\/wp\/v2\/users\/1"}],"replies":[{"embeddable":true,"href":"https:\/\/internetrepublica.com\/blog\/wp-json\/wp\/v2\/comments?post=68711"}],"version-history":[{"count":13,"href":"https:\/\/internetrepublica.com\/blog\/wp-json\/wp\/v2\/pages\/68711\/revisions"}],"predecessor-version":[{"id":76713,"href":"https:\/\/internetrepublica.com\/blog\/wp-json\/wp\/v2\/pages\/68711\/revisions\/76713"}],"wp:attachment":[{"href":"https:\/\/internetrepublica.com\/blog\/wp-json\/wp\/v2\/media?parent=68711"}],"curies":[{"name":"wp","href":"https:\/\/api.w.org\/{rel}","templated":true}]}}