{"id":68706,"date":"2018-07-31T00:00:00","date_gmt":"2018-07-30T22:00:00","guid":{"rendered":"https:\/\/internetrepublica.com\/estrategia-digital\/"},"modified":"2025-01-15T17:14:45","modified_gmt":"2025-01-15T16:14:45","slug":"estrategia-digital","status":"publish","type":"page","link":"https:\/\/internetrepublica.com\/blog\/estrategia-digital\/","title":{"rendered":"Estrategia Digital"},"content":{"rendered":"<div class=\"wpb-content-wrapper\"><p>[vc_row css_animation=&#8221;&#8221; row_type=&#8221;row&#8221; use_row_as_full_screen_section=&#8221;no&#8221; type=&#8221;full_width&#8221; angled_section=&#8221;no&#8221; text_align=&#8221;left&#8221; background_image_as_pattern=&#8221;without_pattern&#8221; el_id=&#8221;headerService&#8221; css=&#8221;.vc_custom_1736957572677{padding-top: 5% !important;padding-bottom: 5% !important;}&#8221; z_index=&#8221;&#8221;][vc_column][vc_row_inner row_type=&#8221;row&#8221; type=&#8221;grid&#8221; text_align=&#8221;left&#8221; css_animation=&#8221;&#8221;][vc_column_inner][vc_column_text css=&#8221;&#8221;]<\/p>\n<h1>Estrategia<br \/>\nDigital<\/h1>\n<p>[\/vc_column_text][vc_column_text css=&#8221;&#8221;]DEFINIMOS TU PRESENCIA EN LA WEB[\/vc_column_text][\/vc_column_inner][\/vc_row_inner][\/vc_column][\/vc_row][vc_row css_animation=&#8221;&#8221; row_type=&#8221;row&#8221; use_row_as_full_screen_section=&#8221;no&#8221; type=&#8221;full_width&#8221; angled_section=&#8221;no&#8221; text_align=&#8221;left&#8221; background_image_as_pattern=&#8221;without_pattern&#8221; z_index=&#8221;&#8221;][vc_column][vc_row_inner row_type=&#8221;row&#8221; type=&#8221;grid&#8221; text_align=&#8221;left&#8221; css_animation=&#8221;&#8221;][vc_column_inner width=&#8221;1\/2&#8243; css=&#8221;.vc_custom_1598511719767{padding-top: 25px !important;padding-right: 15px !important;padding-bottom: 15px !important;padding-left: 15px !important;}&#8221;][vc_column_text]<\/p>\n<h2><span style=\"color: #ff6700;\">\u00bfQU\u00c9 NOS GUSTAR\u00cdA?<\/span><\/h2>\n<p>[\/vc_column_text][vc_column_text]<\/p>\n<h4>QUE RECIBAS MUCHOS LIKES EN LOS PERFILES DE TU MARCA<\/h4>\n<p>[\/vc_column_text][vc_empty_space height=&#8221;35&#8243;][vc_column_text]Hoy en d\u00eda, si no est\u00e1s en Internet, no est\u00e1s. Pero no solo a nivel SEO, la presencia digital de tu marca es muy importante en todos los sentidos.<\/p>\n<p>&nbsp;<\/p>\n<p>Hace tiempo que las redes sociales se convirtieron en una herramienta totalmente necesaria para todo tipo de marcas y productos. Las redes sociales son canales a trav\u00e9s de los cuales las marcas ganan notoriedad y presencia, se dan a conocer y pueden acercarse de forma m\u00e1s amable al consumidor.<\/p>\n<p>&nbsp;<\/p>\n<p>Todo esto es posible con una estrategia detr\u00e1s. En Internet Rep\u00fablica nos encargamos de crear a medida la estrategia digital en Internet y en las redes sociales para tu marca, seleccionando los servicios y las acciones m\u00e1s relevantes para tu marca o producto.[\/vc_column_text][\/vc_column_inner][vc_column_inner width=&#8221;1\/2&#8243; css=&#8221;.vc_custom_1717495497771{padding-bottom: 30px !important;padding-left: 25px !important;background-color: #ffffff !important;}&#8221; el_id=&#8221;contact-form&#8221;]\n<div class=\"wpcf7 no-js\" id=\"wpcf7-f70709-o1\" lang=\"es-ES\" dir=\"ltr\" data-wpcf7-id=\"70709\">\n<div class=\"screen-reader-response\"><p role=\"status\" aria-live=\"polite\" aria-atomic=\"true\"><\/p> <ul><\/ul><\/div>\n<form action=\"\/blog\/wp-json\/wp\/v2\/pages\/68706#wpcf7-f70709-o1\" method=\"post\" class=\"wpcf7-form init default wpcf7-acceptance-as-validation\" aria-label=\"Formulario de contacto\" novalidate=\"novalidate\" data-status=\"init\">\n<fieldset class=\"hidden-fields-container\"><input type=\"hidden\" name=\"_wpcf7\" value=\"70709\" \/><input type=\"hidden\" name=\"_wpcf7_version\" value=\"6.1.5\" \/><input type=\"hidden\" name=\"_wpcf7_locale\" value=\"es_ES\" \/><input type=\"hidden\" name=\"_wpcf7_unit_tag\" value=\"wpcf7-f70709-o1\" \/><input type=\"hidden\" name=\"_wpcf7_container_post\" value=\"0\" \/><input type=\"hidden\" name=\"_wpcf7_posted_data_hash\" value=\"\" \/><input type=\"hidden\" name=\"_wpcf7_recaptcha_response\" value=\"\" \/>\n<\/fieldset>\n<p><span class=\"wpcf7-form-control-wrap\" data-name=\"Nombre-12\"><input size=\"40\" maxlength=\"400\" class=\"wpcf7-form-control wpcf7-text wpcf7-validates-as-required form-label\" aria-required=\"true\" aria-invalid=\"false\" placeholder=\"Nombre\" value=\"\" type=\"text\" name=\"Nombre-12\" \/><\/span><br \/>\n<span class=\"wpcf7-form-control-wrap\" data-name=\"Email-12\"><input size=\"40\" maxlength=\"400\" class=\"wpcf7-form-control wpcf7-email wpcf7-validates-as-required wpcf7-text wpcf7-validates-as-email form-label\" aria-required=\"true\" aria-invalid=\"false\" placeholder=\"Email\" value=\"\" type=\"email\" name=\"Email-12\" \/><\/span><br \/>\n<span class=\"wpcf7-form-control-wrap\" data-name=\"Telefono-12\"><input size=\"40\" maxlength=\"400\" class=\"wpcf7-form-control wpcf7-tel wpcf7-validates-as-required wpcf7-text wpcf7-validates-as-tel form-label\" aria-required=\"true\" aria-invalid=\"false\" placeholder=\"Tel\u00e9fono\" value=\"\" type=\"tel\" name=\"Telefono-12\" \/><\/span><br \/>\n<span class=\"wpcf7-form-control-wrap\" data-name=\"Empresa-12\"><input size=\"40\" maxlength=\"400\" class=\"wpcf7-form-control wpcf7-text wpcf7-validates-as-required form-label\" aria-required=\"true\" aria-invalid=\"false\" placeholder=\"Empresa (web)\" value=\"\" type=\"text\" name=\"Empresa-12\" \/><\/span><br \/>\n<span class=\"wpcf7-form-control-wrap\" data-name=\"mensaje-12\"><textarea cols=\"40\" rows=\"10\" maxlength=\"2000\" class=\"wpcf7-form-control wpcf7-textarea form-label\" aria-invalid=\"false\" placeholder=\"\u00bfQu\u00e9 necesitas?\" name=\"mensaje-12\"><\/textarea><\/span><br \/>\n<span class=\"wpcf7-form-control-wrap\" data-name=\"acceptance-3\"><span class=\"wpcf7-form-control wpcf7-acceptance\"><span class=\"wpcf7-list-item\"><input type=\"checkbox\" name=\"acceptance-3\" value=\"1\" aria-invalid=\"false\" \/><\/span><\/span><\/span> He le\u00eddo y acepto la <a target=\"_blank\" href=\"https:\/\/internetrepublica.com\/politica-privacidad\/\">pol\u00edtica de privacidad.<\/a>\n<\/p>\n<input class=\"wpcf7-form-control wpcf7-hidden\" value=\"\" type=\"hidden\" name=\"utm_source\" \/>\n<input class=\"wpcf7-form-control wpcf7-hidden\" value=\"\" type=\"hidden\" name=\"utm_medium\" \/>\n<p><input class=\"wpcf7-form-control wpcf7-submit has-spinner btn-submit\" type=\"submit\" value=\"Enviar\" \/><br \/>\n<small style=\"margin-top:10px; float: left; \">*Inversi\u00f3n M\u00ednima 2.000\u20ac\/mes<\/small>\n<\/p><div class=\"wpcf7-response-output\" aria-hidden=\"true\"><\/div>\n<\/form>\n<\/div>\n[\/vc_column_inner][\/vc_row_inner][\/vc_column][\/vc_row][vc_row css_animation=&#8221;&#8221; row_type=&#8221;row&#8221; use_row_as_full_screen_section=&#8221;no&#8221; type=&#8221;full_width&#8221; angled_section=&#8221;no&#8221; text_align=&#8221;center&#8221; background_image_as_pattern=&#8221;without_pattern&#8221; box_shadow_on_row=&#8221;no&#8221; css=&#8221;.vc_custom_1598511664118{margin-top: 80px !important;}&#8221; z_index=&#8221;&#8221;][vc_column][vc_row_inner row_type=&#8221;row&#8221; type=&#8221;grid&#8221; text_align=&#8221;left&#8221; css_animation=&#8221;&#8221;][vc_column_inner width=&#8221;1\/2&#8243; css=&#8221;.vc_custom_1598511738463{padding-top: 15px !important;padding-right: 15px !important;padding-bottom: 15px !important;padding-left: 15px !important;}&#8221;][vc_single_image image=&#8221;68822&#8243; img_size=&#8221;full&#8221; qode_css_animation=&#8221;&#8221;][\/vc_column_inner][vc_column_inner width=&#8221;1\/2&#8243;][vc_column_text]<\/p>\n<p style=\"text-align: left;\">No se trata solo de informar al usuario de lo que ofrece la compa\u00f1\u00eda, se trata de comunicarle nuestras novedades, nuestras inquietudes y nuestro d\u00eda a d\u00eda. Estar en contacto con ellos para solventar cualquier incidencia o duda, en definitiva, mostrar transparencia y obtener su confianza.<\/p>\n<p>&nbsp;<\/p>\n<p style=\"text-align: left;\">Y en eso, en Internet Rep\u00fablica somos expertos. \u00bfPor qu\u00e9? Tenemos un equipo de contenidos y redes sociales conocedor de las \u00faltimas novedades y tendencias que se mueven en las redes, con la frescura necesaria para informar con el tono de tu marca, con las ganas de llegar a tu p\u00fablico objetivo y dejar huella y, sobre todo, con la profesionalidad con la que contamos como <strong>Social Media Specialists<\/strong> y <strong>Community Managers<\/strong>.<\/p>\n<p>&nbsp;<\/p>\n<p style=\"text-align: left;\">Como <strong>expertos en marketing<\/strong>, trabajamos la <strong>creatividad<\/strong>, los nuevos formatos, el asesoramiento y las estrategias necesarias para cada caso en concreto, creamos contenido de valor para las marcas y se lo mostramos al mundo, trabajando codo con codo con el cliente, listos para llegar a cualquier rinc\u00f3n que deseemos.<\/p>\n<p>[\/vc_column_text]<a  itemprop=\"url\" href=\"\" target=\"_top\" data-hover-background-color=\"#ffffff\" data-hover-border-color=\"#ff6700\" data-hover-color=\"#ff6700\" class=\"qbutton  big_large center default\" style=\"color: #ffffff; border-color: #ff6700; font-style: normal; font-weight: 400; font-family: Roboto; text-transform: uppercase; font-size: 22px; letter-spacing: 2px; margin: 50px auto; border-radius: 15px;-moz-border-radius: 15px;-webkit-border-radius: 15px; background-color:#ff6700;\">\u00a1ESCR\u00cdBENOS!<\/a>[\/vc_column_inner][\/vc_row_inner][\/vc_column][\/vc_row][vc_row css_animation=&#8221;&#8221; row_type=&#8221;row&#8221; use_row_as_full_screen_section=&#8221;no&#8221; type=&#8221;full_width&#8221; angled_section=&#8221;no&#8221; text_align=&#8221;left&#8221; background_image_as_pattern=&#8221;without_pattern&#8221; el_id=&#8221;QueHacemos&#8221; z_index=&#8221;&#8221;][vc_column][vc_empty_space height=&#8221;80&#8243;][vc_row_inner row_type=&#8221;row&#8221; type=&#8221;grid&#8221; text_align=&#8221;left&#8221; css_animation=&#8221;&#8221;][vc_column_inner width=&#8221;1\/3&#8243;]<div class='q_icon_with_title small normal_icon center '><div class=\"icon_holder \" style=\"margin: 30px 0 30px 0; \"><span data-icon-type=\"normal\" data-icon-hover-color=\"#c20c5f\" class=\"qode_iwt_icon_holder q_font_awsome_icon fa-2x  \"><i class=\"qodef-icon-linea-icon icon-ecommerce-money qode_iwt_icon_element\" style=\"color: #ff6700\"><\/i><\/span><\/div><div class=\"icon_text_holder\" style=\"\"><div class=\"icon_text_inner\" style=\"\"><h3 class=\"icon_title\" style=\"color: #231203;font-weight: 500;\">Paid media<\/h3><p style='color: #231203'>Configuramos campa\u00f1as destinadas a tu `target\u00b4<\/p><a itemprop='url' class='icon_with_title_link' href='https:\/\/internetrepublica.com\/paid-media\/' target='_self' style='color: #231203;'>SABER M\u00c1S<\/a><\/div><\/div><\/div>[\/vc_column_inner][vc_column_inner width=&#8221;1\/3&#8243;]<div class='q_icon_with_title small normal_icon center '><div class=\"icon_holder \" style=\"margin: 30px 0 30px 0; \"><span data-icon-type=\"normal\" data-icon-hover-color=\"#c20c5f\" class=\"qode_iwt_icon_holder q_font_awsome_icon fa-2x  \"><i class=\"qodef-icon-linea-icon icon-basic-picture-multiple qode_iwt_icon_element\" style=\"color: #ff6700\"><\/i><\/span><\/div><div class=\"icon_text_holder\" style=\"\"><div class=\"icon_text_inner\" style=\"\"><h3 class=\"icon_title\" style=\"color: #231203;font-weight: 500;\">Infograf\u00edas<\/h3><p style='color: #231203'>Dise\u00f1amos y plasmamos los datos m\u00e1s relevantes<\/p><a itemprop='url' class='icon_with_title_link' href='https:\/\/internetrepublica.com\/infografias-online\/' target='_self' style='color: #231203;'>SABER M\u00c1S<\/a><\/div><\/div><\/div>[\/vc_column_inner][vc_column_inner width=&#8221;1\/3&#8243;]<div class='q_icon_with_title small normal_icon center '><div class=\"icon_holder \" style=\"margin: 30px 0 30px 0; \"><span data-icon-type=\"normal\" data-icon-hover-color=\"#c20c5f\" class=\"qode_iwt_icon_holder q_font_awsome_icon fa-2x  \"><i class=\"qodef-icon-linea-icon icon-basic-video qode_iwt_icon_element\" style=\"color: #ff6700\"><\/i><\/span><\/div><div class=\"icon_text_holder\" style=\"\"><div class=\"icon_text_inner\" style=\"\"><h3 class=\"icon_title\" style=\"color: #231203;font-weight: 500;\">V\u00eddeos online<\/h3><p style='color: #231203'>Producimos sensaciones en vivo y en diferido<\/p><a itemprop='url' class='icon_with_title_link' href='https:\/\/internetrepublica.com\/videos-online\/' target='_self' style='color: #231203;'>SABER M\u00c1S<\/a><\/div><\/div><\/div>[\/vc_column_inner][\/vc_row_inner][\/vc_column][\/vc_row]<\/p>\n<\/div>","protected":false},"excerpt":{"rendered":"<p>[vc_row css_animation=&#8221;&#8221; row_type=&#8221;row&#8221; use_row_as_full_screen_section=&#8221;no&#8221; type=&#8221;full_width&#8221; angled_section=&#8221;no&#8221; text_align=&#8221;left&#8221; background_image_as_pattern=&#8221;without_pattern&#8221; el_id=&#8221;headerService&#8221; css=&#8221;.vc_custom_1736957572677{padding-top: 5% !important;padding-bottom: 5% !important;}&#8221; z_index=&#8221;&#8221;][vc_column][vc_row_inner row_type=&#8221;row&#8221; type=&#8221;grid&#8221; text_align=&#8221;left&#8221; css_animation=&#8221;&#8221;][vc_column_inner][vc_column_text css=&#8221;&#8221;] Estrategia Digital [\/vc_column_text][vc_column_text css=&#8221;&#8221;]DEFINIMOS TU&#8230;<\/p>\n","protected":false},"author":1,"featured_media":0,"parent":0,"menu_order":0,"comment_status":"open","ping_status":"open","template":"full_width.php","meta":{"content-type":"","inline_featured_image":false,"footnotes":""},"class_list":["post-68706","page","type-page","status-publish","hentry"],"yoast_head":"<!-- This site is optimized with the Yoast SEO plugin v27.2 - https:\/\/yoast.com\/product\/yoast-seo-wordpress\/ -->\n<title>Estrategia Digital - Internet Rep\u00fablica<\/title>\n<meta name=\"description\" content=\"Juntos definimos la estrategia digital de tu marca para hacerla m\u00e1s relevante. Somos una agencia especializada en marketing online y estrategia digital.\" \/>\n<meta name=\"robots\" content=\"index, follow, max-snippet:-1, max-image-preview:large, max-video-preview:-1\" \/>\n<link rel=\"canonical\" href=\"https:\/\/internetrepublica.com\/blog\/estrategia-digital\/\" \/>\n<meta property=\"og:locale\" content=\"es_ES\" \/>\n<meta property=\"og:type\" content=\"article\" \/>\n<meta property=\"og:title\" content=\"Estrategia Digital - Internet Rep\u00fablica\" \/>\n<meta property=\"og:description\" content=\"Juntos definimos la estrategia digital de tu marca para hacerla m\u00e1s relevante. Somos una agencia especializada en marketing online y estrategia digital.\" \/>\n<meta property=\"og:url\" content=\"https:\/\/internetrepublica.com\/blog\/estrategia-digital\/\" \/>\n<meta property=\"og:site_name\" content=\"Internet Rep\u00fablica\" \/>\n<meta property=\"article:modified_time\" content=\"2025-01-15T16:14:45+00:00\" \/>\n<meta property=\"og:image\" content=\"https:\/\/internetrepublica.com\/blog\/wp-content\/uploads\/2022\/05\/destacado.jpg\" \/>\n\t<meta property=\"og:image:width\" content=\"489\" \/>\n\t<meta property=\"og:image:height\" content=\"299\" \/>\n\t<meta property=\"og:image:type\" content=\"image\/jpeg\" \/>\n<meta name=\"twitter:card\" content=\"summary_large_image\" \/>\n<meta name=\"twitter:label1\" content=\"Tiempo de lectura\" \/>\n\t<meta name=\"twitter:data1\" content=\"3 minutos\" \/>\n<script type=\"application\/ld+json\" class=\"yoast-schema-graph\">{\"@context\":\"https:\/\/schema.org\",\"@graph\":[{\"@type\":\"WebPage\",\"@id\":\"https:\/\/internetrepublica.com\/blog\/estrategia-digital\/\",\"url\":\"https:\/\/internetrepublica.com\/blog\/estrategia-digital\/\",\"name\":\"Estrategia Digital - Internet Rep\u00fablica\",\"isPartOf\":{\"@id\":\"https:\/\/internetrepublica.com\/blog\/#website\"},\"datePublished\":\"2018-07-30T22:00:00+00:00\",\"dateModified\":\"2025-01-15T16:14:45+00:00\",\"description\":\"Juntos definimos la estrategia digital de tu marca para hacerla m\u00e1s relevante. Somos una agencia especializada en marketing online y estrategia digital.\",\"breadcrumb\":{\"@id\":\"https:\/\/internetrepublica.com\/blog\/estrategia-digital\/#breadcrumb\"},\"inLanguage\":\"es\",\"potentialAction\":[{\"@type\":\"ReadAction\",\"target\":[\"https:\/\/internetrepublica.com\/blog\/estrategia-digital\/\"]}]},{\"@type\":\"BreadcrumbList\",\"@id\":\"https:\/\/internetrepublica.com\/blog\/estrategia-digital\/#breadcrumb\",\"itemListElement\":[{\"@type\":\"ListItem\",\"position\":1,\"name\":\"Agencia Marketing Digital\",\"item\":\"https:\/\/internetrepublica.com\/blog\/\"},{\"@type\":\"ListItem\",\"position\":2,\"name\":\"Estrategia Digital\",\"item\":\"https:\/\/internetrepublica.com\/blog\/estrategia-digital\/\"}]},{\"@type\":\"WebSite\",\"@id\":\"https:\/\/internetrepublica.com\/blog\/#website\",\"url\":\"https:\/\/internetrepublica.com\/blog\/\",\"name\":\"Internet Rep\u00fablica\",\"description\":\"Agencia SEO y Marketing Digital\",\"potentialAction\":[{\"@type\":\"SearchAction\",\"target\":{\"@type\":\"EntryPoint\",\"urlTemplate\":\"https:\/\/internetrepublica.com\/blog\/?s={search_term_string}\"},\"query-input\":{\"@type\":\"PropertyValueSpecification\",\"valueRequired\":true,\"valueName\":\"search_term_string\"}}],\"inLanguage\":\"es\"}]}<\/script>\n<!-- \/ Yoast SEO plugin. -->","yoast_head_json":{"title":"Estrategia Digital - Internet Rep\u00fablica","description":"Juntos definimos la estrategia digital de tu marca para hacerla m\u00e1s relevante. Somos una agencia especializada en marketing online y estrategia digital.","robots":{"index":"index","follow":"follow","max-snippet":"max-snippet:-1","max-image-preview":"max-image-preview:large","max-video-preview":"max-video-preview:-1"},"canonical":"https:\/\/internetrepublica.com\/blog\/estrategia-digital\/","og_locale":"es_ES","og_type":"article","og_title":"Estrategia Digital - Internet Rep\u00fablica","og_description":"Juntos definimos la estrategia digital de tu marca para hacerla m\u00e1s relevante. Somos una agencia especializada en marketing online y estrategia digital.","og_url":"https:\/\/internetrepublica.com\/blog\/estrategia-digital\/","og_site_name":"Internet Rep\u00fablica","article_modified_time":"2025-01-15T16:14:45+00:00","og_image":[{"width":489,"height":299,"url":"https:\/\/internetrepublica.com\/blog\/wp-content\/uploads\/2022\/05\/destacado.jpg","type":"image\/jpeg"}],"twitter_card":"summary_large_image","twitter_misc":{"Tiempo de lectura":"3 minutos"},"schema":{"@context":"https:\/\/schema.org","@graph":[{"@type":"WebPage","@id":"https:\/\/internetrepublica.com\/blog\/estrategia-digital\/","url":"https:\/\/internetrepublica.com\/blog\/estrategia-digital\/","name":"Estrategia Digital - Internet Rep\u00fablica","isPartOf":{"@id":"https:\/\/internetrepublica.com\/blog\/#website"},"datePublished":"2018-07-30T22:00:00+00:00","dateModified":"2025-01-15T16:14:45+00:00","description":"Juntos definimos la estrategia digital de tu marca para hacerla m\u00e1s relevante. Somos una agencia especializada en marketing online y estrategia digital.","breadcrumb":{"@id":"https:\/\/internetrepublica.com\/blog\/estrategia-digital\/#breadcrumb"},"inLanguage":"es","potentialAction":[{"@type":"ReadAction","target":["https:\/\/internetrepublica.com\/blog\/estrategia-digital\/"]}]},{"@type":"BreadcrumbList","@id":"https:\/\/internetrepublica.com\/blog\/estrategia-digital\/#breadcrumb","itemListElement":[{"@type":"ListItem","position":1,"name":"Agencia Marketing Digital","item":"https:\/\/internetrepublica.com\/blog\/"},{"@type":"ListItem","position":2,"name":"Estrategia Digital","item":"https:\/\/internetrepublica.com\/blog\/estrategia-digital\/"}]},{"@type":"WebSite","@id":"https:\/\/internetrepublica.com\/blog\/#website","url":"https:\/\/internetrepublica.com\/blog\/","name":"Internet Rep\u00fablica","description":"Agencia SEO y Marketing Digital","potentialAction":[{"@type":"SearchAction","target":{"@type":"EntryPoint","urlTemplate":"https:\/\/internetrepublica.com\/blog\/?s={search_term_string}"},"query-input":{"@type":"PropertyValueSpecification","valueRequired":true,"valueName":"search_term_string"}}],"inLanguage":"es"}]}},"_links":{"self":[{"href":"https:\/\/internetrepublica.com\/blog\/wp-json\/wp\/v2\/pages\/68706","targetHints":{"allow":["GET"]}}],"collection":[{"href":"https:\/\/internetrepublica.com\/blog\/wp-json\/wp\/v2\/pages"}],"about":[{"href":"https:\/\/internetrepublica.com\/blog\/wp-json\/wp\/v2\/types\/page"}],"author":[{"embeddable":true,"href":"https:\/\/internetrepublica.com\/blog\/wp-json\/wp\/v2\/users\/1"}],"replies":[{"embeddable":true,"href":"https:\/\/internetrepublica.com\/blog\/wp-json\/wp\/v2\/comments?post=68706"}],"version-history":[{"count":13,"href":"https:\/\/internetrepublica.com\/blog\/wp-json\/wp\/v2\/pages\/68706\/revisions"}],"predecessor-version":[{"id":76709,"href":"https:\/\/internetrepublica.com\/blog\/wp-json\/wp\/v2\/pages\/68706\/revisions\/76709"}],"wp:attachment":[{"href":"https:\/\/internetrepublica.com\/blog\/wp-json\/wp\/v2\/media?parent=68706"}],"curies":[{"name":"wp","href":"https:\/\/api.w.org\/{rel}","templated":true}]}}