{"id":68678,"date":"2016-12-27T00:00:00","date_gmt":"2016-12-26T23:00:00","guid":{"rendered":"https:\/\/internetrepublica.com\/fotocasa\/agencia-seo-barcelona\/"},"modified":"2024-06-04T12:21:26","modified_gmt":"2024-06-04T10:21:26","slug":"agencia-seo-barcelona","status":"publish","type":"page","link":"https:\/\/internetrepublica.com\/blog\/agencia-seo-barcelona\/","title":{"rendered":"Agencia SEO Barcelona"},"content":{"rendered":"<div class=\"wpb-content-wrapper\"><p>[vc_row css_animation=&#8221;&#8221; row_type=&#8221;row&#8221; use_row_as_full_screen_section=&#8221;no&#8221; type=&#8221;full_width&#8221; angled_section=&#8221;no&#8221; text_align=&#8221;left&#8221; background_image_as_pattern=&#8221;without_pattern&#8221; box_shadow_on_row=&#8221;no&#8221;][vc_column][vc_empty_space height=&#8221;50&#8243;][vc_row_inner row_type=&#8221;row&#8221; type=&#8221;grid&#8221; text_align=&#8221;left&#8221; css_animation=&#8221;&#8221;][vc_column_inner width=&#8221;1\/2&#8243;][vc_single_image image=&#8221;71234&#8243; img_size=&#8221;full&#8221; qode_css_animation=&#8221;&#8221;][\/vc_column_inner][vc_column_inner width=&#8221;1\/2&#8243;][vc_column_text]<\/p>\n<h2 style=\"text-align: left;\"><span style=\"color: #ff6700;\">\u00bfPOR QU\u00c9 CONTRATAR UNA AGENCIA SEO EN BARCELONA?<\/span><\/h2>\n<p>[\/vc_column_text][vc_empty_space height=&#8221;35&#8243;][vc_column_text]El objetivo de Internet Rep\u00fablica, agencia SEO en Barcelona, es ayudar a las marcas a que aumenten su visibilidad en buscadores gracias al posicionamiento org\u00e1nico SEO (siglas en ingl\u00e9s de Search Engine Optimization) y en m\u00f3vil, con el App Store Optimization, ASO.<\/p>\n<p>&nbsp;<\/p>\n<p>Tener un buen posicionamiento web SEO en Google tiene como consecuencia el aumento de sus ventas. Realizamos labores de consultor\u00eda SEO no solo en ordenador, sino en el m\u00f3vil, para que usted salga bien posicionado independientemente del dispositivo desde el que le est\u00e9n buscando.<\/p>\n<p>&nbsp;<\/p>\n<p>Trabajamos con una estrategia global y totalmente integrada al combinar el an\u00e1lisis de mercado y el posicionamiento con las palabras claves deseadas. Y lo hacemos empleando una serie de acciones, canales y t\u00e9cnicas que aumentan la visibilidad y, por lo tanto, la buena reputaci\u00f3n en internet, tambi\u00e9n en redes sociales.[\/vc_column_text][\/vc_column_inner][\/vc_row_inner][vc_empty_space height=&#8221;50&#8243;][\/vc_column][\/vc_row][vc_row css_animation=&#8221;&#8221; row_type=&#8221;row&#8221; use_row_as_full_screen_section=&#8221;no&#8221; type=&#8221;full_width&#8221; angled_section=&#8221;no&#8221; text_align=&#8221;left&#8221; background_image_as_pattern=&#8221;without_pattern&#8221; z_index=&#8221;&#8221;][vc_column][vc_row_inner row_type=&#8221;row&#8221; type=&#8221;grid&#8221; text_align=&#8221;left&#8221; css_animation=&#8221;&#8221;][vc_column_inner width=&#8221;1\/2&#8243; css=&#8221;.vc_custom_1598008858487{padding-top: 20px !important;}&#8221;][vc_column_text]<\/p>\n<h2 style=\"text-align: left;\"><span style=\"color: #ff6700;\">POSICIONAMIENTO SEO BARCELONA<\/span><\/h2>\n<p>[\/vc_column_text][vc_column_text]<\/p>\n<h4>\u00bfQU\u00c9 SERVICIOS OFRECEMOS?<\/h4>\n<p>[\/vc_column_text][vc_empty_space height=&#8221;35&#8243;][vc_column_text]Los servicios SEO que ofrecemos son los siguientes:<\/p>\n<ul>\n<li>Generaci\u00f3n de contenidos orientados a mejorar el posicionamiento en buscadores de su p\u00e1gina web.<\/li>\n<li>Integraci\u00f3n de la anal\u00edtica web y el SEO, para poder medir no s\u00f3lo las visitas a su web sino las conversiones.<\/li>\n<li>Integraci\u00f3n de SEM y SEO.<\/li>\n<li>Integraci\u00f3n con herramientas de anal\u00edtica como Google Analytics u Omniture.<\/li>\n<li>Campa\u00f1as de linkbuilding (consecuci\u00f3n de enlaces).<\/li>\n<li>Eliminaci\u00f3n de penalizaciones SEO.<\/li>\n<li>Limpieza de reputaci\u00f3n online.<\/li>\n<li>Adaptaci\u00f3n de su web a un dise\u00f1o responsive, que pueda visualizarse bien su web desde un ordenador, una tablet o un m\u00f3vil.<\/li>\n<\/ul>\n<p>&nbsp;<\/p>\n<p>Adem\u00e1s, nuestro equipo SEO ofrece servicios muy avanzados en la elaboraci\u00f3n de informes. Est\u00e1n estrictamente personalizados en funci\u00f3n de lo que requiere cada cliente o cada departamento de marca., con una adaptaci\u00f3n de informes en el formato m\u00e1s conveniente y con una flexibilidad del 100%.<\/p>\n<p>&nbsp;<\/p>\n<p>Gracias al equipo SEO, formado por profesionales con m\u00e1s de 15 a\u00f1os de experiencia en internet, y a la utilizaci\u00f3n de las herramientas m\u00e1s actuales en la elaboraci\u00f3n de consultor\u00eda y an\u00e1lisis, consolidamos la presencia de marca y vigilamos la reputaci\u00f3n online en redes sociales y buscadores.[\/vc_column_text][\/vc_column_inner][vc_column_inner width=&#8221;1\/2&#8243; el_id=&#8221;contact-form&#8221; css=&#8221;.vc_custom_1717496458178{padding-bottom: 30px !important;padding-left: 25px !important;background-color: #ffffff !important;}&#8221;]\n<div class=\"wpcf7 no-js\" id=\"wpcf7-f70709-o1\" lang=\"es-ES\" dir=\"ltr\" data-wpcf7-id=\"70709\">\n<div class=\"screen-reader-response\"><p role=\"status\" aria-live=\"polite\" aria-atomic=\"true\"><\/p> <ul><\/ul><\/div>\n<form action=\"\/blog\/wp-json\/wp\/v2\/pages\/68678#wpcf7-f70709-o1\" method=\"post\" class=\"wpcf7-form init default wpcf7-acceptance-as-validation\" aria-label=\"Formulario de contacto\" novalidate=\"novalidate\" data-status=\"init\">\n<fieldset class=\"hidden-fields-container\"><input type=\"hidden\" name=\"_wpcf7\" value=\"70709\" \/><input type=\"hidden\" name=\"_wpcf7_version\" value=\"6.1.5\" \/><input type=\"hidden\" name=\"_wpcf7_locale\" value=\"es_ES\" \/><input type=\"hidden\" name=\"_wpcf7_unit_tag\" value=\"wpcf7-f70709-o1\" \/><input type=\"hidden\" name=\"_wpcf7_container_post\" value=\"0\" \/><input type=\"hidden\" name=\"_wpcf7_posted_data_hash\" value=\"\" \/><input type=\"hidden\" name=\"_wpcf7_recaptcha_response\" value=\"\" \/>\n<\/fieldset>\n<p><span class=\"wpcf7-form-control-wrap\" data-name=\"Nombre-12\"><input size=\"40\" maxlength=\"400\" class=\"wpcf7-form-control wpcf7-text wpcf7-validates-as-required form-label\" aria-required=\"true\" aria-invalid=\"false\" placeholder=\"Nombre\" value=\"\" type=\"text\" name=\"Nombre-12\" \/><\/span><br \/>\n<span class=\"wpcf7-form-control-wrap\" data-name=\"Email-12\"><input size=\"40\" maxlength=\"400\" class=\"wpcf7-form-control wpcf7-email wpcf7-validates-as-required wpcf7-text wpcf7-validates-as-email form-label\" aria-required=\"true\" aria-invalid=\"false\" placeholder=\"Email\" value=\"\" type=\"email\" name=\"Email-12\" \/><\/span><br \/>\n<span class=\"wpcf7-form-control-wrap\" data-name=\"Telefono-12\"><input size=\"40\" maxlength=\"400\" class=\"wpcf7-form-control wpcf7-tel wpcf7-validates-as-required wpcf7-text wpcf7-validates-as-tel form-label\" aria-required=\"true\" aria-invalid=\"false\" placeholder=\"Tel\u00e9fono\" value=\"\" type=\"tel\" name=\"Telefono-12\" \/><\/span><br \/>\n<span class=\"wpcf7-form-control-wrap\" data-name=\"Empresa-12\"><input size=\"40\" maxlength=\"400\" class=\"wpcf7-form-control wpcf7-text wpcf7-validates-as-required form-label\" aria-required=\"true\" aria-invalid=\"false\" placeholder=\"Empresa (web)\" value=\"\" type=\"text\" name=\"Empresa-12\" \/><\/span><br \/>\n<span class=\"wpcf7-form-control-wrap\" data-name=\"mensaje-12\"><textarea cols=\"40\" rows=\"10\" maxlength=\"2000\" class=\"wpcf7-form-control wpcf7-textarea form-label\" aria-invalid=\"false\" placeholder=\"\u00bfQu\u00e9 necesitas?\" name=\"mensaje-12\"><\/textarea><\/span><br \/>\n<span class=\"wpcf7-form-control-wrap\" data-name=\"acceptance-3\"><span class=\"wpcf7-form-control wpcf7-acceptance\"><span class=\"wpcf7-list-item\"><input type=\"checkbox\" name=\"acceptance-3\" value=\"1\" aria-invalid=\"false\" \/><\/span><\/span><\/span> He le\u00eddo y acepto la <a target=\"_blank\" href=\"https:\/\/internetrepublica.com\/politica-privacidad\/\">pol\u00edtica de privacidad.<\/a>\n<\/p>\n<input class=\"wpcf7-form-control wpcf7-hidden\" value=\"\" type=\"hidden\" name=\"utm_source\" \/>\n<input class=\"wpcf7-form-control wpcf7-hidden\" value=\"\" type=\"hidden\" name=\"utm_medium\" \/>\n<p><input class=\"wpcf7-form-control wpcf7-submit has-spinner btn-submit\" type=\"submit\" value=\"Enviar\" \/><br \/>\n<small style=\"margin-top:10px; float: left; \">*Inversi\u00f3n M\u00ednima 2.000\u20ac\/mes<\/small>\n<\/p><div class=\"wpcf7-response-output\" aria-hidden=\"true\"><\/div>\n<\/form>\n<\/div>\n[\/vc_column_inner][\/vc_row_inner][\/vc_column][\/vc_row][vc_row css_animation=&#8221;&#8221; row_type=&#8221;row&#8221; use_row_as_full_screen_section=&#8221;no&#8221; type=&#8221;full_width&#8221; angled_section=&#8221;no&#8221; text_align=&#8221;left&#8221; background_image_as_pattern=&#8221;without_pattern&#8221; z_index=&#8221;&#8221;][vc_column][vc_row_inner row_type=&#8221;row&#8221; type=&#8221;grid&#8221; text_align=&#8221;left&#8221; css_animation=&#8221;&#8221;][vc_column_inner][vc_empty_space height=&#8221;50&#8243;]<div class='portfolio_slider_holder clearfix'><div class='portfolio_slider'  data-number_of_items='5'  ><ul class='portfolio_slides'><li class='item'><div class='image_holder'><span class='image'><span class='image_pixel_hover'><\/span><a itemprop='url' href='https:\/\/internetrepublica.com\/blog\/portfolio_page\/vodafone\/' target='_self'><img loading=\"lazy\" decoding=\"async\" width=\"500\" height=\"380\" src=\"https:\/\/internetrepublica.com\/blog\/wp-content\/uploads\/2018\/07\/destacado_vodafone-500x380.jpg\" class=\"attachment-portfolio_slider size-portfolio_slider wp-post-image\" alt=\"Vodafone\" \/><\/a><\/span><div class='hover_feature_holder'><div class=\"hover_feature_holder_outer\"><div class=\"hover_feature_holder_inner\"><h5 itemprop=\"name\" class=\"portfolio_title entry_title\"><a itemprop=\"url\" href=\"https:\/\/internetrepublica.com\/blog\/portfolio_page\/vodafone\/\" target=\"_self\">Vodafone<\/a><\/h5><span class=\"separator small\"><\/span><div class=\"project_category\">SEO<\/div><\/div><\/div><\/div><\/div><\/li><li class='item'><div class='image_holder'><span class='image'><span class='image_pixel_hover'><\/span><a itemprop='url' href='https:\/\/internetrepublica.com\/blog\/portfolio_page\/consum\/' target='_self'><img loading=\"lazy\" decoding=\"async\" width=\"500\" height=\"380\" src=\"https:\/\/internetrepublica.com\/blog\/wp-content\/uploads\/2024\/06\/destacado_consum-500x380.jpg\" class=\"attachment-portfolio_slider size-portfolio_slider wp-post-image\" alt=\"Consum\" \/><\/a><\/span><div class='hover_feature_holder'><div class=\"hover_feature_holder_outer\"><div class=\"hover_feature_holder_inner\"><h5 itemprop=\"name\" class=\"portfolio_title entry_title\"><a itemprop=\"url\" href=\"https:\/\/internetrepublica.com\/blog\/portfolio_page\/consum\/\" target=\"_self\">Consum<\/a><\/h5><span class=\"separator small\"><\/span><div class=\"project_category\">SEO<\/div><\/div><\/div><\/div><\/div><\/li><li class='item'><div class='image_holder'><span class='image'><span class='image_pixel_hover'><\/span><a itemprop='url' href='https:\/\/internetrepublica.com\/blog\/portfolio_page\/mapfre\/' target='_self'><img loading=\"lazy\" decoding=\"async\" width=\"500\" height=\"380\" src=\"https:\/\/internetrepublica.com\/blog\/wp-content\/uploads\/2019\/05\/destacado_mapfre-500x380.jpg\" class=\"attachment-portfolio_slider size-portfolio_slider wp-post-image\" alt=\"Mapfre\" \/><\/a><\/span><div class='hover_feature_holder'><div class=\"hover_feature_holder_outer\"><div class=\"hover_feature_holder_inner\"><h5 itemprop=\"name\" class=\"portfolio_title entry_title\"><a itemprop=\"url\" href=\"https:\/\/internetrepublica.com\/blog\/portfolio_page\/mapfre\/\" target=\"_self\">Mapfre<\/a><\/h5><span class=\"separator small\"><\/span><div class=\"project_category\">SEO<\/div><\/div><\/div><\/div><\/div><\/li><li class='item'><div class='image_holder'><span class='image'><span class='image_pixel_hover'><\/span><a itemprop='url' href='https:\/\/internetrepublica.com\/blog\/portfolio_page\/universia\/' target='_self'><img loading=\"lazy\" decoding=\"async\" width=\"500\" height=\"380\" src=\"https:\/\/internetrepublica.com\/blog\/wp-content\/uploads\/2024\/06\/destacado_universia-1-500x380.jpg\" class=\"attachment-portfolio_slider size-portfolio_slider wp-post-image\" alt=\"Universia\" \/><\/a><\/span><div class='hover_feature_holder'><div class=\"hover_feature_holder_outer\"><div class=\"hover_feature_holder_inner\"><h5 itemprop=\"name\" class=\"portfolio_title entry_title\"><a itemprop=\"url\" href=\"https:\/\/internetrepublica.com\/blog\/portfolio_page\/universia\/\" target=\"_self\">Universia<\/a><\/h5><span class=\"separator small\"><\/span><div class=\"project_category\">SEO<\/div><\/div><\/div><\/div><\/div><\/li><\/ul><ul class=\"caroufredsel-direction-nav\"><li><a id=\"caroufredsel-prev\" class=\"caroufredsel-prev\" href=\"#\"><div><i class=\"fa fa-angle-left\"><\/i><\/div><\/a><\/li><li><a class=\"caroufredsel-next\" id=\"caroufredsel-next\" href=\"#\"><div><i class=\"fa fa-angle-right\"><\/i><\/div><\/a><\/li><\/ul><\/div><\/div>[\/vc_column_inner][\/vc_row_inner][\/vc_column][\/vc_row]<\/p>\n<\/div>","protected":false},"excerpt":{"rendered":"<p>[vc_row css_animation=&#8221;&#8221; row_type=&#8221;row&#8221; use_row_as_full_screen_section=&#8221;no&#8221; type=&#8221;full_width&#8221; angled_section=&#8221;no&#8221; text_align=&#8221;left&#8221; background_image_as_pattern=&#8221;without_pattern&#8221; box_shadow_on_row=&#8221;no&#8221;][vc_column][vc_empty_space height=&#8221;50&#8243;][vc_row_inner row_type=&#8221;row&#8221; type=&#8221;grid&#8221; text_align=&#8221;left&#8221; css_animation=&#8221;&#8221;][vc_column_inner width=&#8221;1\/2&#8243;][vc_single_image image=&#8221;71234&#8243; img_size=&#8221;full&#8221; qode_css_animation=&#8221;&#8221;][\/vc_column_inner][vc_column_inner width=&#8221;1\/2&#8243;][vc_column_text] \u00bfPOR QU\u00c9 CONTRATAR UNA AGENCIA SEO&#8230;<\/p>\n","protected":false},"author":1,"featured_media":0,"parent":0,"menu_order":0,"comment_status":"open","ping_status":"closed","template":"full_width.php","meta":{"content-type":"","inline_featured_image":false,"footnotes":""},"class_list":["post-68678","page","type-page","status-publish","hentry"],"yoast_head":"<!-- This site is optimized with the Yoast SEO plugin v27.2 - https:\/\/yoast.com\/product\/yoast-seo-wordpress\/ -->\n<title>Agencia de Posicionamiento SEO en Barcelona. Internet Rep\u00fablica<\/title>\n<meta name=\"description\" content=\"Somos tu agencia SEO en Barcelona, que te ayudar\u00e1 a mejorar el posicionamiento en Google de tu p\u00e1gina web y tienda online. Servicios de consultor\u00eda SEO en Barcelona optimizar\u00e1n tu site.\" \/>\n<meta name=\"robots\" content=\"index, follow, max-snippet:-1, max-image-preview:large, max-video-preview:-1\" \/>\n<link rel=\"canonical\" href=\"https:\/\/internetrepublica.com\/blog\/agencia-seo-barcelona\/\" \/>\n<meta property=\"og:locale\" content=\"es_ES\" \/>\n<meta property=\"og:type\" content=\"article\" \/>\n<meta property=\"og:title\" content=\"Agencia de Posicionamiento SEO en Barcelona. Internet Rep\u00fablica\" \/>\n<meta property=\"og:description\" content=\"Somos tu agencia SEO en Barcelona, que te ayudar\u00e1 a mejorar el posicionamiento en Google de tu p\u00e1gina web y tienda online. Servicios de consultor\u00eda SEO en Barcelona optimizar\u00e1n tu site.\" \/>\n<meta property=\"og:url\" content=\"https:\/\/internetrepublica.com\/blog\/agencia-seo-barcelona\/\" \/>\n<meta property=\"og:site_name\" content=\"Internet Rep\u00fablica\" \/>\n<meta property=\"article:modified_time\" content=\"2024-06-04T10:21:26+00:00\" \/>\n<meta property=\"og:image\" content=\"https:\/\/internetrepublica.com\/blog\/wp-content\/uploads\/2022\/05\/destacado.jpg\" \/>\n\t<meta property=\"og:image:width\" content=\"489\" \/>\n\t<meta property=\"og:image:height\" content=\"299\" \/>\n\t<meta property=\"og:image:type\" content=\"image\/jpeg\" \/>\n<meta name=\"twitter:card\" content=\"summary_large_image\" \/>\n<meta name=\"twitter:label1\" content=\"Tiempo de lectura\" \/>\n\t<meta name=\"twitter:data1\" content=\"3 minutos\" \/>\n<script type=\"application\/ld+json\" class=\"yoast-schema-graph\">{\"@context\":\"https:\/\/schema.org\",\"@graph\":[{\"@type\":\"WebPage\",\"@id\":\"https:\/\/internetrepublica.com\/blog\/agencia-seo-barcelona\/\",\"url\":\"https:\/\/internetrepublica.com\/blog\/agencia-seo-barcelona\/\",\"name\":\"Agencia de Posicionamiento SEO en Barcelona. Internet Rep\u00fablica\",\"isPartOf\":{\"@id\":\"https:\/\/internetrepublica.com\/blog\/#website\"},\"datePublished\":\"2016-12-26T23:00:00+00:00\",\"dateModified\":\"2024-06-04T10:21:26+00:00\",\"description\":\"Somos tu agencia SEO en Barcelona, que te ayudar\u00e1 a mejorar el posicionamiento en Google de tu p\u00e1gina web y tienda online. Servicios de consultor\u00eda SEO en Barcelona optimizar\u00e1n tu site.\",\"breadcrumb\":{\"@id\":\"https:\/\/internetrepublica.com\/blog\/agencia-seo-barcelona\/#breadcrumb\"},\"inLanguage\":\"es\",\"potentialAction\":[{\"@type\":\"ReadAction\",\"target\":[\"https:\/\/internetrepublica.com\/blog\/agencia-seo-barcelona\/\"]}]},{\"@type\":\"BreadcrumbList\",\"@id\":\"https:\/\/internetrepublica.com\/blog\/agencia-seo-barcelona\/#breadcrumb\",\"itemListElement\":[{\"@type\":\"ListItem\",\"position\":1,\"name\":\"Agencia Marketing Digital\",\"item\":\"https:\/\/internetrepublica.com\/blog\/\"},{\"@type\":\"ListItem\",\"position\":2,\"name\":\"Agencia SEO Barcelona\",\"item\":\"https:\/\/internetrepublica.com\/blog\/portfolio_page\/universia\/\"}]},{\"@type\":\"WebSite\",\"@id\":\"https:\/\/internetrepublica.com\/blog\/#website\",\"url\":\"https:\/\/internetrepublica.com\/blog\/\",\"name\":\"Internet Rep\u00fablica\",\"description\":\"Agencia SEO y Marketing Digital\",\"potentialAction\":[{\"@type\":\"SearchAction\",\"target\":{\"@type\":\"EntryPoint\",\"urlTemplate\":\"https:\/\/internetrepublica.com\/blog\/?s={search_term_string}\"},\"query-input\":{\"@type\":\"PropertyValueSpecification\",\"valueRequired\":true,\"valueName\":\"search_term_string\"}}],\"inLanguage\":\"es\"}]}<\/script>\n<!-- \/ Yoast SEO plugin. -->","yoast_head_json":{"title":"Agencia de Posicionamiento SEO en Barcelona. Internet Rep\u00fablica","description":"Somos tu agencia SEO en Barcelona, que te ayudar\u00e1 a mejorar el posicionamiento en Google de tu p\u00e1gina web y tienda online. Servicios de consultor\u00eda SEO en Barcelona optimizar\u00e1n tu site.","robots":{"index":"index","follow":"follow","max-snippet":"max-snippet:-1","max-image-preview":"max-image-preview:large","max-video-preview":"max-video-preview:-1"},"canonical":"https:\/\/internetrepublica.com\/blog\/agencia-seo-barcelona\/","og_locale":"es_ES","og_type":"article","og_title":"Agencia de Posicionamiento SEO en Barcelona. Internet Rep\u00fablica","og_description":"Somos tu agencia SEO en Barcelona, que te ayudar\u00e1 a mejorar el posicionamiento en Google de tu p\u00e1gina web y tienda online. Servicios de consultor\u00eda SEO en Barcelona optimizar\u00e1n tu site.","og_url":"https:\/\/internetrepublica.com\/blog\/agencia-seo-barcelona\/","og_site_name":"Internet Rep\u00fablica","article_modified_time":"2024-06-04T10:21:26+00:00","og_image":[{"width":489,"height":299,"url":"https:\/\/internetrepublica.com\/blog\/wp-content\/uploads\/2022\/05\/destacado.jpg","type":"image\/jpeg"}],"twitter_card":"summary_large_image","twitter_misc":{"Tiempo de lectura":"3 minutos"},"schema":{"@context":"https:\/\/schema.org","@graph":[{"@type":"WebPage","@id":"https:\/\/internetrepublica.com\/blog\/agencia-seo-barcelona\/","url":"https:\/\/internetrepublica.com\/blog\/agencia-seo-barcelona\/","name":"Agencia de Posicionamiento SEO en Barcelona. Internet Rep\u00fablica","isPartOf":{"@id":"https:\/\/internetrepublica.com\/blog\/#website"},"datePublished":"2016-12-26T23:00:00+00:00","dateModified":"2024-06-04T10:21:26+00:00","description":"Somos tu agencia SEO en Barcelona, que te ayudar\u00e1 a mejorar el posicionamiento en Google de tu p\u00e1gina web y tienda online. Servicios de consultor\u00eda SEO en Barcelona optimizar\u00e1n tu site.","breadcrumb":{"@id":"https:\/\/internetrepublica.com\/blog\/agencia-seo-barcelona\/#breadcrumb"},"inLanguage":"es","potentialAction":[{"@type":"ReadAction","target":["https:\/\/internetrepublica.com\/blog\/agencia-seo-barcelona\/"]}]},{"@type":"BreadcrumbList","@id":"https:\/\/internetrepublica.com\/blog\/agencia-seo-barcelona\/#breadcrumb","itemListElement":[{"@type":"ListItem","position":1,"name":"Agencia Marketing Digital","item":"https:\/\/internetrepublica.com\/blog\/"},{"@type":"ListItem","position":2,"name":"Agencia SEO Barcelona","item":"https:\/\/internetrepublica.com\/blog\/portfolio_page\/universia\/"}]},{"@type":"WebSite","@id":"https:\/\/internetrepublica.com\/blog\/#website","url":"https:\/\/internetrepublica.com\/blog\/","name":"Internet Rep\u00fablica","description":"Agencia SEO y Marketing Digital","potentialAction":[{"@type":"SearchAction","target":{"@type":"EntryPoint","urlTemplate":"https:\/\/internetrepublica.com\/blog\/?s={search_term_string}"},"query-input":{"@type":"PropertyValueSpecification","valueRequired":true,"valueName":"search_term_string"}}],"inLanguage":"es"}]}},"_links":{"self":[{"href":"https:\/\/internetrepublica.com\/blog\/wp-json\/wp\/v2\/pages\/68678","targetHints":{"allow":["GET"]}}],"collection":[{"href":"https:\/\/internetrepublica.com\/blog\/wp-json\/wp\/v2\/pages"}],"about":[{"href":"https:\/\/internetrepublica.com\/blog\/wp-json\/wp\/v2\/types\/page"}],"author":[{"embeddable":true,"href":"https:\/\/internetrepublica.com\/blog\/wp-json\/wp\/v2\/users\/1"}],"replies":[{"embeddable":true,"href":"https:\/\/internetrepublica.com\/blog\/wp-json\/wp\/v2\/comments?post=68678"}],"version-history":[{"count":8,"href":"https:\/\/internetrepublica.com\/blog\/wp-json\/wp\/v2\/pages\/68678\/revisions"}],"predecessor-version":[{"id":74835,"href":"https:\/\/internetrepublica.com\/blog\/wp-json\/wp\/v2\/pages\/68678\/revisions\/74835"}],"wp:attachment":[{"href":"https:\/\/internetrepublica.com\/blog\/wp-json\/wp\/v2\/media?parent=68678"}],"curies":[{"name":"wp","href":"https:\/\/api.w.org\/{rel}","templated":true}]}}