{"id":68677,"date":"2016-12-27T00:00:00","date_gmt":"2016-12-26T23:00:00","guid":{"rendered":"https:\/\/internetrepublica.com\/fotocasa\/agencia-seo-miami\/"},"modified":"2024-06-04T11:33:37","modified_gmt":"2024-06-04T09:33:37","slug":"agencia-seo-miami","status":"publish","type":"page","link":"https:\/\/internetrepublica.com\/blog\/agencia-seo-miami\/","title":{"rendered":"Agencia SEO Miami"},"content":{"rendered":"<div class=\"wpb-content-wrapper\"><p>[vc_row css_animation=&#8221;&#8221; row_type=&#8221;row&#8221; use_row_as_full_screen_section=&#8221;no&#8221; type=&#8221;full_width&#8221; angled_section=&#8221;no&#8221; text_align=&#8221;left&#8221; background_image_as_pattern=&#8221;without_pattern&#8221; box_shadow_on_row=&#8221;no&#8221;][vc_column][vc_column_text]<\/p>\n<h3>\u00bfPor qu\u00e9 contratar una agencia SEO?<\/h3>\n<p>&nbsp;<\/p>\n<p>Internet Rep\u00fablica es una <a href=\"\/agencia-seo\/\">agencia SEO<\/a> en Miami que est\u00e1 especializada en el dise\u00f1o y la creaci\u00f3n de estrategias de m\u00e1rketing digital, social media y reputaci\u00f3n online para la visibilidad de marca en redes sociales y buscadores. En este sentido, cuidamos la presencia de una empresa en el entorno digital de forma global, adapt\u00e1ndonos las nuevas formas de comportamiento de los usuarios y su manera de consumir los productos en internet.<\/p>\n<p><strong>Ahora, los clientes ya no se limitan a recibir informaci\u00f3n sobre una marca de forma unidireccional, sino que salen a la b\u00fasqueda de recomendaciones, comparaciones, y all\u00ed es donde debe estar nuestro producto, aparentemente por casualidad, sin molestar.<\/strong> Tratando la estrategia de presencia de marca de forma global, observando a nuestra competencia y analizando el mercado, junto con los conocimientos actualizados diariamente sobre los cambios de los propios buscadores, conseguimos dise\u00f1ar acciones y posicionar palabras clave para que el consumidor nos encuentre f\u00e1cilmente y, en definitiva, se convierta en un cliente.<\/p>\n<p>Y todo esto es posible desde el punto de vista del posicionamiento org\u00e1nico, es decir, el SEO y el ASO (para m\u00f3vil), que a medio plazo consiguen ahorrar grandes partidas de presupuesto de m\u00e1rketing destinadas hasta ahora al SEM, la publicidad en buscadores.[\/vc_column_text][\/vc_column][\/vc_row][vc_row css_animation=&#8221;&#8221; row_type=&#8221;row&#8221; use_row_as_full_screen_section=&#8221;no&#8221; type=&#8221;full_width&#8221; angled_section=&#8221;no&#8221; text_align=&#8221;left&#8221; background_image_as_pattern=&#8221;without_pattern&#8221; padding_top=&#8221;50&#8243; padding_bottom=&#8221;50&#8243; box_shadow_on_row=&#8221;no&#8221;][vc_column][vc_column_text]<\/p>\n<h3>\u00bfQu\u00e9 servicios ofrecemos?<\/h3>\n<p>&nbsp;<\/p>\n<p>Estos son algunos de servicios que ofrecemos en el equipo SEO de Internet Rep\u00fablica:<\/p>\n<p>\u2013 Reporting personalizado.<br \/>\n\u2013 Adaptaci\u00f3n de informes: flexibilidad 100%.<br \/>\n\u2013 Integraci\u00f3n anal\u00edtica y SEO: posiciones + tr\u00e1fico + conversiones.<br \/>\n\u2013 Periodicidad mensual.<\/p>\n<p>Estamos acostumbrados a trabajar con grandes empresas o con equipos muy departamentados con distintas necesidades, por lo que sabemos lo importante que es para una marca contar con una agencia SEO que se adapte al formato m\u00e1s conveniente para cada interlocutor. Adem\u00e1s, ofrecemos formaci\u00f3n inhouse totalmente personalizada.<br \/>\nTodo esto es posible tambi\u00e9n al contar con las \u00faltimas herramientas de consultor\u00eda SEO y an\u00e1lisis de la competencia, lo que permite consolidar la presencia de una empresa en buscadores y redes sociales de la mano de webs y blogs corporativos o externo.[\/vc_column_text][\/vc_column][\/vc_row][vc_row css_animation=&#8221;&#8221; row_type=&#8221;row&#8221; use_row_as_full_screen_section=&#8221;no&#8221; type=&#8221;full_width&#8221; angled_section=&#8221;no&#8221; text_align=&#8221;left&#8221; background_image_as_pattern=&#8221;without_pattern&#8221; box_shadow_on_row=&#8221;no&#8221;][vc_column]<div class='portfolio_slider_holder clearfix'><div class='portfolio_slider'  data-number_of_items='5'  ><ul class='portfolio_slides'><li class='item'><div class='image_holder'><span class='image'><span class='image_pixel_hover'><\/span><a itemprop='url' href='https:\/\/internetrepublica.com\/blog\/portfolio_page\/vodafone\/' target='_self'><img loading=\"lazy\" decoding=\"async\" width=\"500\" height=\"380\" src=\"https:\/\/internetrepublica.com\/blog\/wp-content\/uploads\/2018\/07\/destacado_vodafone-500x380.jpg\" class=\"attachment-portfolio_slider size-portfolio_slider wp-post-image\" alt=\"Vodafone\" \/><\/a><\/span><div class='hover_feature_holder'><div class=\"hover_feature_holder_outer\"><div class=\"hover_feature_holder_inner\"><h5 itemprop=\"name\" class=\"portfolio_title entry_title\"><a itemprop=\"url\" href=\"https:\/\/internetrepublica.com\/blog\/portfolio_page\/vodafone\/\" target=\"_self\">Vodafone<\/a><\/h5><span class=\"separator small\"><\/span><div class=\"project_category\">SEO<\/div><\/div><\/div><\/div><\/div><\/li><li class='item'><div class='image_holder'><span class='image'><span class='image_pixel_hover'><\/span><a itemprop='url' href='https:\/\/internetrepublica.com\/blog\/portfolio_page\/consum\/' target='_self'><img loading=\"lazy\" decoding=\"async\" width=\"500\" height=\"380\" src=\"https:\/\/internetrepublica.com\/blog\/wp-content\/uploads\/2024\/06\/destacado_consum-500x380.jpg\" class=\"attachment-portfolio_slider size-portfolio_slider wp-post-image\" alt=\"Consum\" \/><\/a><\/span><div class='hover_feature_holder'><div class=\"hover_feature_holder_outer\"><div class=\"hover_feature_holder_inner\"><h5 itemprop=\"name\" class=\"portfolio_title entry_title\"><a itemprop=\"url\" href=\"https:\/\/internetrepublica.com\/blog\/portfolio_page\/consum\/\" target=\"_self\">Consum<\/a><\/h5><span class=\"separator small\"><\/span><div class=\"project_category\">SEO<\/div><\/div><\/div><\/div><\/div><\/li><li class='item'><div class='image_holder'><span class='image'><span class='image_pixel_hover'><\/span><a itemprop='url' href='https:\/\/internetrepublica.com\/blog\/portfolio_page\/mapfre\/' target='_self'><img loading=\"lazy\" decoding=\"async\" width=\"500\" height=\"380\" src=\"https:\/\/internetrepublica.com\/blog\/wp-content\/uploads\/2019\/05\/destacado_mapfre-500x380.jpg\" class=\"attachment-portfolio_slider size-portfolio_slider wp-post-image\" alt=\"Mapfre\" \/><\/a><\/span><div class='hover_feature_holder'><div class=\"hover_feature_holder_outer\"><div class=\"hover_feature_holder_inner\"><h5 itemprop=\"name\" class=\"portfolio_title entry_title\"><a itemprop=\"url\" href=\"https:\/\/internetrepublica.com\/blog\/portfolio_page\/mapfre\/\" target=\"_self\">Mapfre<\/a><\/h5><span class=\"separator small\"><\/span><div class=\"project_category\">SEO<\/div><\/div><\/div><\/div><\/div><\/li><li class='item'><div class='image_holder'><span class='image'><span class='image_pixel_hover'><\/span><a itemprop='url' href='https:\/\/internetrepublica.com\/blog\/portfolio_page\/universia\/' target='_self'><img loading=\"lazy\" decoding=\"async\" width=\"500\" height=\"380\" src=\"https:\/\/internetrepublica.com\/blog\/wp-content\/uploads\/2024\/06\/destacado_universia-1-500x380.jpg\" class=\"attachment-portfolio_slider size-portfolio_slider wp-post-image\" alt=\"Universia\" \/><\/a><\/span><div class='hover_feature_holder'><div class=\"hover_feature_holder_outer\"><div class=\"hover_feature_holder_inner\"><h5 itemprop=\"name\" class=\"portfolio_title entry_title\"><a itemprop=\"url\" href=\"https:\/\/internetrepublica.com\/blog\/portfolio_page\/universia\/\" target=\"_self\">Universia<\/a><\/h5><span class=\"separator small\"><\/span><div class=\"project_category\">SEO<\/div><\/div><\/div><\/div><\/div><\/li><\/ul><ul class=\"caroufredsel-direction-nav\"><li><a id=\"caroufredsel-prev\" class=\"caroufredsel-prev\" href=\"#\"><div><i class=\"fa fa-angle-left\"><\/i><\/div><\/a><\/li><li><a class=\"caroufredsel-next\" id=\"caroufredsel-next\" href=\"#\"><div><i class=\"fa fa-angle-right\"><\/i><\/div><\/a><\/li><\/ul><\/div><\/div>[\/vc_column][\/vc_row]<\/p>\n<\/div>","protected":false},"excerpt":{"rendered":"<p>[vc_row css_animation=&#8221;&#8221; row_type=&#8221;row&#8221; use_row_as_full_screen_section=&#8221;no&#8221; type=&#8221;full_width&#8221; angled_section=&#8221;no&#8221; text_align=&#8221;left&#8221; background_image_as_pattern=&#8221;without_pattern&#8221; box_shadow_on_row=&#8221;no&#8221;][vc_column][vc_column_text] \u00bfPor qu\u00e9 contratar una agencia SEO? &nbsp; Internet Rep\u00fablica es una agencia SEO en Miami que&#8230;<\/p>\n","protected":false},"author":1,"featured_media":0,"parent":0,"menu_order":0,"comment_status":"open","ping_status":"closed","template":"","meta":{"content-type":"","inline_featured_image":false,"footnotes":""},"class_list":["post-68677","page","type-page","status-publish","hentry"],"yoast_head":"<!-- This site is optimized with the Yoast SEO plugin v27.2 - https:\/\/yoast.com\/product\/yoast-seo-wordpress\/ -->\n<title>Agencia de SEO en Miami. Posicionamiento en Google. Internet Rep\u00fablica<\/title>\n<meta name=\"description\" content=\"Servicios de agencia SEO en Miami. Tu consultor especialista en SEO optimizar\u00e1 tu p\u00e1gina web y posicionar\u00e1 tu ecommerce. Mejora tu posicionamiento con nuestras auditor\u00edas SEO.\" \/>\n<meta name=\"robots\" content=\"index, follow, max-snippet:-1, max-image-preview:large, max-video-preview:-1\" \/>\n<link rel=\"canonical\" href=\"https:\/\/internetrepublica.com\/blog\/agencia-seo-miami\/\" \/>\n<meta property=\"og:locale\" content=\"es_ES\" \/>\n<meta property=\"og:type\" content=\"article\" \/>\n<meta property=\"og:title\" content=\"Agencia de SEO en Miami. Posicionamiento en Google. Internet Rep\u00fablica\" \/>\n<meta property=\"og:description\" content=\"Servicios de agencia SEO en Miami. Tu consultor especialista en SEO optimizar\u00e1 tu p\u00e1gina web y posicionar\u00e1 tu ecommerce. Mejora tu posicionamiento con nuestras auditor\u00edas SEO.\" \/>\n<meta property=\"og:url\" content=\"https:\/\/internetrepublica.com\/blog\/agencia-seo-miami\/\" \/>\n<meta property=\"og:site_name\" content=\"Internet Rep\u00fablica\" \/>\n<meta property=\"article:modified_time\" content=\"2024-06-04T09:33:37+00:00\" \/>\n<meta property=\"og:image\" content=\"https:\/\/internetrepublica.com\/blog\/wp-content\/uploads\/2022\/05\/destacado.jpg\" \/>\n\t<meta property=\"og:image:width\" content=\"489\" \/>\n\t<meta property=\"og:image:height\" content=\"299\" \/>\n\t<meta property=\"og:image:type\" content=\"image\/jpeg\" \/>\n<meta name=\"twitter:card\" content=\"summary_large_image\" \/>\n<meta name=\"twitter:label1\" content=\"Tiempo de lectura\" \/>\n\t<meta name=\"twitter:data1\" content=\"2 minutos\" \/>\n<script type=\"application\/ld+json\" class=\"yoast-schema-graph\">{\"@context\":\"https:\/\/schema.org\",\"@graph\":[{\"@type\":\"WebPage\",\"@id\":\"https:\/\/internetrepublica.com\/blog\/agencia-seo-miami\/\",\"url\":\"https:\/\/internetrepublica.com\/blog\/agencia-seo-miami\/\",\"name\":\"Agencia de SEO en Miami. Posicionamiento en Google. Internet Rep\u00fablica\",\"isPartOf\":{\"@id\":\"https:\/\/internetrepublica.com\/blog\/#website\"},\"datePublished\":\"2016-12-26T23:00:00+00:00\",\"dateModified\":\"2024-06-04T09:33:37+00:00\",\"description\":\"Servicios de agencia SEO en Miami. Tu consultor especialista en SEO optimizar\u00e1 tu p\u00e1gina web y posicionar\u00e1 tu ecommerce. Mejora tu posicionamiento con nuestras auditor\u00edas SEO.\",\"breadcrumb\":{\"@id\":\"https:\/\/internetrepublica.com\/blog\/agencia-seo-miami\/#breadcrumb\"},\"inLanguage\":\"es\",\"potentialAction\":[{\"@type\":\"ReadAction\",\"target\":[\"https:\/\/internetrepublica.com\/blog\/agencia-seo-miami\/\"]}]},{\"@type\":\"BreadcrumbList\",\"@id\":\"https:\/\/internetrepublica.com\/blog\/agencia-seo-miami\/#breadcrumb\",\"itemListElement\":[{\"@type\":\"ListItem\",\"position\":1,\"name\":\"Agencia Marketing Digital\",\"item\":\"https:\/\/internetrepublica.com\/blog\/\"},{\"@type\":\"ListItem\",\"position\":2,\"name\":\"Agencia SEO Miami\",\"item\":\"https:\/\/internetrepublica.com\/blog\/portfolio_page\/universia\/\"}]},{\"@type\":\"WebSite\",\"@id\":\"https:\/\/internetrepublica.com\/blog\/#website\",\"url\":\"https:\/\/internetrepublica.com\/blog\/\",\"name\":\"Internet Rep\u00fablica\",\"description\":\"Agencia SEO y Marketing Digital\",\"potentialAction\":[{\"@type\":\"SearchAction\",\"target\":{\"@type\":\"EntryPoint\",\"urlTemplate\":\"https:\/\/internetrepublica.com\/blog\/?s={search_term_string}\"},\"query-input\":{\"@type\":\"PropertyValueSpecification\",\"valueRequired\":true,\"valueName\":\"search_term_string\"}}],\"inLanguage\":\"es\"}]}<\/script>\n<!-- \/ Yoast SEO plugin. -->","yoast_head_json":{"title":"Agencia de SEO en Miami. Posicionamiento en Google. Internet Rep\u00fablica","description":"Servicios de agencia SEO en Miami. Tu consultor especialista en SEO optimizar\u00e1 tu p\u00e1gina web y posicionar\u00e1 tu ecommerce. Mejora tu posicionamiento con nuestras auditor\u00edas SEO.","robots":{"index":"index","follow":"follow","max-snippet":"max-snippet:-1","max-image-preview":"max-image-preview:large","max-video-preview":"max-video-preview:-1"},"canonical":"https:\/\/internetrepublica.com\/blog\/agencia-seo-miami\/","og_locale":"es_ES","og_type":"article","og_title":"Agencia de SEO en Miami. Posicionamiento en Google. Internet Rep\u00fablica","og_description":"Servicios de agencia SEO en Miami. Tu consultor especialista en SEO optimizar\u00e1 tu p\u00e1gina web y posicionar\u00e1 tu ecommerce. Mejora tu posicionamiento con nuestras auditor\u00edas SEO.","og_url":"https:\/\/internetrepublica.com\/blog\/agencia-seo-miami\/","og_site_name":"Internet Rep\u00fablica","article_modified_time":"2024-06-04T09:33:37+00:00","og_image":[{"width":489,"height":299,"url":"https:\/\/internetrepublica.com\/blog\/wp-content\/uploads\/2022\/05\/destacado.jpg","type":"image\/jpeg"}],"twitter_card":"summary_large_image","twitter_misc":{"Tiempo de lectura":"2 minutos"},"schema":{"@context":"https:\/\/schema.org","@graph":[{"@type":"WebPage","@id":"https:\/\/internetrepublica.com\/blog\/agencia-seo-miami\/","url":"https:\/\/internetrepublica.com\/blog\/agencia-seo-miami\/","name":"Agencia de SEO en Miami. Posicionamiento en Google. Internet Rep\u00fablica","isPartOf":{"@id":"https:\/\/internetrepublica.com\/blog\/#website"},"datePublished":"2016-12-26T23:00:00+00:00","dateModified":"2024-06-04T09:33:37+00:00","description":"Servicios de agencia SEO en Miami. Tu consultor especialista en SEO optimizar\u00e1 tu p\u00e1gina web y posicionar\u00e1 tu ecommerce. Mejora tu posicionamiento con nuestras auditor\u00edas SEO.","breadcrumb":{"@id":"https:\/\/internetrepublica.com\/blog\/agencia-seo-miami\/#breadcrumb"},"inLanguage":"es","potentialAction":[{"@type":"ReadAction","target":["https:\/\/internetrepublica.com\/blog\/agencia-seo-miami\/"]}]},{"@type":"BreadcrumbList","@id":"https:\/\/internetrepublica.com\/blog\/agencia-seo-miami\/#breadcrumb","itemListElement":[{"@type":"ListItem","position":1,"name":"Agencia Marketing Digital","item":"https:\/\/internetrepublica.com\/blog\/"},{"@type":"ListItem","position":2,"name":"Agencia SEO Miami","item":"https:\/\/internetrepublica.com\/blog\/portfolio_page\/universia\/"}]},{"@type":"WebSite","@id":"https:\/\/internetrepublica.com\/blog\/#website","url":"https:\/\/internetrepublica.com\/blog\/","name":"Internet Rep\u00fablica","description":"Agencia SEO y Marketing Digital","potentialAction":[{"@type":"SearchAction","target":{"@type":"EntryPoint","urlTemplate":"https:\/\/internetrepublica.com\/blog\/?s={search_term_string}"},"query-input":{"@type":"PropertyValueSpecification","valueRequired":true,"valueName":"search_term_string"}}],"inLanguage":"es"}]}},"_links":{"self":[{"href":"https:\/\/internetrepublica.com\/blog\/wp-json\/wp\/v2\/pages\/68677","targetHints":{"allow":["GET"]}}],"collection":[{"href":"https:\/\/internetrepublica.com\/blog\/wp-json\/wp\/v2\/pages"}],"about":[{"href":"https:\/\/internetrepublica.com\/blog\/wp-json\/wp\/v2\/types\/page"}],"author":[{"embeddable":true,"href":"https:\/\/internetrepublica.com\/blog\/wp-json\/wp\/v2\/users\/1"}],"replies":[{"embeddable":true,"href":"https:\/\/internetrepublica.com\/blog\/wp-json\/wp\/v2\/comments?post=68677"}],"version-history":[{"count":4,"href":"https:\/\/internetrepublica.com\/blog\/wp-json\/wp\/v2\/pages\/68677\/revisions"}],"predecessor-version":[{"id":74816,"href":"https:\/\/internetrepublica.com\/blog\/wp-json\/wp\/v2\/pages\/68677\/revisions\/74816"}],"wp:attachment":[{"href":"https:\/\/internetrepublica.com\/blog\/wp-json\/wp\/v2\/media?parent=68677"}],"curies":[{"name":"wp","href":"https:\/\/api.w.org\/{rel}","templated":true}]}}