{"id":68658,"date":"2016-11-22T00:00:00","date_gmt":"2016-11-21T23:00:00","guid":{"rendered":"https:\/\/internetrepublica.com\/fotocasa\/ismael-el-qudsi\/"},"modified":"2020-09-28T12:03:46","modified_gmt":"2020-09-28T10:03:46","slug":"ismael-el-qudsi","status":"publish","type":"page","link":"https:\/\/internetrepublica.com\/blog\/ismael-el-qudsi\/","title":{"rendered":"Ismael El-Qudsi"},"content":{"rendered":"<div class=\"wpb-content-wrapper\"><p>[vc_row css_animation=&#8221;&#8221; row_type=&#8221;row&#8221; use_row_as_full_screen_section=&#8221;no&#8221; type=&#8221;full_width&#8221; angled_section=&#8221;no&#8221; text_align=&#8221;left&#8221; background_image_as_pattern=&#8221;without_pattern&#8221; box_shadow_on_row=&#8221;no&#8221;][vc_column width=&#8221;1\/2&#8243;][vc_single_image image=&#8221;68926&#8243; img_size=&#8221;large&#8221; qode_css_animation=&#8221;&#8221;][\/vc_column][vc_column width=&#8221;1\/2&#8243; css=&#8221;.vc_custom_1479890683586{margin-bottom: 50px !important;margin-left: 30px !important;}&#8221;][vc_column_text]Es el fundador y CEO de Internet Rep\u00fablica desde 2011.<\/p>\n<p>&nbsp;<\/p>\n<p>Los tres a\u00f1os previos a la fundaci\u00f3n de Internet Rep\u00fablica desempe\u00f1\u00f3 el cargo de Director SEO y Social Media del grupo Havas. Anteriormente fue responsable en Espa\u00f1a de Bing, el buscador web de Microsoft, y jefe de proyecto de numerosos portales web en TPI-P\u00e1ginas Amarillas, incluido el buscador espa\u00f1ol Noxtrum.<\/p>\n<p>&nbsp;<\/p>\n<p>Ismael es<strong>\u00a0profesor en el Master Internet Business (MIB) de ISDI, ESIC e Instituto de Empresa<\/strong>. Adem\u00e1s ha sido profesor invitado en la Universidad de Santo Domingo y en la plataforma online Platzi. \u00c9l mismo est\u00e1 ampliando sus conocimientos continuamente y ha sido alumno del International Digital Business Seminar (ISDI) en la Universidad de Harvard.<\/p>\n<p>&nbsp;<\/p>\n<p><strong>Ponente habitual en eventos internacionales<\/strong> relacionados con el marketing en Internet y buscadores, como Adtech Londres, Adtech New York, Digital Marketing World Forum New York (DMWF), Search Congress, etc., es tambi\u00e9n socio fundador de la Asociaci\u00f3n de Inversores y Emprendedores de Internet (AIEI).<\/p>\n<p>&nbsp;<\/p>\n<p><strong>Invitado habitual como experto en marketing<\/strong>\u00a0de distintas cadenas de TV y radio, as\u00ed como en medios escritos como Cinco D\u00edas y Roastbrief.<\/p>\n<p>&nbsp;<\/p>\n<p>Es el \u00fanico espa\u00f1ol perteneciente al Forbes Agency Council (USA) donde escribe regularmente sobre buscadores o influencer marketing.[\/vc_column_text][\/vc_column][\/vc_row]<\/p>\n<\/div>","protected":false},"excerpt":{"rendered":"<p>[vc_row css_animation=&#8221;&#8221; row_type=&#8221;row&#8221; use_row_as_full_screen_section=&#8221;no&#8221; type=&#8221;full_width&#8221; angled_section=&#8221;no&#8221; text_align=&#8221;left&#8221; background_image_as_pattern=&#8221;without_pattern&#8221; box_shadow_on_row=&#8221;no&#8221;][vc_column width=&#8221;1\/2&#8243;][vc_single_image image=&#8221;68926&#8243; img_size=&#8221;large&#8221; qode_css_animation=&#8221;&#8221;][\/vc_column][vc_column width=&#8221;1\/2&#8243; css=&#8221;.vc_custom_1479890683586{margin-bottom: 50px !important;margin-left: 30px !important;}&#8221;][vc_column_text]Es el fundador y CEO de Internet&#8230;<\/p>\n","protected":false},"author":1,"featured_media":61984,"parent":0,"menu_order":0,"comment_status":"open","ping_status":"closed","template":"","meta":{"content-type":"","inline_featured_image":false,"footnotes":""},"class_list":["post-68658","page","type-page","status-publish","has-post-thumbnail","hentry"],"yoast_head":"<!-- This site is optimized with the Yoast SEO plugin v27.2 - https:\/\/yoast.com\/product\/yoast-seo-wordpress\/ -->\n<title>Ismael El-Qudsi - Internet Rep\u00fablica<\/title>\n<meta name=\"description\" content=\"Ismael El-Qudsi es el CEO de Internet Rep\u00fablica.\" \/>\n<meta name=\"robots\" content=\"index, follow, max-snippet:-1, max-image-preview:large, max-video-preview:-1\" \/>\n<link rel=\"canonical\" href=\"https:\/\/internetrepublica.com\/blog\/ismael-el-qudsi\/\" \/>\n<meta property=\"og:locale\" content=\"es_ES\" \/>\n<meta property=\"og:type\" content=\"article\" \/>\n<meta property=\"og:title\" content=\"Ismael El-Qudsi - Internet Rep\u00fablica\" \/>\n<meta property=\"og:description\" content=\"Ismael El-Qudsi es el CEO de Internet Rep\u00fablica.\" \/>\n<meta property=\"og:url\" content=\"https:\/\/internetrepublica.com\/blog\/ismael-el-qudsi\/\" \/>\n<meta property=\"og:site_name\" content=\"Internet Rep\u00fablica\" \/>\n<meta property=\"article:modified_time\" content=\"2020-09-28T10:03:46+00:00\" \/>\n<meta property=\"og:image\" content=\"https:\/\/internetrepublica.com\/blog\/wp-content\/uploads\/2016\/11\/ismael.jpg\" \/>\n\t<meta property=\"og:image:width\" content=\"716\" \/>\n\t<meta property=\"og:image:height\" content=\"716\" \/>\n\t<meta property=\"og:image:type\" content=\"image\/jpeg\" \/>\n<meta name=\"twitter:card\" content=\"summary_large_image\" \/>\n<meta name=\"twitter:label1\" content=\"Tiempo de lectura\" \/>\n\t<meta name=\"twitter:data1\" content=\"1 minuto\" \/>\n<script type=\"application\/ld+json\" class=\"yoast-schema-graph\">{\"@context\":\"https:\/\/schema.org\",\"@graph\":[{\"@type\":\"WebPage\",\"@id\":\"https:\/\/internetrepublica.com\/blog\/ismael-el-qudsi\/\",\"url\":\"https:\/\/internetrepublica.com\/blog\/ismael-el-qudsi\/\",\"name\":\"Ismael El-Qudsi - Internet Rep\u00fablica\",\"isPartOf\":{\"@id\":\"https:\/\/internetrepublica.com\/blog\/#website\"},\"primaryImageOfPage\":{\"@id\":\"https:\/\/internetrepublica.com\/blog\/ismael-el-qudsi\/#primaryimage\"},\"image\":{\"@id\":\"https:\/\/internetrepublica.com\/blog\/ismael-el-qudsi\/#primaryimage\"},\"thumbnailUrl\":\"https:\/\/internetrepublica.com\/blog\/wp-content\/uploads\/2016\/11\/ismael.jpg\",\"datePublished\":\"2016-11-21T23:00:00+00:00\",\"dateModified\":\"2020-09-28T10:03:46+00:00\",\"description\":\"Ismael El-Qudsi es el CEO de Internet Rep\u00fablica.\",\"breadcrumb\":{\"@id\":\"https:\/\/internetrepublica.com\/blog\/ismael-el-qudsi\/#breadcrumb\"},\"inLanguage\":\"es\",\"potentialAction\":[{\"@type\":\"ReadAction\",\"target\":[\"https:\/\/internetrepublica.com\/blog\/ismael-el-qudsi\/\"]}]},{\"@type\":\"ImageObject\",\"inLanguage\":\"es\",\"@id\":\"https:\/\/internetrepublica.com\/blog\/ismael-el-qudsi\/#primaryimage\",\"url\":\"https:\/\/internetrepublica.com\/blog\/wp-content\/uploads\/2016\/11\/ismael.jpg\",\"contentUrl\":\"https:\/\/internetrepublica.com\/blog\/wp-content\/uploads\/2016\/11\/ismael.jpg\",\"width\":716,\"height\":716},{\"@type\":\"BreadcrumbList\",\"@id\":\"https:\/\/internetrepublica.com\/blog\/ismael-el-qudsi\/#breadcrumb\",\"itemListElement\":[{\"@type\":\"ListItem\",\"position\":1,\"name\":\"Agencia Marketing Digital\",\"item\":\"https:\/\/internetrepublica.com\/blog\/\"},{\"@type\":\"ListItem\",\"position\":2,\"name\":\"Ismael El-Qudsi\",\"item\":\"https:\/\/internetrepublica.com\/blog\/ismael-el-qudsi\/\"}]},{\"@type\":\"WebSite\",\"@id\":\"https:\/\/internetrepublica.com\/blog\/#website\",\"url\":\"https:\/\/internetrepublica.com\/blog\/\",\"name\":\"Internet Rep\u00fablica\",\"description\":\"Agencia SEO y Marketing Digital\",\"potentialAction\":[{\"@type\":\"SearchAction\",\"target\":{\"@type\":\"EntryPoint\",\"urlTemplate\":\"https:\/\/internetrepublica.com\/blog\/?s={search_term_string}\"},\"query-input\":{\"@type\":\"PropertyValueSpecification\",\"valueRequired\":true,\"valueName\":\"search_term_string\"}}],\"inLanguage\":\"es\"}]}<\/script>\n<!-- \/ Yoast SEO plugin. -->","yoast_head_json":{"title":"Ismael El-Qudsi - Internet Rep\u00fablica","description":"Ismael El-Qudsi es el CEO de Internet Rep\u00fablica.","robots":{"index":"index","follow":"follow","max-snippet":"max-snippet:-1","max-image-preview":"max-image-preview:large","max-video-preview":"max-video-preview:-1"},"canonical":"https:\/\/internetrepublica.com\/blog\/ismael-el-qudsi\/","og_locale":"es_ES","og_type":"article","og_title":"Ismael El-Qudsi - Internet Rep\u00fablica","og_description":"Ismael El-Qudsi es el CEO de Internet Rep\u00fablica.","og_url":"https:\/\/internetrepublica.com\/blog\/ismael-el-qudsi\/","og_site_name":"Internet Rep\u00fablica","article_modified_time":"2020-09-28T10:03:46+00:00","og_image":[{"width":716,"height":716,"url":"https:\/\/internetrepublica.com\/blog\/wp-content\/uploads\/2016\/11\/ismael.jpg","type":"image\/jpeg"}],"twitter_card":"summary_large_image","twitter_misc":{"Tiempo de lectura":"1 minuto"},"schema":{"@context":"https:\/\/schema.org","@graph":[{"@type":"WebPage","@id":"https:\/\/internetrepublica.com\/blog\/ismael-el-qudsi\/","url":"https:\/\/internetrepublica.com\/blog\/ismael-el-qudsi\/","name":"Ismael El-Qudsi - Internet Rep\u00fablica","isPartOf":{"@id":"https:\/\/internetrepublica.com\/blog\/#website"},"primaryImageOfPage":{"@id":"https:\/\/internetrepublica.com\/blog\/ismael-el-qudsi\/#primaryimage"},"image":{"@id":"https:\/\/internetrepublica.com\/blog\/ismael-el-qudsi\/#primaryimage"},"thumbnailUrl":"https:\/\/internetrepublica.com\/blog\/wp-content\/uploads\/2016\/11\/ismael.jpg","datePublished":"2016-11-21T23:00:00+00:00","dateModified":"2020-09-28T10:03:46+00:00","description":"Ismael El-Qudsi es el CEO de Internet Rep\u00fablica.","breadcrumb":{"@id":"https:\/\/internetrepublica.com\/blog\/ismael-el-qudsi\/#breadcrumb"},"inLanguage":"es","potentialAction":[{"@type":"ReadAction","target":["https:\/\/internetrepublica.com\/blog\/ismael-el-qudsi\/"]}]},{"@type":"ImageObject","inLanguage":"es","@id":"https:\/\/internetrepublica.com\/blog\/ismael-el-qudsi\/#primaryimage","url":"https:\/\/internetrepublica.com\/blog\/wp-content\/uploads\/2016\/11\/ismael.jpg","contentUrl":"https:\/\/internetrepublica.com\/blog\/wp-content\/uploads\/2016\/11\/ismael.jpg","width":716,"height":716},{"@type":"BreadcrumbList","@id":"https:\/\/internetrepublica.com\/blog\/ismael-el-qudsi\/#breadcrumb","itemListElement":[{"@type":"ListItem","position":1,"name":"Agencia Marketing Digital","item":"https:\/\/internetrepublica.com\/blog\/"},{"@type":"ListItem","position":2,"name":"Ismael El-Qudsi","item":"https:\/\/internetrepublica.com\/blog\/ismael-el-qudsi\/"}]},{"@type":"WebSite","@id":"https:\/\/internetrepublica.com\/blog\/#website","url":"https:\/\/internetrepublica.com\/blog\/","name":"Internet Rep\u00fablica","description":"Agencia SEO y Marketing Digital","potentialAction":[{"@type":"SearchAction","target":{"@type":"EntryPoint","urlTemplate":"https:\/\/internetrepublica.com\/blog\/?s={search_term_string}"},"query-input":{"@type":"PropertyValueSpecification","valueRequired":true,"valueName":"search_term_string"}}],"inLanguage":"es"}]}},"_links":{"self":[{"href":"https:\/\/internetrepublica.com\/blog\/wp-json\/wp\/v2\/pages\/68658","targetHints":{"allow":["GET"]}}],"collection":[{"href":"https:\/\/internetrepublica.com\/blog\/wp-json\/wp\/v2\/pages"}],"about":[{"href":"https:\/\/internetrepublica.com\/blog\/wp-json\/wp\/v2\/types\/page"}],"author":[{"embeddable":true,"href":"https:\/\/internetrepublica.com\/blog\/wp-json\/wp\/v2\/users\/1"}],"replies":[{"embeddable":true,"href":"https:\/\/internetrepublica.com\/blog\/wp-json\/wp\/v2\/comments?post=68658"}],"version-history":[{"count":7,"href":"https:\/\/internetrepublica.com\/blog\/wp-json\/wp\/v2\/pages\/68658\/revisions"}],"predecessor-version":[{"id":71530,"href":"https:\/\/internetrepublica.com\/blog\/wp-json\/wp\/v2\/pages\/68658\/revisions\/71530"}],"wp:featuredmedia":[{"embeddable":true,"href":"https:\/\/internetrepublica.com\/blog\/wp-json\/wp\/v2\/media\/61984"}],"wp:attachment":[{"href":"https:\/\/internetrepublica.com\/blog\/wp-json\/wp\/v2\/media?parent=68658"}],"curies":[{"name":"wp","href":"https:\/\/api.w.org\/{rel}","templated":true}]}}