{"id":68638,"date":"2016-08-31T00:00:00","date_gmt":"2016-08-30T22:00:00","guid":{"rendered":"https:\/\/internetrepublica.com\/energya-vm\/politica-de-cookies\/"},"modified":"2024-06-04T11:38:17","modified_gmt":"2024-06-04T09:38:17","slug":"politica-de-cookies","status":"publish","type":"page","link":"https:\/\/internetrepublica.com\/blog\/politica-de-cookies\/","title":{"rendered":"Pol\u00edtica de cookies"},"content":{"rendered":"<p><span style=\"font-weight: 400;\">Internet Rep\u00fablica, por su propia cuenta o la de un tercero contratado para la prestaci\u00f3n de servicios de medici\u00f3n, pueden utilizar cookies y otros mecanismos similares de almacenamiento y recuperaci\u00f3n de datos en equipos terminales (en adelante, \u201cCookies\u201d) cuando el Usuario navega por el Sitio Web con la finalidad de permitir y facilitar la interacci\u00f3n del usuario con el mismo. Los servicios de estad\u00edsticas \u2013propios o ajenos\u2013, empleados por el sitio web pueden emplear &#8220;cookies&#8221; con la finalidad de establecer m\u00e9tricas y patrones de uso del sitio.<\/span><\/p>\n<p>&nbsp;<\/p>\n<p><span style=\"font-weight: 400;\">El acceso, uso y, en general, la navegaci\u00f3n por el sitio web supone necesariamente el consentimiento del usuario a la utilizaci\u00f3n de &#8220;cookies&#8221; por parte de Internet Rep\u00fablica y\/o de sus proveedores de servicios.<\/span><\/p>\n<p>&nbsp;<\/p>\n<p><span style=\"font-weight: 400;\">Las cookies utilizadas por Internet Rep\u00fablica se asocian \u00fanicamente con un usuario an\u00f3nimo y su ordenador, por lo que no proporcionan por s\u00ed mismas datos personales del Usuario.<\/span><\/p>\n<p>&nbsp;<\/p>\n<p><span style=\"font-weight: 400;\">Mediante el uso de las cookies resulta posible que el servidor donde se encuentra alojado el Sitio Web reconozca el navegador Web utilizado por el Usuario, con la finalidad de que la navegaci\u00f3n sea m\u00e1s sencilla, permitiendo, por ejemplo, el acceso a los usuarios que se hayan registrado previamente, acceder a las \u00e1reas, servicios, promociones o concursos reservados exclusivamente a ellos sin tener que registrarse en cada visita. Se utilizan tambi\u00e9n para medir la audiencia y par\u00e1metros del tr\u00e1fico, as\u00ed como para controlar el progreso y n\u00famero de entradas.<\/span><\/p>\n<p>&nbsp;<\/p>\n<p><b>\u00bfQU\u00c9 SON LAS COOKIES?<\/b><\/p>\n<p>&nbsp;<\/p>\n<p><span style=\"font-weight: 400;\">Una cookie es un fichero que se descarga en su ordenador al acceder a determinadas p\u00e1ginas web. Las cookies permiten a una p\u00e1gina web, entre otras cosas, almacenar y recuperar informaci\u00f3n sobre los h\u00e1bitos de navegaci\u00f3n de un usuario o de su equipo y, dependiendo de la informaci\u00f3n que contengan y de la forma en que utilice su equipo, pueden utilizarse para reconocer al usuario.<\/span><\/p>\n<p>&nbsp;<\/p>\n<p><b>\u00bfQU\u00c9 TIPOS DE COOKIES UTILIZA ESTE SITIO WEB?<\/b><\/p>\n<p>&nbsp;<\/p>\n<ol>\n<li style=\"font-weight: 400;\"><b>Cookies de sesi\u00f3n:<\/b><span style=\"font-weight: 400;\"> Son un tipo de cookies dise\u00f1adas y utilizadas para recabar y almacenar datos mientras el usuario accede a una p\u00e1gina web. Como su propio nombre indica, estas cookies se almacenan en el terminal hasta que finalice la sesi\u00f3n de navegaci\u00f3n del usuario.<\/span><\/li>\n<li style=\"font-weight: 400;\"><b>Cookies de an\u00e1lisis<\/b><span style=\"font-weight: 400;\">: Son aqu\u00e9llas que bien tratadas por nosotros o por terceros, nos permiten cuantificar el n\u00famero de usuarios y as\u00ed realizar la medici\u00f3n y an\u00e1lisis estad\u00edstico de la utilizaci\u00f3n que hacen los usuarios del servicio ofertado. Para ello se analiza su navegaci\u00f3n en nuestra p\u00e1gina web con el fin de mejorar la oferta de productos o servicios que le ofrecemos.<\/span><\/li>\n<li style=\"font-weight: 400;\"><b>Cookies publicitarias: <\/b><span style=\"font-weight: 400;\">Son aqu\u00e9llas que, bien tratadas por nosotros o por terceros, nos permiten gestionar de la forma m\u00e1s eficaz posible la oferta de los espacios publicitarios que hay en la p\u00e1gina web, adecuando el contenido del anuncio al contenido del servicio solicitado o al uso que realice de nuestra p\u00e1gina web. Para ello podemos analizar sus h\u00e1bitos de navegaci\u00f3n en Internet y podemos mostrarle publicidad relacionada con su perfil de navegaci\u00f3n.<\/span><\/li>\n<li style=\"font-weight: 400;\"><b>Cookies de publicidad comportamental<\/b><span style=\"font-weight: 400;\">: se trata de cookies dise\u00f1adas y utilizadas para la gesti\u00f3n, de la forma m\u00e1s eficaz posible, de los espacios publicitarios que, en su caso, se hayan incluido en la p\u00e1gina web, aplicaci\u00f3n o plataforma desde la que presta el servicio solicitado. Estas cookies almacenan informaci\u00f3n del comportamiento de los usuarios obtenida a trav\u00e9s de la observaci\u00f3n continuada de sus h\u00e1bitos de navegaci\u00f3n, lo que permite desarrollar un perfil espec\u00edfico para mostrar publicidad en funci\u00f3n del mismo.<\/span><\/li>\n<li style=\"font-weight: 400;\"><b>Cookies de redes sociales:<\/b> <span style=\"font-weight: 400;\">Se trata de cookies dise\u00f1adas y utilizadas para ofrecer al usuario la posibilidad de compartir o recomendar contenidos de nuestra p\u00e1gina web en las redes sociales.<\/span><\/li>\n<\/ol>\n<p>&nbsp;<\/p>\n<p><span style=\"font-weight: 400;\">Relaci\u00f3n de cookies por emisor:<\/span><\/p>\n<p>&nbsp;<\/p>\n<p><span style=\"font-weight: 400;\">SocialReacher.com:<\/span><\/p>\n<p>&nbsp;<\/p>\n<ul>\n<li><span style=\"font-weight: 400;\"> \u00a0\u00a0\u00a0\u00a0\u00a0\u00a0\u00a0\u00a0Nombre de cookies: c_user, ci_session , d_login_user , d_ref_adv , d_register_user, spdsh\u00a0<\/span><\/li>\n<li><span style=\"font-weight: 400;\"> \u00a0\u00a0\u00a0\u00a0\u00a0\u00a0\u00a0\u00a0Web del emisor: <\/span><span style=\"font-weight: 400;\">SocialReacher.com<\/span><\/li>\n<li><span style=\"font-weight: 400;\"> \u00a0\u00a0\u00a0\u00a0\u00a0\u00a0\u00a0\u00a0Tipo de cookie: Cookie de sesi\u00f3n<\/span><\/li>\n<li><span style=\"font-weight: 400;\"> \u00a0\u00a0\u00a0\u00a0\u00a0\u00a0\u00a0\u00a0Descripci\u00f3n: Usadas para el correcto funcionamiento de la web<\/span><\/li>\n<\/ul>\n<p>&nbsp;<\/p>\n<p>&nbsp;<\/p>\n<p>SocialPubli.com<\/p>\n<p>&nbsp;<\/p>\n<ul>\n<li><span style=\"font-weight: 400;\">Nombre de cookies: ci_session, d_login_user, lang_by_c, spdsh<\/span><\/li>\n<li><span style=\"font-weight: 400;\">Web del emisor: <\/span><span style=\"font-weight: 400;\">SocialReacher.com<\/span><\/li>\n<li><span style=\"font-weight: 400;\">Tipo de cookie: Cookie de sesi\u00f3n<\/span><\/li>\n<li><span style=\"font-weight: 400;\">Descripci\u00f3n: Usadas para el correcto funcionamiento de la web y del idioma<\/span><\/li>\n<\/ul>\n<p>&nbsp;<\/p>\n<p><span style=\"font-weight: 400;\">Google Analytics:<\/span><\/p>\n<p>&nbsp;<\/p>\n<ul>\n<li><span style=\"font-weight: 400;\"> \u00a0\u00a0\u00a0\u00a0\u00a0\u00a0\u00a0\u00a0Nombre de cookies: _ga, _gat_UA-80003655-1<\/span><\/li>\n<li><span style=\"font-weight: 400;\"> \u00a0\u00a0\u00a0\u00a0\u00a0\u00a0\u00a0\u00a0Web del emisor: google.com<\/span><\/li>\n<li><span style=\"font-weight: 400;\"> \u00a0\u00a0\u00a0\u00a0\u00a0\u00a0\u00a0\u00a0Tipo de cookie: Cookie de an\u00e1lisis<\/span><\/li>\n<li><span style=\"font-weight: 400;\"> \u00a0\u00a0\u00a0\u00a0\u00a0\u00a0\u00a0\u00a0Descripci\u00f3n: An\u00e1lisis de tr\u00e1fico en la web<\/span><\/li>\n<\/ul>\n<p>&nbsp;<\/p>\n<p><b>GESTI\u00d3N DE LAS COOKIES<\/b><\/p>\n<p>&nbsp;<\/p>\n<p><span style=\"font-weight: 400;\">Teniendo en cuenta la informaci\u00f3n facilitada a trav\u00e9s de la presente Pol\u00edtica de cookies, a continuaci\u00f3n, te ofrecemos informaci\u00f3n sobre c\u00f3mo puedes gestionar las cookies utilizadas en\u00a0la web\u00a0a trav\u00e9s de las diferentes opciones que ofrecen los navegadores m\u00e1s comunes (Explorer, Firefox, Chrome, Safari y Opera).\u00a0En la funci\u00f3n Ayuda de la mayor\u00eda de los navegadores se indica c\u00f3mo configurar su navegador para que no acepte &#8220;cookies&#8221;, para que le notifique cada vez que reciba una nueva &#8220;cookie&#8221;, as\u00ed como para desactivar completamente todas las &#8220;cookies&#8221;.<\/span><\/p>\n<p>&nbsp;<\/p>\n<p><span style=\"font-weight: 400;\">Adem\u00e1s, puede deshabilitar o eliminar datos similares utilizados por las extensiones (add-on) de los navegadores, como las &#8220;Flash Cookies&#8221;, cambiando la configuraci\u00f3n de dichas extensiones y puede acceder a m\u00e1s informaci\u00f3n visitando el sitio web del fabricante de cada una de dichas extensiones.<\/span><\/p>\n<p>&nbsp;<\/p>\n<p><span style=\"font-weight: 400;\">As\u00ed, por ejemplo, puede encontrar informaci\u00f3n sobre c\u00f3mo gestionar sus preferencias sobre cookies en los navegadores m\u00e1s habituales a trav\u00e9s de los enlaces siguientes:<\/span><\/p>\n<p>&nbsp;<\/p>\n<p><span style=\"font-weight: 400;\">Firefox desde <\/span><a href=\"https:\/\/support.mozilla.org\/es\/kb\/habilitar-y-deshabilitar-cookies-sitios-web-rastrear-preferencias?redirectlocale=es&amp;redirectslug=habilitar-y-deshabilitar-cookies-que-los-sitios-we\"><span style=\"font-weight: 400;\">aqu\u00ed<\/span><\/a><span style=\"font-weight: 400;\">.<\/span><\/p>\n<p><span style=\"font-weight: 400;\">Chrome desde <\/span><a href=\"https:\/\/support.google.com\/chrome\/answer\/95647?hl=es\"><span style=\"font-weight: 400;\">aqu\u00ed<\/span><\/a><span style=\"font-weight: 400;\">.<\/span><\/p>\n<p><span style=\"font-weight: 400;\">Explorer desde <\/span><a href=\"https:\/\/support.microsoft.com\/es-es\/products\/windows?os=windows-10\"><span style=\"font-weight: 400;\">aqu\u00ed<\/span><\/a><span style=\"font-weight: 400;\">.<\/span><\/p>\n<p><span style=\"font-weight: 400;\">Safari desde <\/span><a href=\"https:\/\/support.apple.com\/kb\/ph5042?locale=es_ES\"><span style=\"font-weight: 400;\">aqu\u00ed<\/span><\/a><span style=\"font-weight: 400;\">.<\/span><\/p>\n<p><span style=\"font-weight: 400;\">Opera desde <\/span><a href=\"https:\/\/www.opera.com\/help\/tutorials\/security\/privacy\/\"><span style=\"font-weight: 400;\">aqu\u00ed<\/span><\/a><span style=\"font-weight: 400;\">.<\/span><\/p>\n<p>&nbsp;<\/p>\n<p><span style=\"font-weight: 400;\">Si tu navegador no se encuentra entre los que te hemos listado, consulta la documentaci\u00f3n espec\u00edfica de tu navegador.<\/span><\/p>\n<p>&nbsp;<\/p>\n<p><span style=\"font-weight: 400;\">Si se impide la instalaci\u00f3n de todas las cookies de la p\u00e1gina web, algunas funcionalidades de la misma, as\u00ed como algunos contenidos pueden verse afectados.\u00a0\u00a0<\/span><\/p>\n<p>&nbsp;<\/p>\n<p><b>DATOS T\u00c9CNICOS<\/b><\/p>\n<p>&nbsp;<\/p>\n<div>El servidor de esta p\u00e1gina web est\u00e1 alojado en Espa\u00f1a, concretamente en Galicia por la empresa Raiola Networks.<\/div>\n<div>Por otro lado el CTO (encargado t\u00e9cnico ) de la misma es Tom\u00e1s Rufino Rodriguez, con DNI 08869953A para cualquier duda o aclaraci\u00f3n sobre este punto escribir a <a href=\"mailto:cto@internetrepublica.com\" target=\"_blank\" rel=\"noopener noreferrer\">cto@internetrepublica.com<\/a> y te contestaremos a la mayor brevedad posible.<\/div>\n<p>&nbsp;<\/p>\n<p><span style=\"font-weight: 400;\">Esta Pol\u00edtica de Cookies ha sido revisada y publicada a fecha 1 de diciembre de 2020.<\/span><\/p>\n","protected":false},"excerpt":{"rendered":"<p>Internet Rep\u00fablica, por su propia cuenta o la de un tercero contratado para la prestaci\u00f3n de servicios de medici\u00f3n, pueden utilizar cookies y otros mecanismos&#8230;<\/p>\n","protected":false},"author":1,"featured_media":0,"parent":0,"menu_order":0,"comment_status":"open","ping_status":"closed","template":"","meta":{"content-type":"","inline_featured_image":false,"footnotes":""},"class_list":["post-68638","page","type-page","status-publish","hentry"],"yoast_head":"<!-- This site is optimized with the Yoast SEO plugin v27.2 - https:\/\/yoast.com\/product\/yoast-seo-wordpress\/ -->\n<title>Pol\u00edtica de cookies - Internet Rep\u00fablica<\/title>\n<meta name=\"description\" content=\"Internet Rep\u00fablica, por su propia cuenta o la de un tercero contratado para la prestaci\u00f3n de servicios de medici\u00f3n, pueden utilizar cookies y otros\" \/>\n<meta name=\"robots\" content=\"index, follow, max-snippet:-1, max-image-preview:large, max-video-preview:-1\" \/>\n<link rel=\"canonical\" href=\"https:\/\/internetrepublica.com\/blog\/politica-de-cookies\/\" \/>\n<meta property=\"og:locale\" content=\"es_ES\" \/>\n<meta property=\"og:type\" content=\"article\" \/>\n<meta property=\"og:title\" content=\"Pol\u00edtica de cookies - Internet Rep\u00fablica\" \/>\n<meta property=\"og:description\" content=\"Internet Rep\u00fablica, por su propia cuenta o la de un tercero contratado para la prestaci\u00f3n de servicios de medici\u00f3n, pueden utilizar cookies y otros\" \/>\n<meta property=\"og:url\" content=\"https:\/\/internetrepublica.com\/blog\/politica-de-cookies\/\" \/>\n<meta property=\"og:site_name\" content=\"Internet Rep\u00fablica\" \/>\n<meta property=\"article:modified_time\" content=\"2024-06-04T09:38:17+00:00\" \/>\n<meta property=\"og:image\" content=\"https:\/\/internetrepublica.com\/blog\/wp-content\/uploads\/2022\/05\/destacado.jpg\" \/>\n\t<meta property=\"og:image:width\" content=\"489\" \/>\n\t<meta property=\"og:image:height\" content=\"299\" \/>\n\t<meta property=\"og:image:type\" content=\"image\/jpeg\" \/>\n<meta name=\"twitter:card\" content=\"summary_large_image\" \/>\n<meta name=\"twitter:label1\" content=\"Tiempo de lectura\" \/>\n\t<meta name=\"twitter:data1\" content=\"5 minutos\" \/>\n<script type=\"application\/ld+json\" class=\"yoast-schema-graph\">{\"@context\":\"https:\/\/schema.org\",\"@graph\":[{\"@type\":\"WebPage\",\"@id\":\"https:\/\/internetrepublica.com\/blog\/politica-de-cookies\/\",\"url\":\"https:\/\/internetrepublica.com\/blog\/politica-de-cookies\/\",\"name\":\"Pol\u00edtica de cookies - Internet Rep\u00fablica\",\"isPartOf\":{\"@id\":\"https:\/\/internetrepublica.com\/blog\/#website\"},\"datePublished\":\"2016-08-30T22:00:00+00:00\",\"dateModified\":\"2024-06-04T09:38:17+00:00\",\"description\":\"Internet Rep\u00fablica, por su propia cuenta o la de un tercero contratado para la prestaci\u00f3n de servicios de medici\u00f3n, pueden utilizar cookies y otros\",\"breadcrumb\":{\"@id\":\"https:\/\/internetrepublica.com\/blog\/politica-de-cookies\/#breadcrumb\"},\"inLanguage\":\"es\",\"potentialAction\":[{\"@type\":\"ReadAction\",\"target\":[\"https:\/\/internetrepublica.com\/blog\/politica-de-cookies\/\"]}]},{\"@type\":\"BreadcrumbList\",\"@id\":\"https:\/\/internetrepublica.com\/blog\/politica-de-cookies\/#breadcrumb\",\"itemListElement\":[{\"@type\":\"ListItem\",\"position\":1,\"name\":\"Agencia Marketing Digital\",\"item\":\"https:\/\/internetrepublica.com\/blog\/\"},{\"@type\":\"ListItem\",\"position\":2,\"name\":\"Pol\u00edtica de cookies\",\"item\":\"https:\/\/internetrepublica.com\/blog\/politica-de-cookies\/\"}]},{\"@type\":\"WebSite\",\"@id\":\"https:\/\/internetrepublica.com\/blog\/#website\",\"url\":\"https:\/\/internetrepublica.com\/blog\/\",\"name\":\"Internet Rep\u00fablica\",\"description\":\"Agencia SEO y Marketing Digital\",\"potentialAction\":[{\"@type\":\"SearchAction\",\"target\":{\"@type\":\"EntryPoint\",\"urlTemplate\":\"https:\/\/internetrepublica.com\/blog\/?s={search_term_string}\"},\"query-input\":{\"@type\":\"PropertyValueSpecification\",\"valueRequired\":true,\"valueName\":\"search_term_string\"}}],\"inLanguage\":\"es\"}]}<\/script>\n<!-- \/ Yoast SEO plugin. -->","yoast_head_json":{"title":"Pol\u00edtica de cookies - Internet Rep\u00fablica","description":"Internet Rep\u00fablica, por su propia cuenta o la de un tercero contratado para la prestaci\u00f3n de servicios de medici\u00f3n, pueden utilizar cookies y otros","robots":{"index":"index","follow":"follow","max-snippet":"max-snippet:-1","max-image-preview":"max-image-preview:large","max-video-preview":"max-video-preview:-1"},"canonical":"https:\/\/internetrepublica.com\/blog\/politica-de-cookies\/","og_locale":"es_ES","og_type":"article","og_title":"Pol\u00edtica de cookies - Internet Rep\u00fablica","og_description":"Internet Rep\u00fablica, por su propia cuenta o la de un tercero contratado para la prestaci\u00f3n de servicios de medici\u00f3n, pueden utilizar cookies y otros","og_url":"https:\/\/internetrepublica.com\/blog\/politica-de-cookies\/","og_site_name":"Internet Rep\u00fablica","article_modified_time":"2024-06-04T09:38:17+00:00","og_image":[{"width":489,"height":299,"url":"https:\/\/internetrepublica.com\/blog\/wp-content\/uploads\/2022\/05\/destacado.jpg","type":"image\/jpeg"}],"twitter_card":"summary_large_image","twitter_misc":{"Tiempo de lectura":"5 minutos"},"schema":{"@context":"https:\/\/schema.org","@graph":[{"@type":"WebPage","@id":"https:\/\/internetrepublica.com\/blog\/politica-de-cookies\/","url":"https:\/\/internetrepublica.com\/blog\/politica-de-cookies\/","name":"Pol\u00edtica de cookies - Internet Rep\u00fablica","isPartOf":{"@id":"https:\/\/internetrepublica.com\/blog\/#website"},"datePublished":"2016-08-30T22:00:00+00:00","dateModified":"2024-06-04T09:38:17+00:00","description":"Internet Rep\u00fablica, por su propia cuenta o la de un tercero contratado para la prestaci\u00f3n de servicios de medici\u00f3n, pueden utilizar cookies y otros","breadcrumb":{"@id":"https:\/\/internetrepublica.com\/blog\/politica-de-cookies\/#breadcrumb"},"inLanguage":"es","potentialAction":[{"@type":"ReadAction","target":["https:\/\/internetrepublica.com\/blog\/politica-de-cookies\/"]}]},{"@type":"BreadcrumbList","@id":"https:\/\/internetrepublica.com\/blog\/politica-de-cookies\/#breadcrumb","itemListElement":[{"@type":"ListItem","position":1,"name":"Agencia Marketing Digital","item":"https:\/\/internetrepublica.com\/blog\/"},{"@type":"ListItem","position":2,"name":"Pol\u00edtica de cookies","item":"https:\/\/internetrepublica.com\/blog\/politica-de-cookies\/"}]},{"@type":"WebSite","@id":"https:\/\/internetrepublica.com\/blog\/#website","url":"https:\/\/internetrepublica.com\/blog\/","name":"Internet Rep\u00fablica","description":"Agencia SEO y Marketing Digital","potentialAction":[{"@type":"SearchAction","target":{"@type":"EntryPoint","urlTemplate":"https:\/\/internetrepublica.com\/blog\/?s={search_term_string}"},"query-input":{"@type":"PropertyValueSpecification","valueRequired":true,"valueName":"search_term_string"}}],"inLanguage":"es"}]}},"_links":{"self":[{"href":"https:\/\/internetrepublica.com\/blog\/wp-json\/wp\/v2\/pages\/68638","targetHints":{"allow":["GET"]}}],"collection":[{"href":"https:\/\/internetrepublica.com\/blog\/wp-json\/wp\/v2\/pages"}],"about":[{"href":"https:\/\/internetrepublica.com\/blog\/wp-json\/wp\/v2\/types\/page"}],"author":[{"embeddable":true,"href":"https:\/\/internetrepublica.com\/blog\/wp-json\/wp\/v2\/users\/1"}],"replies":[{"embeddable":true,"href":"https:\/\/internetrepublica.com\/blog\/wp-json\/wp\/v2\/comments?post=68638"}],"version-history":[{"count":5,"href":"https:\/\/internetrepublica.com\/blog\/wp-json\/wp\/v2\/pages\/68638\/revisions"}],"predecessor-version":[{"id":71783,"href":"https:\/\/internetrepublica.com\/blog\/wp-json\/wp\/v2\/pages\/68638\/revisions\/71783"}],"wp:attachment":[{"href":"https:\/\/internetrepublica.com\/blog\/wp-json\/wp\/v2\/media?parent=68638"}],"curies":[{"name":"wp","href":"https:\/\/api.w.org\/{rel}","templated":true}]}}