{"id":68635,"date":"2016-07-15T00:00:00","date_gmt":"2016-07-14T22:00:00","guid":{"rendered":"https:\/\/internetrepublica.com\/marketing-de-contenidos\/noticias-marketing-digital\/"},"modified":"2026-02-24T13:40:51","modified_gmt":"2026-02-24T12:40:51","slug":"noticias-marketing-digital","status":"publish","type":"page","link":"https:\/\/internetrepublica.com\/blog\/noticias-marketing-digital\/","title":{"rendered":"Noticias Marketing Digital"},"content":{"rendered":"<div class=\"wpb-content-wrapper\"><p>[vc_row css_animation=&#8221;&#8221; row_type=&#8221;row&#8221; use_row_as_full_screen_section=&#8221;no&#8221; type=&#8221;grid&#8221; angled_section=&#8221;no&#8221; text_align=&#8221;left&#8221; background_image_as_pattern=&#8221;without_pattern&#8221; z_index=&#8221;&#8221; css=&#8221;.vc_custom_1560326912588{margin-top: 50px !important;margin-bottom: 50px !important;}&#8221;][vc_column css_animation=&#8221;fadeInUp&#8221;][vc_column_text css=&#8221;&#8221;]<img loading=\"lazy\" decoding=\"async\" class=\"size-medium wp-image-78455 aligncenter\" src=\"https:\/\/internetrepublica.com\/wp-content\/uploads\/2026\/02\/logo_ir_negro-300x150.png\" alt=\"\" width=\"300\" height=\"150\" srcset=\"https:\/\/internetrepublica.com\/blog\/wp-content\/uploads\/2026\/02\/logo_ir_negro-300x150.png 300w, https:\/\/internetrepublica.com\/blog\/wp-content\/uploads\/2026\/02\/logo_ir_negro-768x384.png 768w, https:\/\/internetrepublica.com\/blog\/wp-content\/uploads\/2026\/02\/logo_ir_negro-700x350.png 700w, https:\/\/internetrepublica.com\/blog\/wp-content\/uploads\/2026\/02\/logo_ir_negro.png 1001w\" sizes=\"auto, (max-width: 300px) 100vw, 300px\" \/><\/p>\n<p>&nbsp;<\/p>\n<p>&nbsp;<\/p>\n<p>&nbsp;<\/p>\n<p style=\"text-align: center;\">En nuestro blog encontraras las \u00faltimas <strong>noticias del mundo del marketing digital<\/strong>, actualizaciones y cambios de los algoritmos de Google, sobre todo los m\u00e1s importantes del core. \u00daltimas tendencias de todo lo relevante a <em>Social Media<\/em>, todo puro marketing en cada art\u00edculo publicado.<\/p>\n<p>&nbsp;<\/p>\n<h2 style=\"text-align: center;\"><span style=\"color: #ff6700;\"><strong>\u00daltimas Noticias de Marketing Digital<\/strong><\/span><\/h2>\n<p>&nbsp;<\/p>\n<p style=\"text-align: center;\">Todas las tendencias en este blog, hablaremos de Social Network, tendencia en las \u00faltimas redes sociales m\u00e1s utilizadas, y como no las nuevas que se presentan cada a\u00f1o en el mercado. Tutoriales Wordpres, Joomla, cualquier tipo de CMS, <a href=\"https:\/\/internetrepublica.com\/google-adsense\/\">Google adsense<\/a> te ayudaremos a optimizarlo, tanto a nivel de SEO como personalizable, cada plugin, servicios y herramientas, todo esto y mucho m\u00e1s en cada noticia del mundo digital.<\/p>\n<p>[\/vc_column_text][\/vc_column][\/vc_row]<\/p>\n<\/div>","protected":false},"excerpt":{"rendered":"<p>[vc_row css_animation=&#8221;&#8221; row_type=&#8221;row&#8221; use_row_as_full_screen_section=&#8221;no&#8221; type=&#8221;grid&#8221; angled_section=&#8221;no&#8221; text_align=&#8221;left&#8221; background_image_as_pattern=&#8221;without_pattern&#8221; z_index=&#8221;&#8221; css=&#8221;.vc_custom_1560326912588{margin-top: 50px !important;margin-bottom: 50px !important;}&#8221;][vc_column css_animation=&#8221;fadeInUp&#8221;][vc_column_text css=&#8221;&#8221;] &nbsp; &nbsp; &nbsp; En nuestro blog encontraras las \u00faltimas&#8230;<\/p>\n","protected":false},"author":1,"featured_media":0,"parent":0,"menu_order":0,"comment_status":"open","ping_status":"closed","template":"blog-masonry.php","meta":{"content-type":"","inline_featured_image":false,"footnotes":""},"class_list":["post-68635","page","type-page","status-publish","hentry"],"yoast_head":"<!-- This site is optimized with the Yoast SEO plugin v27.2 - https:\/\/yoast.com\/product\/yoast-seo-wordpress\/ -->\n<title>Blog SEO y Social Media - Internet Rep\u00fablica -<\/title>\n<meta name=\"description\" content=\"En nuestro blog SEO puedes encontrar todo lo relacionado con el marketing digital: SEO, social media, innovaci\u00f3n, publicidad, estudios, recursos y mucho m\u00e1s...\" \/>\n<meta name=\"robots\" content=\"index, follow, max-snippet:-1, max-image-preview:large, max-video-preview:-1\" \/>\n<link rel=\"canonical\" href=\"https:\/\/internetrepublica.com\/blog\/noticias-marketing-digital\/\" \/>\n<meta property=\"og:locale\" content=\"es_ES\" \/>\n<meta property=\"og:type\" content=\"article\" \/>\n<meta property=\"og:title\" content=\"Blog SEO y Social Media - Internet Rep\u00fablica -\" \/>\n<meta property=\"og:description\" content=\"En nuestro blog SEO puedes encontrar todo lo relacionado con el marketing digital: SEO, social media, innovaci\u00f3n, publicidad, estudios, recursos y mucho m\u00e1s...\" \/>\n<meta property=\"og:url\" content=\"https:\/\/internetrepublica.com\/blog\/noticias-marketing-digital\/\" \/>\n<meta property=\"og:site_name\" content=\"Internet Rep\u00fablica\" \/>\n<meta property=\"article:modified_time\" content=\"2026-02-24T12:40:51+00:00\" \/>\n<meta property=\"og:image\" content=\"https:\/\/internetrepublica.com\/wp-content\/uploads\/2026\/02\/logo_ir_negro-300x150.png\" \/>\n<meta name=\"twitter:card\" content=\"summary_large_image\" \/>\n<meta name=\"twitter:label1\" content=\"Tiempo de lectura\" \/>\n\t<meta name=\"twitter:data1\" content=\"1 minuto\" \/>\n<script type=\"application\/ld+json\" class=\"yoast-schema-graph\">{\"@context\":\"https:\/\/schema.org\",\"@graph\":[{\"@type\":\"WebPage\",\"@id\":\"https:\/\/internetrepublica.com\/blog\/noticias-marketing-digital\/\",\"url\":\"https:\/\/internetrepublica.com\/blog\/noticias-marketing-digital\/\",\"name\":\"Blog SEO y Social Media - Internet Rep\u00fablica -\",\"isPartOf\":{\"@id\":\"https:\/\/internetrepublica.com\/blog\/#website\"},\"primaryImageOfPage\":{\"@id\":\"https:\/\/internetrepublica.com\/blog\/noticias-marketing-digital\/#primaryimage\"},\"image\":{\"@id\":\"https:\/\/internetrepublica.com\/blog\/noticias-marketing-digital\/#primaryimage\"},\"thumbnailUrl\":\"https:\/\/internetrepublica.com\/wp-content\/uploads\/2026\/02\/logo_ir_negro-300x150.png\",\"datePublished\":\"2016-07-14T22:00:00+00:00\",\"dateModified\":\"2026-02-24T12:40:51+00:00\",\"description\":\"En nuestro blog SEO puedes encontrar todo lo relacionado con el marketing digital: SEO, social media, innovaci\u00f3n, publicidad, estudios, recursos y mucho m\u00e1s...\",\"breadcrumb\":{\"@id\":\"https:\/\/internetrepublica.com\/blog\/noticias-marketing-digital\/#breadcrumb\"},\"inLanguage\":\"es\",\"potentialAction\":[{\"@type\":\"ReadAction\",\"target\":[\"https:\/\/internetrepublica.com\/blog\/noticias-marketing-digital\/\"]}]},{\"@type\":\"ImageObject\",\"inLanguage\":\"es\",\"@id\":\"https:\/\/internetrepublica.com\/blog\/noticias-marketing-digital\/#primaryimage\",\"url\":\"https:\/\/internetrepublica.com\/wp-content\/uploads\/2026\/02\/logo_ir_negro-300x150.png\",\"contentUrl\":\"https:\/\/internetrepublica.com\/wp-content\/uploads\/2026\/02\/logo_ir_negro-300x150.png\"},{\"@type\":\"BreadcrumbList\",\"@id\":\"https:\/\/internetrepublica.com\/blog\/noticias-marketing-digital\/#breadcrumb\",\"itemListElement\":[{\"@type\":\"ListItem\",\"position\":1,\"name\":\"Agencia Marketing Digital\",\"item\":\"https:\/\/internetrepublica.com\/blog\/\"},{\"@type\":\"ListItem\",\"position\":2,\"name\":\"Noticias Marketing Digital\",\"item\":\"https:\/\/internetrepublica.com\/blog\/noticias-marketing-digital\/\"}]},{\"@type\":\"WebSite\",\"@id\":\"https:\/\/internetrepublica.com\/blog\/#website\",\"url\":\"https:\/\/internetrepublica.com\/blog\/\",\"name\":\"Internet Rep\u00fablica\",\"description\":\"Agencia SEO y Marketing Digital\",\"potentialAction\":[{\"@type\":\"SearchAction\",\"target\":{\"@type\":\"EntryPoint\",\"urlTemplate\":\"https:\/\/internetrepublica.com\/blog\/?s={search_term_string}\"},\"query-input\":{\"@type\":\"PropertyValueSpecification\",\"valueRequired\":true,\"valueName\":\"search_term_string\"}}],\"inLanguage\":\"es\"}]}<\/script>\n<!-- \/ Yoast SEO plugin. -->","yoast_head_json":{"title":"Blog SEO y Social Media - Internet Rep\u00fablica -","description":"En nuestro blog SEO puedes encontrar todo lo relacionado con el marketing digital: SEO, social media, innovaci\u00f3n, publicidad, estudios, recursos y mucho m\u00e1s...","robots":{"index":"index","follow":"follow","max-snippet":"max-snippet:-1","max-image-preview":"max-image-preview:large","max-video-preview":"max-video-preview:-1"},"canonical":"https:\/\/internetrepublica.com\/blog\/noticias-marketing-digital\/","og_locale":"es_ES","og_type":"article","og_title":"Blog SEO y Social Media - Internet Rep\u00fablica -","og_description":"En nuestro blog SEO puedes encontrar todo lo relacionado con el marketing digital: SEO, social media, innovaci\u00f3n, publicidad, estudios, recursos y mucho m\u00e1s...","og_url":"https:\/\/internetrepublica.com\/blog\/noticias-marketing-digital\/","og_site_name":"Internet Rep\u00fablica","article_modified_time":"2026-02-24T12:40:51+00:00","og_image":[{"url":"https:\/\/internetrepublica.com\/wp-content\/uploads\/2026\/02\/logo_ir_negro-300x150.png","type":"","width":"","height":""}],"twitter_card":"summary_large_image","twitter_misc":{"Tiempo de lectura":"1 minuto"},"schema":{"@context":"https:\/\/schema.org","@graph":[{"@type":"WebPage","@id":"https:\/\/internetrepublica.com\/blog\/noticias-marketing-digital\/","url":"https:\/\/internetrepublica.com\/blog\/noticias-marketing-digital\/","name":"Blog SEO y Social Media - Internet Rep\u00fablica -","isPartOf":{"@id":"https:\/\/internetrepublica.com\/blog\/#website"},"primaryImageOfPage":{"@id":"https:\/\/internetrepublica.com\/blog\/noticias-marketing-digital\/#primaryimage"},"image":{"@id":"https:\/\/internetrepublica.com\/blog\/noticias-marketing-digital\/#primaryimage"},"thumbnailUrl":"https:\/\/internetrepublica.com\/wp-content\/uploads\/2026\/02\/logo_ir_negro-300x150.png","datePublished":"2016-07-14T22:00:00+00:00","dateModified":"2026-02-24T12:40:51+00:00","description":"En nuestro blog SEO puedes encontrar todo lo relacionado con el marketing digital: SEO, social media, innovaci\u00f3n, publicidad, estudios, recursos y mucho m\u00e1s...","breadcrumb":{"@id":"https:\/\/internetrepublica.com\/blog\/noticias-marketing-digital\/#breadcrumb"},"inLanguage":"es","potentialAction":[{"@type":"ReadAction","target":["https:\/\/internetrepublica.com\/blog\/noticias-marketing-digital\/"]}]},{"@type":"ImageObject","inLanguage":"es","@id":"https:\/\/internetrepublica.com\/blog\/noticias-marketing-digital\/#primaryimage","url":"https:\/\/internetrepublica.com\/wp-content\/uploads\/2026\/02\/logo_ir_negro-300x150.png","contentUrl":"https:\/\/internetrepublica.com\/wp-content\/uploads\/2026\/02\/logo_ir_negro-300x150.png"},{"@type":"BreadcrumbList","@id":"https:\/\/internetrepublica.com\/blog\/noticias-marketing-digital\/#breadcrumb","itemListElement":[{"@type":"ListItem","position":1,"name":"Agencia Marketing Digital","item":"https:\/\/internetrepublica.com\/blog\/"},{"@type":"ListItem","position":2,"name":"Noticias Marketing Digital","item":"https:\/\/internetrepublica.com\/blog\/noticias-marketing-digital\/"}]},{"@type":"WebSite","@id":"https:\/\/internetrepublica.com\/blog\/#website","url":"https:\/\/internetrepublica.com\/blog\/","name":"Internet Rep\u00fablica","description":"Agencia SEO y Marketing Digital","potentialAction":[{"@type":"SearchAction","target":{"@type":"EntryPoint","urlTemplate":"https:\/\/internetrepublica.com\/blog\/?s={search_term_string}"},"query-input":{"@type":"PropertyValueSpecification","valueRequired":true,"valueName":"search_term_string"}}],"inLanguage":"es"}]}},"_links":{"self":[{"href":"https:\/\/internetrepublica.com\/blog\/wp-json\/wp\/v2\/pages\/68635","targetHints":{"allow":["GET"]}}],"collection":[{"href":"https:\/\/internetrepublica.com\/blog\/wp-json\/wp\/v2\/pages"}],"about":[{"href":"https:\/\/internetrepublica.com\/blog\/wp-json\/wp\/v2\/types\/page"}],"author":[{"embeddable":true,"href":"https:\/\/internetrepublica.com\/blog\/wp-json\/wp\/v2\/users\/1"}],"replies":[{"embeddable":true,"href":"https:\/\/internetrepublica.com\/blog\/wp-json\/wp\/v2\/comments?post=68635"}],"version-history":[{"count":14,"href":"https:\/\/internetrepublica.com\/blog\/wp-json\/wp\/v2\/pages\/68635\/revisions"}],"predecessor-version":[{"id":78468,"href":"https:\/\/internetrepublica.com\/blog\/wp-json\/wp\/v2\/pages\/68635\/revisions\/78468"}],"wp:attachment":[{"href":"https:\/\/internetrepublica.com\/blog\/wp-json\/wp\/v2\/media?parent=68635"}],"curies":[{"name":"wp","href":"https:\/\/api.w.org\/{rel}","templated":true}]}}