{"id":65602,"date":"2018-05-21T17:13:37","date_gmt":"2018-05-21T15:13:37","guid":{"rendered":"https:\/\/internetrepublica.com\/?page_id=65602"},"modified":"2024-06-04T11:43:21","modified_gmt":"2024-06-04T09:43:21","slug":"aviso-legal","status":"publish","type":"page","link":"https:\/\/internetrepublica.com\/blog\/aviso-legal\/","title":{"rendered":"Aviso Legal"},"content":{"rendered":"<p><strong>1.DATOS DE LA COMPA\u00d1\u00cdA<\/strong><\/p>\n<p>&nbsp;<\/p>\n<p>En cumplimiento con el deber de informaci\u00f3n recogido en el art\u00edculo 10 de la Ley 34\/2002, de 11 de julio, de Servicios de la Sociedad de la Informaci\u00f3n y del Comercio Electr\u00f3nico, a continuaci\u00f3n, se reflejan los siguientes datos:<\/p>\n<p>&nbsp;<\/p>\n<p>El sitio<a href=\"https:\/\/internetrepublica.com\"> www.internetrepublica.com<\/a> (en adelante, el \u201cSitio Web\u201d) es propiedad de la entidad mercantil \u2018INTERNET REP\u00daBLICA S.L.\u2019 (en adelante, \u201cInternet Rep\u00fablica\u201d) con domicilio social en Madrid, calle Alcal\u00e1, 21 &#8211; 8\u00ba izda. 28014, constituida por tiempo indefinido mediante escritura p\u00fablica otorgada ante el Notario de Madrid, D. Santiago Mora Velarde, en fecha 11 de noviembre de 2011, inscrita en el Registro Mercantil de Madrid, al Tomo 29435 Folio 178 Secci\u00f3n 8 Hoja m-529834, Inscripci\u00f3n 1\u00aa y con CIF: B86340262. Direcci\u00f3n de email de contacto: <a href=\"hola@internetrepublica.com\">hola@internetrepublica.com<\/a><\/p>\n<p>&nbsp;<\/p>\n<p><strong>2.OBJETO Y \u00c1MBITO DE APLICACI\u00d3N<\/strong><\/p>\n<p>&nbsp;<\/p>\n<p>Este Aviso Legal regula el acceso y uso a la web de Internet Rep\u00fablica. Internet Rep\u00fablica se reserva el derecho a modificar la presentaci\u00f3n, configuraci\u00f3n y contenidos del Sitio Web y de los Servicios, as\u00ed como las condiciones requeridas para su acceso y\/o utilizaci\u00f3n. El acceso y utilizaci\u00f3n de los contenidos y servicios, tras la entrada en vigor de sus modificaciones o los cambios en las condiciones, implicar\u00e1 la aceptaci\u00f3n de las mismas.<\/p>\n<p>&nbsp;<\/p>\n<p>El acceso y la utilizaci\u00f3n de los contenidos y servicios por los Usuarios pueden encontrarse sometidos a determinadas condiciones particulares que, seg\u00fan los casos, podr\u00edan sustituir, completar y\/o modificar este Aviso Legal. En caso de contradicci\u00f3n, prevalecer\u00e1n los t\u00e9rminos de las condiciones particulares sobre las condiciones generales.<\/p>\n<p>&nbsp;<\/p>\n<p>El simple acceso, navegaci\u00f3n y uso del Sitio Web conlleva y supone la aceptaci\u00f3n por el Usuario de los t\u00e9rminos y condiciones del Aviso Legal.<\/p>\n<p>&nbsp;<\/p>\n<p>En este sentido, se entender\u00e1 por \u201cUsuario\u201d a la persona que acceda, navegue o visualice los contenidos alojados en el Sitio Web y se entender\u00e1 por \u201cUsuario registrado\u201d el que acceda, navegue y se registre para utilizar, alojar y\/o descargar los contenidos y\/o utilizar los Servicios del Sitio Web.<\/p>\n<p>&nbsp;<\/p>\n<p><strong>3.USO DEL PORTAL<\/strong><\/p>\n<p>&nbsp;<\/p>\n<p>El Sitio Web de Internet Rep\u00fablica proporciona el acceso a multitud de informaciones, servicios, programas o datos (en adelante, &#8220;los contenidos&#8221;) en Internet pertenecientes a Internet Rep\u00fablica o a sus licenciantes, a los que el Usuario puede tener acceso. El Usuario asume la responsabilidad del uso del Sitio Web.<\/p>\n<p>&nbsp;<\/p>\n<p>Dicha responsabilidad se extiende al registro que fuese necesario para acceder a determinados servicios o contenidos. En dicho registro el Usuario ser\u00e1 responsable de aportar informaci\u00f3n veraz y l\u00edcita.<\/p>\n<p>&nbsp;<\/p>\n<p>Como consecuencia de este registro, al Usuario se le puede proporcionar una contrase\u00f1a de la que ser\u00e1 responsable, comprometi\u00e9ndose a hacer un uso diligente y confidencial de la misma, y asume en consecuencia cualesquiera da\u00f1os y perjuicios que pudieran derivarse de su uso indebido, as\u00ed como de la cesi\u00f3n, revelaci\u00f3n o extrav\u00edo de la misma. A estos efectos, el acceso a \u00e1reas restringidas y\/o el uso de los servicios y contenidos realizado bajo la contrase\u00f1a de un Usuario registrado se reputar\u00e1n realizados por dicho Usuario registrado, quien responder\u00e1 en todo caso de dicho acceso y uso.<\/p>\n<p>&nbsp;<\/p>\n<p>El Usuario se compromete a hacer un uso adecuado de los contenidos y servicios (como por ejemplo servicios de chat, foros de discusi\u00f3n o grupos de noticias) que Internet Rep\u00fablica ofrece a trav\u00e9s de su Sitio Web y con car\u00e1cter enunciativo pero no limitativo, a no emplearlos para:<\/p>\n<p>&nbsp;<\/p>\n<ol>\n<li style=\"list-style-type: none;\">\n<ol>\n<li style=\"list-style-type: none;\">\n<ol>\n<li style=\"list-style-type: none;\">\n<ol>\n<li>Incurrir en actividades il\u00edcitas, ilegales o contrarias a la buena fe y al orden p\u00fablico.<\/li>\n<li>Difundir contenidos o propaganda de car\u00e1cter racista, xen\u00f3fobo, pornogr\u00e1fico-ilegal, de apolog\u00eda del terrorismo o atentatorio contra los derechos humanos.<\/li>\n<li>Provocar da\u00f1os en los sistemas f\u00edsicos y l\u00f3gicos de Internet Rep\u00fablica, de sus proveedores o de terceras personas, introducir o difundir en la red virus inform\u00e1ticos o cualesquiera otros sistemas f\u00edsicos o l\u00f3gicos que sean susceptibles de provocar los da\u00f1os anteriormente mencionados.<\/li>\n<li>Intentar acceder y, en su caso, utilizar las cuentas de correo electr\u00f3nico de otros usuarios y modificar o manipular sus mensajes. Internet Rep\u00fablica se reserva el derecho de retirar todos aquellos comentarios y aportaciones que vulneren el respeto a la dignidad de la persona, que sean discriminatorios, xen\u00f3fobos, racistas, pornogr\u00e1ficos, que atenten contra la juventud o la infancia, el orden o la seguridad p\u00fablica o que, a su juicio, no resultaran adecuados para su publicaci\u00f3n.<\/li>\n<\/ol>\n<\/li>\n<\/ol>\n<\/li>\n<\/ol>\n<\/li>\n<\/ol>\n<p>&nbsp;<\/p>\n<p>En cualquier caso, Internet Rep\u00fablica no ser\u00e1 responsable de las opiniones vertidas por los usuarios a trav\u00e9s de los foros, chats, u otras herramientas de participaci\u00f3n.<\/p>\n<p>&nbsp;<\/p>\n<p><strong>4.RESPONSABILIDADES Y GARANT\u00cdAS<\/strong><\/p>\n<p>&nbsp;<\/p>\n<p>Internet Rep\u00fablica no puede garantizar la fiabilidad, utilidad, idoneidad o veracidad de los Servicios prestados o de la informaci\u00f3n facilitada a trav\u00e9s del Sitio Web.<\/p>\n<p>&nbsp;<\/p>\n<p>Internet Rep\u00fablica declara que ha adoptado todas las medidas necesarias, dentro de sus posibilidades y del estado de la tecnolog\u00eda, para garantizar el funcionamiento del Sitio Web y evitar la existencia y transmisi\u00f3n de virus y dem\u00e1s componentes da\u00f1inos a los Usuarios.<\/p>\n<p>&nbsp;<\/p>\n<p>No obstante, Internet Rep\u00fablica no garantiza ni se hace responsable de:<\/p>\n<p>&nbsp;<\/p>\n<ol>\n<li style=\"list-style-type: none;\">\n<ol>\n<li style=\"list-style-type: none;\">\n<ol>\n<li style=\"list-style-type: none;\">\n<ol>\n<li>La continuidad de los contenidos del Sitio Web.<\/li>\n<li>La ausencia de errores en los contenidos o servicios.<\/li>\n<li>La ausencia de virus y\/o dem\u00e1s componentes da\u00f1inos en el Sitio Web o en el servidor que lo suministra.<\/li>\n<li>La invulnerabilidad del Sitio Web y\/o la inexpugnabilidad de las medidas de seguridad que se adopten en el mismo.<\/li>\n<li>La falta de utilidad o rendimiento de los contenidos y servicios del Sitio Web;Los da\u00f1os o perjuicios que cause, a s\u00ed mismo o a un tercero, cualquier persona que infringiera las condiciones, normas e instrucciones que Internet Rep\u00fablica establece en el Sitio Web o a trav\u00e9s de la vulneraci\u00f3n de los sistemas de seguridad del Sitio Web.<\/li>\n<\/ol>\n<\/li>\n<\/ol>\n<\/li>\n<\/ol>\n<\/li>\n<\/ol>\n<p>&nbsp;<\/p>\n<p>Si el Usuario tuviera conocimiento de la existencia de alg\u00fan contenido il\u00edcito, ilegal, contrario a las leyes o que pudiera suponer una infracci\u00f3n de derechos de propiedad intelectual y\/o industrial, o de cualquier otro derecho de terceros, deber\u00e1 notificarlo inmediatamente a Internet Rep\u00fablica, para que se pueda proceder a la adopci\u00f3n de las medidas oportunas.<\/p>\n<p>&nbsp;<\/p>\n<p><strong>5.PROPIEDAD INTELECTUAL E INDUSTRIAL<\/strong><\/p>\n<p>&nbsp;<\/p>\n<p>Internet Rep\u00fablica por s\u00ed o como cesionaria, es propietaria de todos los derechos de propiedad intelectual e industrial de sus p\u00e1ginas webs, as\u00ed como de los elementos contenidos en ellas (a t\u00edtulo enunciativo, im\u00e1genes, sonido, audio, v\u00eddeo, software o textos; marcas o logotipos, combinaciones de colores, estructura y dise\u00f1o, selecci\u00f3n de materiales usados, programas de ordenador necesarios para su funcionamiento, acceso y uso, etc.), titularidad de Internet Rep\u00fablica o bien de sus licenciantes. Todos los derechos reservados.<\/p>\n<p>&nbsp;<\/p>\n<p>En virtud de lo dispuesto en los art\u00edculos 8 y 32.1, p\u00e1rrafo segundo, de la Ley de Propiedad Intelectual, quedan expresamente prohibidas la reproducci\u00f3n, la distribuci\u00f3n y la comunicaci\u00f3n p\u00fablica, incluida su modalidad de puesta a disposici\u00f3n, de la totalidad o parte de los contenidos de esta p\u00e1gina web, con fines comerciales, en cualquier soporte y por cualquier medio t\u00e9cnico, sin la autorizaci\u00f3n de Internet Rep\u00fablica. El Usuario se compromete a respetar los derechos de Propiedad Intelectual e Industrial titularidad de Internet Rep\u00fablica. Podr\u00e1 visualizar los elementos del Sitio Web e incluso imprimirlos, copiarlos y almacenarlos en el disco duro de su ordenador o en cualquier otro soporte f\u00edsico siempre y cuando sea, \u00fanica y exclusivamente, para su uso personal y privado. El Usuario deber\u00e1 abstenerse de suprimir, alterar, eludir o manipular cualquier dispositivo de protecci\u00f3n o sistema de seguridad que estuviera instalado en las p\u00e1ginas de Internet Rep\u00fablica.<\/p>\n<p>&nbsp;<\/p>\n<p><strong>6.POL\u00cdTICA DE PRIVACIDAD<\/strong><\/p>\n<p>&nbsp;<\/p>\n<p>El Usuario obtener informaci\u00f3n acerca del tratamiento de datos de car\u00e1cter personal que llevamos a cabo en este Sitio Web, a trav\u00e9s del <a href=\"https:\/\/internetrepublica.com\/politica-privacidad\/\">enlace a la Pol\u00edtica de Privacidad<\/a>.<\/p>\n<p>&nbsp;<\/p>\n<p><strong>7. POL\u00cdTICA DE COOKIES<\/strong><\/p>\n<p>&nbsp;<\/p>\n<p>Internet Rep\u00fablica podr\u00e1 utilizar cookies para personalizar y facilitar al m\u00e1ximo la navegaci\u00f3n del Usuario por su Sitio Web. Para m\u00e1s informaci\u00f3n, el Usuario puede consultar la <a href=\"https:\/\/internetrepublica.com\/politica-de-cookies\/\">Pol\u00edtica de Cookies<\/a> publicada en este Sitio Web.<\/p>\n<p>&nbsp;<\/p>\n<p><strong>8.ENLACES<\/strong><\/p>\n<p>&nbsp;<\/p>\n<p>En el caso de que en el Sitio Web se dispusiesen enlaces o hiperv\u00ednculos hacia otros sitios de Internet, Internet Rep\u00fablica no ejercer\u00e1 ning\u00fan tipo de control sobre dichos sitios y contenidos. En ning\u00fan caso Internet Rep\u00fablica asumir\u00e1 responsabilidad alguna por los contenidos de alg\u00fan enlace perteneciente a un sitio web ajeno, ni garantizar\u00e1 la disponibilidad t\u00e9cnica, calidad, fiabilidad, exactitud, amplitud, veracidad, validez y constitucionalidad de cualquier material o informaci\u00f3n contenida en ninguno de dichos hiperv\u00ednculos u otros sitios de Internet. Igualmente, la inclusi\u00f3n de estas conexiones externas no implicar\u00e1 ning\u00fan tipo de asociaci\u00f3n, fusi\u00f3n o participaci\u00f3n con las entidades conectadas.<\/p>\n<p>&nbsp;<\/p>\n<p>Sin perjuicio de lo anterior, algunos enlaces estar\u00e1n previamente negociados o consensuados con el responsable del contenido enlazado, de forma que se genere una contraprestaci\u00f3n por las acciones realizadas libremente por el Usuario. Esta situaci\u00f3n no afectar\u00e1 en ning\u00fan caso a la exclusi\u00f3n de responsabilidad sobre el contenido enlazado ni a la independencia de este medio de comunicaci\u00f3n.<\/p>\n<p>&nbsp;<\/p>\n<p><strong>9.MODIFICACIONES<\/strong><\/p>\n<p>&nbsp;<\/p>\n<p>Internet Rep\u00fablica se reserva el derecho de efectuar sin previo aviso las modificaciones que considere oportunas en su Sitio Web, pudiendo cambiar, suprimir o a\u00f1adir tanto los contenidos y servicios que se presten a trav\u00e9s de la misma como la forma en la que \u00e9stos aparezcan presentados o localizados en su Sitio web.<\/p>\n<p>&nbsp;<\/p>\n<p><strong>10.DERECHO DE EXCLUSI\u00d3N<\/strong><\/p>\n<p>&nbsp;<\/p>\n<p>Internet Rep\u00fablica se reserva el derecho a denegar o retirar el acceso a su Sitio Web y\/o los servicios ofrecidos sin necesidad de preaviso, a instancia propia o de un tercero, a aquellos usuarios que incumplan las presentes Condiciones Generales de Uso.<\/p>\n<p>&nbsp;<\/p>\n<p><strong>11.GENERALIDADES<\/strong><\/p>\n<p>&nbsp;<\/p>\n<p>Internet Rep\u00fablica perseguir\u00e1 el incumplimiento de las presentes condiciones, as\u00ed como cualquier utilizaci\u00f3n indebida de su Sitio Web ejerciendo todas las acciones civiles y penales que le puedan corresponder en derecho.<\/p>\n<p>&nbsp;<\/p>\n<p>En el caso de que cualquier punto de este Aviso Legal fuera considerado nulo o inaplicable por la Administraci\u00f3n P\u00fablica o Administraci\u00f3n de Justicia, dicha nulidad o inaplicaci\u00f3n no afectar\u00e1 al resto de contenidos del Aviso Legal.<\/p>\n<p>&nbsp;<\/p>\n<p>El no ejercicio o ejecuci\u00f3n por parte de Internet Rep\u00fablica de cualquier derecho o disposici\u00f3n contenida en este Aviso Legal no constituir\u00e1 una renuncia al mismo, salvo reconocimiento y acuerdo expreso y por escrito de Internet Rep\u00fablica.<\/p>\n<p>&nbsp;<\/p>\n<p><strong>12.MODIFICACI\u00d3N DE LAS PRESENTES CONDICIONES Y DURACI\u00d3N<\/strong><\/p>\n<p>&nbsp;<\/p>\n<p>Internet Rep\u00fablica podr\u00e1 modificar en cualquier momento las condiciones aqu\u00ed determinadas, siendo debidamente publicadas como aqu\u00ed aparecen. La vigencia de las citadas condiciones ir\u00e1 en funci\u00f3n de su exposici\u00f3n y estar\u00e1n vigentes hasta que sean modificadas por otras debidamente publicadas.<\/p>\n<p>&nbsp;<\/p>\n<p><strong>13.JURISDICCI\u00d3N<\/strong><\/p>\n<p>&nbsp;<\/p>\n<p>Los Usuarios e Internet Rep\u00fablica se someten a los Juzgados y Tribunales de Madrid (Espa\u00f1a) para la resoluci\u00f3n de los conflictos y con renuncia a cualquier otro fuero que les pueda ser aplicable.<\/p>\n<p>&nbsp;<\/p>\n<p>Este Aviso Legal ha sido revisado y publicado a fecha 24 de mayo de 2018.<\/p>\n","protected":false},"excerpt":{"rendered":"<p>1.DATOS DE LA COMPA\u00d1\u00cdA &nbsp; En cumplimiento con el deber de informaci\u00f3n recogido en el art\u00edculo 10 de la Ley 34\/2002, de 11 de julio,&#8230;<\/p>\n","protected":false},"author":3,"featured_media":0,"parent":0,"menu_order":0,"comment_status":"closed","ping_status":"closed","template":"","meta":{"content-type":"","inline_featured_image":false,"footnotes":""},"class_list":["post-65602","page","type-page","status-publish","hentry"],"yoast_head":"<!-- This site is optimized with the Yoast SEO plugin v27.2 - https:\/\/yoast.com\/product\/yoast-seo-wordpress\/ -->\n<title>Aviso Legal - Internet Rep\u00fablica<\/title>\n<meta name=\"description\" content=\"1.DATOS DE LA COMPA\u00d1\u00cdA &nbsp; En cumplimiento con el deber de informaci\u00f3n recogido en el art\u00edculo 10 de la Ley 34\/2002, de 11 de julio, de Servicios de la\" \/>\n<meta name=\"robots\" content=\"noindex, follow\" \/>\n<meta property=\"og:locale\" content=\"es_ES\" \/>\n<meta property=\"og:type\" content=\"article\" \/>\n<meta property=\"og:title\" content=\"Aviso Legal - Internet Rep\u00fablica\" \/>\n<meta property=\"og:description\" content=\"1.DATOS DE LA COMPA\u00d1\u00cdA &nbsp; En cumplimiento con el deber de informaci\u00f3n recogido en el art\u00edculo 10 de la Ley 34\/2002, de 11 de julio, de Servicios de la\" \/>\n<meta property=\"og:url\" content=\"https:\/\/internetrepublica.com\/blog\/aviso-legal\/\" \/>\n<meta property=\"og:site_name\" content=\"Internet Rep\u00fablica\" \/>\n<meta property=\"article:modified_time\" content=\"2024-06-04T09:43:21+00:00\" \/>\n<meta property=\"og:image\" content=\"https:\/\/internetrepublica.com\/blog\/wp-content\/uploads\/2022\/05\/destacado.jpg\" \/>\n\t<meta property=\"og:image:width\" content=\"489\" \/>\n\t<meta property=\"og:image:height\" content=\"299\" \/>\n\t<meta property=\"og:image:type\" content=\"image\/jpeg\" \/>\n<meta name=\"twitter:card\" content=\"summary_large_image\" \/>\n<meta name=\"twitter:label1\" content=\"Tiempo de lectura\" \/>\n\t<meta name=\"twitter:data1\" content=\"8 minutos\" \/>\n<script type=\"application\/ld+json\" class=\"yoast-schema-graph\">{\"@context\":\"https:\/\/schema.org\",\"@graph\":[{\"@type\":\"WebPage\",\"@id\":\"https:\/\/internetrepublica.com\/blog\/aviso-legal\/\",\"url\":\"https:\/\/internetrepublica.com\/blog\/aviso-legal\/\",\"name\":\"Aviso Legal - Internet Rep\u00fablica\",\"isPartOf\":{\"@id\":\"https:\/\/internetrepublica.com\/blog\/#website\"},\"datePublished\":\"2018-05-21T15:13:37+00:00\",\"dateModified\":\"2024-06-04T09:43:21+00:00\",\"description\":\"1.DATOS DE LA COMPA\u00d1\u00cdA &nbsp; En cumplimiento con el deber de informaci\u00f3n recogido en el art\u00edculo 10 de la Ley 34\/2002, de 11 de julio, de Servicios de la\",\"breadcrumb\":{\"@id\":\"https:\/\/internetrepublica.com\/blog\/aviso-legal\/#breadcrumb\"},\"inLanguage\":\"es\",\"potentialAction\":[{\"@type\":\"ReadAction\",\"target\":[\"https:\/\/internetrepublica.com\/blog\/aviso-legal\/\"]}]},{\"@type\":\"BreadcrumbList\",\"@id\":\"https:\/\/internetrepublica.com\/blog\/aviso-legal\/#breadcrumb\",\"itemListElement\":[{\"@type\":\"ListItem\",\"position\":1,\"name\":\"Agencia Marketing Digital\",\"item\":\"https:\/\/internetrepublica.com\/blog\/\"},{\"@type\":\"ListItem\",\"position\":2,\"name\":\"Aviso Legal\",\"item\":\"https:\/\/internetrepublica.com\/blog\/aviso-legal\/\"}]},{\"@type\":\"WebSite\",\"@id\":\"https:\/\/internetrepublica.com\/blog\/#website\",\"url\":\"https:\/\/internetrepublica.com\/blog\/\",\"name\":\"Internet Rep\u00fablica\",\"description\":\"Agencia SEO y Marketing Digital\",\"potentialAction\":[{\"@type\":\"SearchAction\",\"target\":{\"@type\":\"EntryPoint\",\"urlTemplate\":\"https:\/\/internetrepublica.com\/blog\/?s={search_term_string}\"},\"query-input\":{\"@type\":\"PropertyValueSpecification\",\"valueRequired\":true,\"valueName\":\"search_term_string\"}}],\"inLanguage\":\"es\"}]}<\/script>\n<!-- \/ Yoast SEO plugin. -->","yoast_head_json":{"title":"Aviso Legal - Internet Rep\u00fablica","description":"1.DATOS DE LA COMPA\u00d1\u00cdA &nbsp; En cumplimiento con el deber de informaci\u00f3n recogido en el art\u00edculo 10 de la Ley 34\/2002, de 11 de julio, de Servicios de la","robots":{"index":"noindex","follow":"follow"},"og_locale":"es_ES","og_type":"article","og_title":"Aviso Legal - Internet Rep\u00fablica","og_description":"1.DATOS DE LA COMPA\u00d1\u00cdA &nbsp; En cumplimiento con el deber de informaci\u00f3n recogido en el art\u00edculo 10 de la Ley 34\/2002, de 11 de julio, de Servicios de la","og_url":"https:\/\/internetrepublica.com\/blog\/aviso-legal\/","og_site_name":"Internet Rep\u00fablica","article_modified_time":"2024-06-04T09:43:21+00:00","og_image":[{"width":489,"height":299,"url":"https:\/\/internetrepublica.com\/blog\/wp-content\/uploads\/2022\/05\/destacado.jpg","type":"image\/jpeg"}],"twitter_card":"summary_large_image","twitter_misc":{"Tiempo de lectura":"8 minutos"},"schema":{"@context":"https:\/\/schema.org","@graph":[{"@type":"WebPage","@id":"https:\/\/internetrepublica.com\/blog\/aviso-legal\/","url":"https:\/\/internetrepublica.com\/blog\/aviso-legal\/","name":"Aviso Legal - Internet Rep\u00fablica","isPartOf":{"@id":"https:\/\/internetrepublica.com\/blog\/#website"},"datePublished":"2018-05-21T15:13:37+00:00","dateModified":"2024-06-04T09:43:21+00:00","description":"1.DATOS DE LA COMPA\u00d1\u00cdA &nbsp; En cumplimiento con el deber de informaci\u00f3n recogido en el art\u00edculo 10 de la Ley 34\/2002, de 11 de julio, de Servicios de la","breadcrumb":{"@id":"https:\/\/internetrepublica.com\/blog\/aviso-legal\/#breadcrumb"},"inLanguage":"es","potentialAction":[{"@type":"ReadAction","target":["https:\/\/internetrepublica.com\/blog\/aviso-legal\/"]}]},{"@type":"BreadcrumbList","@id":"https:\/\/internetrepublica.com\/blog\/aviso-legal\/#breadcrumb","itemListElement":[{"@type":"ListItem","position":1,"name":"Agencia Marketing Digital","item":"https:\/\/internetrepublica.com\/blog\/"},{"@type":"ListItem","position":2,"name":"Aviso Legal","item":"https:\/\/internetrepublica.com\/blog\/aviso-legal\/"}]},{"@type":"WebSite","@id":"https:\/\/internetrepublica.com\/blog\/#website","url":"https:\/\/internetrepublica.com\/blog\/","name":"Internet Rep\u00fablica","description":"Agencia SEO y Marketing Digital","potentialAction":[{"@type":"SearchAction","target":{"@type":"EntryPoint","urlTemplate":"https:\/\/internetrepublica.com\/blog\/?s={search_term_string}"},"query-input":{"@type":"PropertyValueSpecification","valueRequired":true,"valueName":"search_term_string"}}],"inLanguage":"es"}]}},"_links":{"self":[{"href":"https:\/\/internetrepublica.com\/blog\/wp-json\/wp\/v2\/pages\/65602","targetHints":{"allow":["GET"]}}],"collection":[{"href":"https:\/\/internetrepublica.com\/blog\/wp-json\/wp\/v2\/pages"}],"about":[{"href":"https:\/\/internetrepublica.com\/blog\/wp-json\/wp\/v2\/types\/page"}],"author":[{"embeddable":true,"href":"https:\/\/internetrepublica.com\/blog\/wp-json\/wp\/v2\/users\/3"}],"replies":[{"embeddable":true,"href":"https:\/\/internetrepublica.com\/blog\/wp-json\/wp\/v2\/comments?post=65602"}],"version-history":[{"count":7,"href":"https:\/\/internetrepublica.com\/blog\/wp-json\/wp\/v2\/pages\/65602\/revisions"}],"predecessor-version":[{"id":71479,"href":"https:\/\/internetrepublica.com\/blog\/wp-json\/wp\/v2\/pages\/65602\/revisions\/71479"}],"wp:attachment":[{"href":"https:\/\/internetrepublica.com\/blog\/wp-json\/wp\/v2\/media?parent=65602"}],"curies":[{"name":"wp","href":"https:\/\/api.w.org\/{rel}","templated":true}]}}