{"id":63775,"date":"2017-09-11T10:43:06","date_gmt":"2017-09-11T08:43:06","guid":{"rendered":"https:\/\/internetrepublica.com\/?page_id=63775"},"modified":"2020-09-22T15:45:31","modified_gmt":"2020-09-22T13:45:31","slug":"gracias","status":"publish","type":"page","link":"https:\/\/internetrepublica.com\/blog\/gracias\/","title":{"rendered":"Gracias master"},"content":{"rendered":"<div class=\"wpb-content-wrapper\"><p>[vc_row row_type=&#8221;row&#8221; use_row_as_full_screen_section=&#8221;yes&#8221; type=&#8221;full_width&#8221; text_align=&#8221;center&#8221; background_image=&#8221;63776&#8243; css_animation=&#8221;&#8221; box_shadow_on_row=&#8221;no&#8221; el_class=&#8221;back_gracias&#8221;][vc_column css=&#8221;.vc_custom_1505132988741{padding-top: 50px !important;padding-right: 50px !important;padding-bottom: 50px !important;padding-left: 50px !important;}&#8221; el_class=&#8221;p-gracias&#8221;][vc_column_text css=&#8221;.vc_custom_1505134110197{padding-top: 50px !important;padding-bottom: 50px !important;background-position: center !important;background-repeat: no-repeat !important;background-size: cover !important;}&#8221; el_class=&#8221;p-one&#8221;]<\/p>\n<p style=\"color: #ffffff; font-size: 40px; font-family: Oswald; text-align: center; padding-bottom: 50px; line-height: 50px;\">Hemos recibido tu petici\u00f3n de informaci\u00f3n<\/p>\n<p>[\/vc_column_text][vc_column_text css=&#8221;.vc_custom_1505134131361{background-image: url(https:\/\/internetrepublica.com\/wp-content\/uploads\/2017\/09\/back_master.jpg?id=63776) !important;background-position: center !important;background-repeat: no-repeat !important;background-size: cover !important;}&#8221; el_class=&#8221;p-two&#8221;]<\/p>\n<p style=\"text-align: center; color: #ffffff; font-size: 60px; font-family: 'Oswald'; padding-bottom: 50px; line-height: 60px;\">\u00a1Muchas gracias!<\/p>\n<p>[\/vc_column_text][vc_column_text css=&#8221;.vc_custom_1505134118736{background-image: url(https:\/\/internetrepublica.com\/wp-content\/uploads\/2017\/09\/back_master.jpg?id=63776) !important;background-position: center !important;background-repeat: no-repeat !important;background-size: cover !important;}&#8221; el_class=&#8221;p-one&#8221;]<\/p>\n<p style=\"color: #ffffff; font-size: 40px; font-family: Oswald; text-align: center; line-height: 50px;\">Nos pondremos en contacto contigo lo antes posible para aclarar tus dudas<\/p>\n<\/div>","protected":false},"excerpt":{"rendered":"<p>[vc_row row_type=&#8221;row&#8221; use_row_as_full_screen_section=&#8221;yes&#8221; type=&#8221;full_width&#8221; text_align=&#8221;center&#8221; background_image=&#8221;63776&#8243; css_animation=&#8221;&#8221; box_shadow_on_row=&#8221;no&#8221; el_class=&#8221;back_gracias&#8221;][vc_column css=&#8221;.vc_custom_1505132988741{padding-top: 50px !important;padding-right: 50px !important;padding-bottom: 50px !important;padding-left: 50px !important;}&#8221; el_class=&#8221;p-gracias&#8221;][vc_column_text css=&#8221;.vc_custom_1505134110197{padding-top: 50px !important;padding-bottom: 50px !important;background-position: center&#8230;<\/p>\n","protected":false},"author":1,"featured_media":0,"parent":0,"menu_order":0,"comment_status":"closed","ping_status":"closed","template":"full_width.php","meta":{"content-type":"","inline_featured_image":false,"footnotes":""},"class_list":["post-63775","page","type-page","status-publish","hentry"],"yoast_head":"<!-- This site is optimized with the Yoast SEO plugin v27.2 - https:\/\/yoast.com\/product\/yoast-seo-wordpress\/ -->\n<title>Gracias master - Internet Rep\u00fablica<\/title>\n<meta name=\"description\" content=\"Hemos recibido tu petici\u00f3n de informaci\u00f3n  \u00a1Muchas gracias!  Nos pondremos en contacto contigo lo antes posible para aclarar tus dudas\" \/>\n<meta name=\"robots\" content=\"index, follow, max-snippet:-1, max-image-preview:large, max-video-preview:-1\" \/>\n<link rel=\"canonical\" href=\"https:\/\/internetrepublica.com\/blog\/gracias\/\" \/>\n<meta property=\"og:locale\" content=\"es_ES\" \/>\n<meta property=\"og:type\" content=\"article\" \/>\n<meta property=\"og:title\" content=\"Gracias master - Internet Rep\u00fablica\" \/>\n<meta property=\"og:description\" content=\"Hemos recibido tu petici\u00f3n de informaci\u00f3n  \u00a1Muchas gracias!  Nos pondremos en contacto contigo lo antes posible para aclarar tus dudas\" \/>\n<meta property=\"og:url\" content=\"https:\/\/internetrepublica.com\/blog\/gracias\/\" \/>\n<meta property=\"og:site_name\" content=\"Internet Rep\u00fablica\" \/>\n<meta property=\"article:modified_time\" content=\"2020-09-22T13:45:31+00:00\" \/>\n<meta property=\"og:image\" content=\"https:\/\/internetrepublica.com\/blog\/wp-content\/uploads\/2022\/05\/destacado.jpg\" \/>\n\t<meta property=\"og:image:width\" content=\"489\" \/>\n\t<meta property=\"og:image:height\" content=\"299\" \/>\n\t<meta property=\"og:image:type\" content=\"image\/jpeg\" \/>\n<meta name=\"twitter:card\" content=\"summary_large_image\" \/>\n<meta name=\"twitter:label1\" content=\"Tiempo de lectura\" \/>\n\t<meta name=\"twitter:data1\" content=\"1 minuto\" \/>\n<script type=\"application\/ld+json\" class=\"yoast-schema-graph\">{\"@context\":\"https:\/\/schema.org\",\"@graph\":[{\"@type\":\"WebPage\",\"@id\":\"https:\/\/internetrepublica.com\/blog\/gracias\/\",\"url\":\"https:\/\/internetrepublica.com\/blog\/gracias\/\",\"name\":\"Gracias master - Internet Rep\u00fablica\",\"isPartOf\":{\"@id\":\"https:\/\/internetrepublica.com\/blog\/#website\"},\"datePublished\":\"2017-09-11T08:43:06+00:00\",\"dateModified\":\"2020-09-22T13:45:31+00:00\",\"description\":\"Hemos recibido tu petici\u00f3n de informaci\u00f3n \u00a1Muchas gracias! Nos pondremos en contacto contigo lo antes posible para aclarar tus dudas\",\"breadcrumb\":{\"@id\":\"https:\/\/internetrepublica.com\/blog\/gracias\/#breadcrumb\"},\"inLanguage\":\"es\",\"potentialAction\":[{\"@type\":\"ReadAction\",\"target\":[\"https:\/\/internetrepublica.com\/blog\/gracias\/\"]}]},{\"@type\":\"BreadcrumbList\",\"@id\":\"https:\/\/internetrepublica.com\/blog\/gracias\/#breadcrumb\",\"itemListElement\":[{\"@type\":\"ListItem\",\"position\":1,\"name\":\"Agencia Marketing Digital\",\"item\":\"https:\/\/internetrepublica.com\/blog\/\"},{\"@type\":\"ListItem\",\"position\":2,\"name\":\"Gracias master\",\"item\":\"https:\/\/internetrepublica.com\/blog\/gracias\/\"}]},{\"@type\":\"WebSite\",\"@id\":\"https:\/\/internetrepublica.com\/blog\/#website\",\"url\":\"https:\/\/internetrepublica.com\/blog\/\",\"name\":\"Internet Rep\u00fablica\",\"description\":\"Agencia SEO y Marketing Digital\",\"potentialAction\":[{\"@type\":\"SearchAction\",\"target\":{\"@type\":\"EntryPoint\",\"urlTemplate\":\"https:\/\/internetrepublica.com\/blog\/?s={search_term_string}\"},\"query-input\":{\"@type\":\"PropertyValueSpecification\",\"valueRequired\":true,\"valueName\":\"search_term_string\"}}],\"inLanguage\":\"es\"}]}<\/script>\n<!-- \/ Yoast SEO plugin. -->","yoast_head_json":{"title":"Gracias master - Internet Rep\u00fablica","description":"Hemos recibido tu petici\u00f3n de informaci\u00f3n  \u00a1Muchas gracias!  Nos pondremos en contacto contigo lo antes posible para aclarar tus dudas","robots":{"index":"index","follow":"follow","max-snippet":"max-snippet:-1","max-image-preview":"max-image-preview:large","max-video-preview":"max-video-preview:-1"},"canonical":"https:\/\/internetrepublica.com\/blog\/gracias\/","og_locale":"es_ES","og_type":"article","og_title":"Gracias master - Internet Rep\u00fablica","og_description":"Hemos recibido tu petici\u00f3n de informaci\u00f3n  \u00a1Muchas gracias!  Nos pondremos en contacto contigo lo antes posible para aclarar tus dudas","og_url":"https:\/\/internetrepublica.com\/blog\/gracias\/","og_site_name":"Internet Rep\u00fablica","article_modified_time":"2020-09-22T13:45:31+00:00","og_image":[{"width":489,"height":299,"url":"https:\/\/internetrepublica.com\/blog\/wp-content\/uploads\/2022\/05\/destacado.jpg","type":"image\/jpeg"}],"twitter_card":"summary_large_image","twitter_misc":{"Tiempo de lectura":"1 minuto"},"schema":{"@context":"https:\/\/schema.org","@graph":[{"@type":"WebPage","@id":"https:\/\/internetrepublica.com\/blog\/gracias\/","url":"https:\/\/internetrepublica.com\/blog\/gracias\/","name":"Gracias master - Internet Rep\u00fablica","isPartOf":{"@id":"https:\/\/internetrepublica.com\/blog\/#website"},"datePublished":"2017-09-11T08:43:06+00:00","dateModified":"2020-09-22T13:45:31+00:00","description":"Hemos recibido tu petici\u00f3n de informaci\u00f3n \u00a1Muchas gracias! Nos pondremos en contacto contigo lo antes posible para aclarar tus dudas","breadcrumb":{"@id":"https:\/\/internetrepublica.com\/blog\/gracias\/#breadcrumb"},"inLanguage":"es","potentialAction":[{"@type":"ReadAction","target":["https:\/\/internetrepublica.com\/blog\/gracias\/"]}]},{"@type":"BreadcrumbList","@id":"https:\/\/internetrepublica.com\/blog\/gracias\/#breadcrumb","itemListElement":[{"@type":"ListItem","position":1,"name":"Agencia Marketing Digital","item":"https:\/\/internetrepublica.com\/blog\/"},{"@type":"ListItem","position":2,"name":"Gracias master","item":"https:\/\/internetrepublica.com\/blog\/gracias\/"}]},{"@type":"WebSite","@id":"https:\/\/internetrepublica.com\/blog\/#website","url":"https:\/\/internetrepublica.com\/blog\/","name":"Internet Rep\u00fablica","description":"Agencia SEO y Marketing Digital","potentialAction":[{"@type":"SearchAction","target":{"@type":"EntryPoint","urlTemplate":"https:\/\/internetrepublica.com\/blog\/?s={search_term_string}"},"query-input":{"@type":"PropertyValueSpecification","valueRequired":true,"valueName":"search_term_string"}}],"inLanguage":"es"}]}},"_links":{"self":[{"href":"https:\/\/internetrepublica.com\/blog\/wp-json\/wp\/v2\/pages\/63775","targetHints":{"allow":["GET"]}}],"collection":[{"href":"https:\/\/internetrepublica.com\/blog\/wp-json\/wp\/v2\/pages"}],"about":[{"href":"https:\/\/internetrepublica.com\/blog\/wp-json\/wp\/v2\/types\/page"}],"author":[{"embeddable":true,"href":"https:\/\/internetrepublica.com\/blog\/wp-json\/wp\/v2\/users\/1"}],"replies":[{"embeddable":true,"href":"https:\/\/internetrepublica.com\/blog\/wp-json\/wp\/v2\/comments?post=63775"}],"version-history":[{"count":21,"href":"https:\/\/internetrepublica.com\/blog\/wp-json\/wp\/v2\/pages\/63775\/revisions"}],"predecessor-version":[{"id":71468,"href":"https:\/\/internetrepublica.com\/blog\/wp-json\/wp\/v2\/pages\/63775\/revisions\/71468"}],"wp:attachment":[{"href":"https:\/\/internetrepublica.com\/blog\/wp-json\/wp\/v2\/media?parent=63775"}],"curies":[{"name":"wp","href":"https:\/\/api.w.org\/{rel}","templated":true}]}}